{"id":3189,"date":"2025-02-01T11:14:56","date_gmt":"2025-02-01T11:14:56","guid":{"rendered":"https:\/\/dolcejewellery.com\/product\/romantic-butterfly-bracelet\/"},"modified":"2025-11-12T14:44:53","modified_gmt":"2025-11-12T13:44:53","slug":"romantic-butterfly-bracelet","status":"publish","type":"product","link":"https:\/\/dolcejewellery.com\/fr\/produit\/romantic-butterfly-bracelet\/","title":{"rendered":"Bracelet Papillon Romantique"},"content":{"rendered":"<h1><strong>Description et d\u00e9tails<\/strong><\/h1>\n<p><strong>Dolce Jewellery, Bracelet Papillon Romantique.<\/strong><\/p>\n<p>On le sait et vous le savez : vous n&#039;utilisez plus votre vieille montre pour regarder l&#039;heure. Pourquoi ne pas la remplacer par quelque chose d&#039;un peu plus\u2026 original ? Ce joli bracelet papillon bleu plaqu\u00e9 or, orn\u00e9 de diamants zircons scintillants et d&#039;une cha\u00eene \u00e0 maillons dor\u00e9s, vous aidera \u00e0 arr\u00eater de faire semblant. Si on vous le demande, il est 13h30.<\/p>\n<p>Le bracelet est en v\u00e9ritable argent sterling 925.<\/p>\n<p>Disponible uniquement en une seule couleur : Or.<\/p>\n<p><strong>Type de produit :\u00a0<\/strong>Bracelets<\/p>\n<p><strong>Nom du produit :\u00a0<\/strong>Bracelet Papillon Romantique<\/p>\n<p><strong>Pierre: <\/strong>Diamants Zircon<\/p>\n<p><strong>Mat\u00e9riel:\u00a0<\/strong>100% Argent sterling 925<\/p>\n<p><strong>Longueurs :\u00a0<\/strong>la longueur du bracelet est d&#039;environ 16,5 cm (6,5 pouces), la longueur de la cha\u00eene d&#039;extension est d&#039;environ 4,5 cm (1,8 pouces)<\/p>\n<p><strong>Article:\u00a0<\/strong>BKSL018<\/p>\n<p><img decoding=\"async\" src=\"https:\/\/cdn.shopify.com\/s\/files\/1\/0559\/8819\/1417\/files\/BKSL018_480x480.png?v=1629203710\" alt=\"\" \/><\/p>","protected":false},"excerpt":{"rendered":"<p>Description &amp; Details Dolce Jewellery,\u00a0Romantic Butterfly Bracelet. We know it and you know it: you no longer use your old watch to check the time. Why not replace it with something a little more&#8230; interesting? This gold-plated cute blue butterfly\u00a0bracelet, with sparkly zircon diamonds and a golden link chain, will help you stop pretending. If [&#8230;]\n","protected":false},"featured_media":6755,"comment_status":"open","ping_status":"closed","template":"","meta":[],"product_brand":[],"product_cat":[31,29],"product_tag":[],"class_list":{"0":"post-3189","1":"product","2":"type-product","3":"status-publish","4":"has-post-thumbnail","6":"product_cat-bracelets","7":"product_cat-shop-all","9":"first","10":"instock","11":"shipping-taxable","12":"purchasable","13":"product-type-simple"},"_links":{"self":[{"href":"https:\/\/dolcejewellery.com\/fr\/wp-json\/wp\/v2\/product\/3189","targetHints":{"allow":["GET"]}}],"collection":[{"href":"https:\/\/dolcejewellery.com\/fr\/wp-json\/wp\/v2\/product"}],"about":[{"href":"https:\/\/dolcejewellery.com\/fr\/wp-json\/wp\/v2\/types\/product"}],"replies":[{"embeddable":true,"href":"https:\/\/dolcejewellery.com\/fr\/wp-json\/wp\/v2\/comments?post=3189"}],"wp:featuredmedia":[{"embeddable":true,"href":"https:\/\/dolcejewellery.com\/fr\/wp-json\/wp\/v2\/media\/6755"}],"wp:attachment":[{"href":"https:\/\/dolcejewellery.com\/fr\/wp-json\/wp\/v2\/media?parent=3189"}],"wp:term":[{"taxonomy":"product_brand","embeddable":true,"href":"https:\/\/dolcejewellery.com\/fr\/wp-json\/wp\/v2\/product_brand?post=3189"},{"taxonomy":"product_cat","embeddable":true,"href":"https:\/\/dolcejewellery.com\/fr\/wp-json\/wp\/v2\/product_cat?post=3189"},{"taxonomy":"product_tag","embeddable":true,"href":"https:\/\/dolcejewellery.com\/fr\/wp-json\/wp\/v2\/product_tag?post=3189"}],"curies":[{"name":"wp","href":"https:\/\/api.w.org\/{rel}","templated":true}]}}