{"id":3176,"date":"2025-02-01T11:14:54","date_gmt":"2025-02-01T11:14:54","guid":{"rendered":"https:\/\/dolcejewellery.com\/product\/punk-rock-link-bracelet\/"},"modified":"2025-11-12T15:25:20","modified_gmt":"2025-11-12T14:25:20","slug":"punk-rock-link-bracelet","status":"publish","type":"product","link":"https:\/\/dolcejewellery.com\/fr\/produit\/punk-rock-link-bracelet\/","title":{"rendered":"Bracelet \u00e0 maillons punk rock"},"content":{"rendered":"<h1><strong>Description et d\u00e9tails<\/strong><\/h1>\n<p><strong>Dolce Jewellery, Bracelet \u00e0 maillons Punk Rock.<\/strong><\/p>\n<p>Affichez votre style avec notre bracelet \u00e0 maillons Punk Rock. Fabriqu\u00e9 en argent sterling 925 v\u00e9ritable, ce bracelet d\u00e9gage une allure rebelle et avant-gardiste, parfait pour celles qui aiment affirmer leur style unique.<\/p>\n<p>La pi\u00e8ce ma\u00eetresse du bracelet est sa cha\u00eene \u00e0 maillons \u00e9pais, rappelant les tendances punk et hip-hop. Chaque maillon est m\u00e9ticuleusement travaill\u00e9 pour un look puissant et percutant. Sa construction robuste garantit sa durabilit\u00e9, vous permettant de porter ce bracelet en toute confiance.<\/p>\n<p>Con\u00e7u pour les f\u00eates et les occasions sp\u00e9ciales, ce bracelet ajoute une touche d&#039;\u00e9l\u00e9gance et de glamour \u00e0 votre tenue. Que vous optiez pour un look rock ou que vous souhaitiez ajouter une touche d&#039;audace \u00e0 votre tenue, ce bracelet fera tourner les t\u00eates.<\/p>\n<p>La polyvalence de ce bracelet vous permet de l&#039;associer \u00e0 d&#039;autres accessoires ou de le porter seul comme une pi\u00e8ce ma\u00eetresse. Sa finition \u00e9l\u00e9gante et brillante rehausse son attrait visuel et s&#039;adapte \u00e0 une grande vari\u00e9t\u00e9 de styles.<\/p>\n<p>Exprimez votre individualit\u00e9 et adoptez l&#039;esprit punk rock avec le bracelet Punk Rock Link de Dolce Jewellery. Il incarnera votre personnalit\u00e9 unique et votre sens intr\u00e9pide de la mode. R\u00e9v\u00e9lez la rock star qui sommeille en vous et affirmez votre style avec ce bracelet accrocheur.<\/p>\n<p><strong>Type de produit : <\/strong>Bracelets<\/p>\n<p><strong>Nom du produit :\u00a0<\/strong>Bracelet \u00e0 maillons punk rock<\/p>\n<p><strong>Mat\u00e9riel: <\/strong>100% Argent sterling 925<\/p>\n<p><strong>Longueur: <\/strong>La longueur du bracelet est de 18 cm (7,1 pouces), la longueur de la cha\u00eene d&#039;extension est de 3,5 cm (1,4 pouces)<\/p>\n<p><strong>Article:\u00a0<\/strong>BKSL105<\/p>\n<p><img decoding=\"async\" src=\"https:\/\/cdn.shopify.com\/s\/files\/1\/0559\/8819\/1417\/files\/891301bb-9b85-4e61-96c1-50c7ac22a215_480x480.png?v=1689692812\" alt=\"\" \/><\/p>","protected":false},"excerpt":{"rendered":"<p>Description &amp; Details Dolce Jewellery,\u00a0Punk Rock Link Bracelet. Make a bold statement with our Punk Rock Link Bracelet. Crafted from genuine 925 sterling silver, this bracelet exudes a rebellious and edgy vibe, perfect for those who love to embrace their unique style. The centerpiece of the bracelet is the chunky link chain design, reminiscent of [&#8230;]\n","protected":false},"featured_media":6783,"comment_status":"open","ping_status":"closed","template":"","meta":[],"product_brand":[],"product_cat":[31,29],"product_tag":[],"class_list":{"0":"post-3176","1":"product","2":"type-product","3":"status-publish","4":"has-post-thumbnail","6":"product_cat-bracelets","7":"product_cat-shop-all","9":"first","10":"instock","11":"shipping-taxable","12":"purchasable","13":"product-type-simple"},"_links":{"self":[{"href":"https:\/\/dolcejewellery.com\/fr\/wp-json\/wp\/v2\/product\/3176","targetHints":{"allow":["GET"]}}],"collection":[{"href":"https:\/\/dolcejewellery.com\/fr\/wp-json\/wp\/v2\/product"}],"about":[{"href":"https:\/\/dolcejewellery.com\/fr\/wp-json\/wp\/v2\/types\/product"}],"replies":[{"embeddable":true,"href":"https:\/\/dolcejewellery.com\/fr\/wp-json\/wp\/v2\/comments?post=3176"}],"wp:featuredmedia":[{"embeddable":true,"href":"https:\/\/dolcejewellery.com\/fr\/wp-json\/wp\/v2\/media\/6783"}],"wp:attachment":[{"href":"https:\/\/dolcejewellery.com\/fr\/wp-json\/wp\/v2\/media?parent=3176"}],"wp:term":[{"taxonomy":"product_brand","embeddable":true,"href":"https:\/\/dolcejewellery.com\/fr\/wp-json\/wp\/v2\/product_brand?post=3176"},{"taxonomy":"product_cat","embeddable":true,"href":"https:\/\/dolcejewellery.com\/fr\/wp-json\/wp\/v2\/product_cat?post=3176"},{"taxonomy":"product_tag","embeddable":true,"href":"https:\/\/dolcejewellery.com\/fr\/wp-json\/wp\/v2\/product_tag?post=3176"}],"curies":[{"name":"wp","href":"https:\/\/api.w.org\/{rel}","templated":true}]}}