{"id":3173,"date":"2025-02-01T11:14:54","date_gmt":"2025-02-01T11:14:54","guid":{"rendered":"https:\/\/dolcejewellery.com\/product\/punk-glamour-bracelet\/"},"modified":"2025-11-12T14:52:05","modified_gmt":"2025-11-12T13:52:05","slug":"punk-glamour-bracelet","status":"publish","type":"product","link":"https:\/\/dolcejewellery.com\/fr\/produit\/punk-glamour-bracelet\/","title":{"rendered":"Bracelet Punk Glamour"},"content":{"rendered":"<h1><strong>Description et d\u00e9tails<\/strong><\/h1>\n<p><strong>Dolce Jewellery, Bracelet Punk Glamour.<\/strong><\/p>\n<p>R\u00e9v\u00e9lez le rebelle qui sommeille en vous avec le bracelet Punk Glamour. Ce bracelet audacieux et \u00e9l\u00e9gant est fabriqu\u00e9 en argent sterling 925 v\u00e9ritable, alliant durabilit\u00e9 et \u00e9l\u00e9gance.<\/p>\n<p>La cha\u00eene \u00e0 maillons doubles ajoute une touche audacieuse et unique au bracelet, capturant l&#039;essence m\u00eame de la mode gothique. Sa boucle OT renforce encore son attrait affirm\u00e9, en faisant un bijou exceptionnel.<\/p>\n<p>Sublimez votre style avec cet accessoire \u00e0 la fois \u00e9l\u00e9gant et rebelle. Le bracelet Punk Glamour est parfait pour celles qui souhaitent affirmer leur personnalit\u00e9 et afficher leur individualit\u00e9. Que vous participiez \u00e0 un \u00e9v\u00e9nement punk, \u00e0 une soir\u00e9e entre amis ou que vous souhaitiez simplement ajouter une touche d&#039;audace \u00e0 votre look quotidien, ce bracelet est le choix id\u00e9al.<\/p>\n<p>La boucle OT s\u00e9curis\u00e9e garantit que le bracelet reste en place tout au long de la journ\u00e9e, vous donnant la libert\u00e9 d&#039;exprimer votre sens unique du style.<\/p>\n<p>D\u00e9couvrez le charme de la mode punk avec le bracelet Punk Glamour de Dolce Jewellery. Assumez votre c\u00f4t\u00e9 rebelle et laissez vos bijoux refl\u00e9ter votre esprit intr\u00e9pide. Choisissez Dolce Jewellery pour une qualit\u00e9 exceptionnelle, des designs saisissants et une touche d&#039;\u00e9l\u00e9gance avec une touche punk.<\/p>\n<p><strong>Type de produit : <\/strong>Bracelets<\/p>\n<p><strong>Nom du produit :\u00a0<\/strong>Bracelet Punk Glamour<\/p>\n<p><strong>Mat\u00e9riel: <\/strong>100% Argent sterling 925<\/p>\n<p><strong>Article:\u00a0<\/strong>MSL008<\/p>","protected":false},"excerpt":{"rendered":"<p>Description &amp; Details Dolce Jewellery, Punk Glamour Bracelet. Unleash your inner rebel with the Punk Glamour Bracelet. This edgy and stylish bracelet is crafted from real 925 sterling silver, combining durability with a touch of elegance. The double circle link chain design adds a bold and unique element to the bracelet, capturing the essence of [&#8230;]\n","protected":false},"featured_media":6776,"comment_status":"open","ping_status":"closed","template":"","meta":[],"product_brand":[],"product_cat":[31,29],"product_tag":[],"class_list":{"0":"post-3173","1":"product","2":"type-product","3":"status-publish","4":"has-post-thumbnail","6":"product_cat-bracelets","7":"product_cat-shop-all","9":"first","10":"instock","11":"shipping-taxable","12":"purchasable","13":"product-type-variable"},"_links":{"self":[{"href":"https:\/\/dolcejewellery.com\/fr\/wp-json\/wp\/v2\/product\/3173","targetHints":{"allow":["GET"]}}],"collection":[{"href":"https:\/\/dolcejewellery.com\/fr\/wp-json\/wp\/v2\/product"}],"about":[{"href":"https:\/\/dolcejewellery.com\/fr\/wp-json\/wp\/v2\/types\/product"}],"replies":[{"embeddable":true,"href":"https:\/\/dolcejewellery.com\/fr\/wp-json\/wp\/v2\/comments?post=3173"}],"wp:featuredmedia":[{"embeddable":true,"href":"https:\/\/dolcejewellery.com\/fr\/wp-json\/wp\/v2\/media\/6776"}],"wp:attachment":[{"href":"https:\/\/dolcejewellery.com\/fr\/wp-json\/wp\/v2\/media?parent=3173"}],"wp:term":[{"taxonomy":"product_brand","embeddable":true,"href":"https:\/\/dolcejewellery.com\/fr\/wp-json\/wp\/v2\/product_brand?post=3173"},{"taxonomy":"product_cat","embeddable":true,"href":"https:\/\/dolcejewellery.com\/fr\/wp-json\/wp\/v2\/product_cat?post=3173"},{"taxonomy":"product_tag","embeddable":true,"href":"https:\/\/dolcejewellery.com\/fr\/wp-json\/wp\/v2\/product_tag?post=3173"}],"curies":[{"name":"wp","href":"https:\/\/api.w.org\/{rel}","templated":true}]}}