{"id":3167,"date":"2025-02-01T11:14:54","date_gmt":"2025-02-01T11:14:54","guid":{"rendered":"https:\/\/dolcejewellery.com\/product\/punk-chain-ear-clips\/"},"modified":"2025-07-02T08:17:45","modified_gmt":"2025-07-02T08:17:45","slug":"punk-chain-ear-clips","status":"publish","type":"product","link":"https:\/\/dolcejewellery.com\/fr\/produit\/punk-chain-ear-clips\/","title":{"rendered":"Clips d&#039;oreilles \u00e0 cha\u00eene punk"},"content":{"rendered":"<h1><strong>Description et d\u00e9tails<\/strong><\/h1>\n<p><strong>Dolce Jewellery, Clips d&#039;oreilles \u00e0 cha\u00eene punk.<\/strong><\/p>\n<p>Ces boucles d&#039;oreilles \u00e0 clip Dolce Jewellery avec une cha\u00eene \u00e0 maillons multiples pr\u00e9sentent une silhouette en forme de goutte et apportent un charme poli et raffin\u00e9 \u00e0 n&#039;importe quel look.<\/p>\n<p>Offert en deux couleurs : Argent et Or.<\/p>\n<p>Ces boucles d&#039;oreilles sont vendues par paire.<\/p>\n<p><strong>Type de produit :<\/strong> Boucles d&#039;oreilles \u00e0 clip<\/p>\n<p><strong>Nom du produit :\u00a0<\/strong>Clips d&#039;oreilles \u00e0 cha\u00eene punk<\/p>\n<p><strong>Mat\u00e9riel:\u00a0<\/strong>100% Argent sterling 925<\/p>\n<p><strong>Poids: <\/strong>1,6 g<\/p>\n<p><strong>Article:\u00a0<\/strong>BKEJ280<\/p>\n<p><img loading=\"lazy\" decoding=\"async\" class=\"alignnone wp-image-7673 size-full\" src=\"https:\/\/dolcejewellery.com\/wp-content\/uploads\/2025\/02\/BKEJ280.png\" alt=\"\" width=\"780\" height=\"620\" srcset=\"https:\/\/dolcejewellery.com\/wp-content\/uploads\/2025\/02\/BKEJ280.png 780w, https:\/\/dolcejewellery.com\/wp-content\/uploads\/2025\/02\/BKEJ280-300x238.png 300w, https:\/\/dolcejewellery.com\/wp-content\/uploads\/2025\/02\/BKEJ280-768x610.png 768w\" sizes=\"auto, (max-width: 780px) 100vw, 780px\" \/><\/p>","protected":false},"excerpt":{"rendered":"<p>Description &amp; Details Dolce Jewellery,\u00a0Punk Chain Ear Clips. These Dolce Jewellery clip on earrings with a multi-link chain feature a drop silhouette and provide a polished and refined charm to any look. Offered in two colors: Silver &amp; Gold. These earrings come as a pair. Product Type: Clip On Earrings Product Name:\u00a0Punk Chain Ear Clips [&#8230;]\n","protected":false},"featured_media":7668,"comment_status":"open","ping_status":"closed","template":"","meta":[],"product_brand":[],"product_cat":[32,34,29],"product_tag":[26],"class_list":{"0":"post-3167","1":"product","2":"type-product","3":"status-publish","4":"has-post-thumbnail","6":"product_cat-clip-on-earrings","7":"product_cat-earrings","8":"product_cat-shop-all","9":"product_tag-clip-on-earrings","11":"first","12":"instock","13":"shipping-taxable","14":"purchasable","15":"product-type-variable"},"_links":{"self":[{"href":"https:\/\/dolcejewellery.com\/fr\/wp-json\/wp\/v2\/product\/3167","targetHints":{"allow":["GET"]}}],"collection":[{"href":"https:\/\/dolcejewellery.com\/fr\/wp-json\/wp\/v2\/product"}],"about":[{"href":"https:\/\/dolcejewellery.com\/fr\/wp-json\/wp\/v2\/types\/product"}],"replies":[{"embeddable":true,"href":"https:\/\/dolcejewellery.com\/fr\/wp-json\/wp\/v2\/comments?post=3167"}],"wp:featuredmedia":[{"embeddable":true,"href":"https:\/\/dolcejewellery.com\/fr\/wp-json\/wp\/v2\/media\/7668"}],"wp:attachment":[{"href":"https:\/\/dolcejewellery.com\/fr\/wp-json\/wp\/v2\/media?parent=3167"}],"wp:term":[{"taxonomy":"product_brand","embeddable":true,"href":"https:\/\/dolcejewellery.com\/fr\/wp-json\/wp\/v2\/product_brand?post=3167"},{"taxonomy":"product_cat","embeddable":true,"href":"https:\/\/dolcejewellery.com\/fr\/wp-json\/wp\/v2\/product_cat?post=3167"},{"taxonomy":"product_tag","embeddable":true,"href":"https:\/\/dolcejewellery.com\/fr\/wp-json\/wp\/v2\/product_tag?post=3167"}],"curies":[{"name":"wp","href":"https:\/\/api.w.org\/{rel}","templated":true}]}}