{"id":3156,"date":"2025-02-01T11:14:53","date_gmt":"2025-02-01T11:14:53","guid":{"rendered":"https:\/\/dolcejewellery.com\/product\/pink-petal-flower-ring\/"},"modified":"2025-11-12T15:28:13","modified_gmt":"2025-11-12T14:28:13","slug":"pink-petal-flower-ring","status":"publish","type":"product","link":"https:\/\/dolcejewellery.com\/fr\/produit\/pink-petal-flower-ring\/","title":{"rendered":"Bague Fleur P\u00e9tale Rose"},"content":{"rendered":"<h1><strong>Description et d\u00e9tails<\/strong><\/h1>\n<p><strong>Dolce Jewellery, Bague Fleur P\u00e9tale Rose.<\/strong><\/p>\n<p>Impr\u00e9gnez-vous de la beaut\u00e9 de la nature avec notre bague Fleur P\u00e9tale Rose. Cette magnifique pi\u00e8ce arbore un d\u00e9licat motif floral aux p\u00e9tales d&#039;une charmante nuance de rose. Les d\u00e9tails complexes des p\u00e9tales apportent une touche de f\u00e9minit\u00e9 et d&#039;\u00e9l\u00e9gance \u00e0 la bague.<\/p>\n<p>L&#039;anneau de la bague est orn\u00e9 de quelques zircons scintillants, cr\u00e9ant un \u00e9clat subtil qui compl\u00e8te \u00e0 merveille le motif floral. Fabriqu\u00e9e en argent sterling 925 de haute qualit\u00e9, cette bague offre durabilit\u00e9 et \u00e9clat luxueux.<\/p>\n<p>La bague Fleur P\u00e9tale Rose est ajustable, garantissant un confort optimal \u00e0 toutes les tailles de doigts. Que vous participiez \u00e0 un \u00e9v\u00e9nement sp\u00e9cial, c\u00e9l\u00e9briez un \u00e9v\u00e9nement important ou ajoutiez simplement une touche de beaut\u00e9 \u00e0 votre look quotidien, cette bague est un accessoire polyvalent qui sublimera votre style.<\/p>\n<p>Faites-vous plaisir ou surprenez l&#039;un de vos proches avec la bague Fleur P\u00e9tale Rose. Son design floral vibrant et son anneau orn\u00e9 de zircons en font un bijou captivant. Faites de cette bague un symbole de f\u00e9minit\u00e9, de gr\u00e2ce et de beaut\u00e9 naturelle.<\/p>\n<p>Sublimez votre collection de bijoux avec la bague Fleur P\u00e9tale Rose, o\u00f9 l&#039;attrait d&#039;une fleur rencontre l&#039;\u00e9clat des zircons. Propos\u00e9e par Dolce Jewellery, cette bague t\u00e9moigne d&#039;un savoir-faire exquis et d&#039;une \u00e9l\u00e9gance intemporelle.<\/p>\n<p><strong>Type de produit :\u00a0<\/strong>Bagues<\/p>\n<p><strong>Nom du produit :\u00a0<\/strong>Bague Fleur P\u00e9tale Rose<\/p>\n<p><strong>Pierre: <\/strong>Zircon<\/p>\n<p><strong>Mat\u00e9riel:\u00a0<\/strong>100% Argent sterling 925<\/p>\n<p><strong>Article:\u00a0<\/strong>BKJZ206<\/p>\n<p><img loading=\"lazy\" decoding=\"async\" class=\"alignnone\" src=\"https:\/\/cdn.shopify.com\/s\/files\/1\/0559\/8819\/1417\/files\/29efacb7-b4f0-45e1-b7b6-a80770a01f6e_480x480.png?v=1690540748\" alt=\"\" width=\"480\" height=\"382\" \/><\/p>","protected":false},"excerpt":{"rendered":"<p>Description &amp; Details Dolce Jewellery,\u00a0Pink Petal Flower Ring. Embrace the beauty of nature with our Pink Petal Flower Ring. This stunning piece features a delicate flower design with petals in a charming shade of pink. The intricate detailing of the petals adds a touch of femininity and elegance to the ring. The band of the [&#8230;]\n","protected":false},"featured_media":7161,"comment_status":"open","ping_status":"closed","template":"","meta":[],"product_brand":[],"product_cat":[37,29],"product_tag":[],"class_list":{"0":"post-3156","1":"product","2":"type-product","3":"status-publish","4":"has-post-thumbnail","6":"product_cat-rings","7":"product_cat-shop-all","9":"first","10":"instock","11":"shipping-taxable","12":"purchasable","13":"product-type-variable"},"_links":{"self":[{"href":"https:\/\/dolcejewellery.com\/fr\/wp-json\/wp\/v2\/product\/3156","targetHints":{"allow":["GET"]}}],"collection":[{"href":"https:\/\/dolcejewellery.com\/fr\/wp-json\/wp\/v2\/product"}],"about":[{"href":"https:\/\/dolcejewellery.com\/fr\/wp-json\/wp\/v2\/types\/product"}],"replies":[{"embeddable":true,"href":"https:\/\/dolcejewellery.com\/fr\/wp-json\/wp\/v2\/comments?post=3156"}],"wp:featuredmedia":[{"embeddable":true,"href":"https:\/\/dolcejewellery.com\/fr\/wp-json\/wp\/v2\/media\/7161"}],"wp:attachment":[{"href":"https:\/\/dolcejewellery.com\/fr\/wp-json\/wp\/v2\/media?parent=3156"}],"wp:term":[{"taxonomy":"product_brand","embeddable":true,"href":"https:\/\/dolcejewellery.com\/fr\/wp-json\/wp\/v2\/product_brand?post=3156"},{"taxonomy":"product_cat","embeddable":true,"href":"https:\/\/dolcejewellery.com\/fr\/wp-json\/wp\/v2\/product_cat?post=3156"},{"taxonomy":"product_tag","embeddable":true,"href":"https:\/\/dolcejewellery.com\/fr\/wp-json\/wp\/v2\/product_tag?post=3156"}],"curies":[{"name":"wp","href":"https:\/\/api.w.org\/{rel}","templated":true}]}}