{"id":3144,"date":"2025-02-01T11:14:52","date_gmt":"2025-02-01T11:14:52","guid":{"rendered":"https:\/\/dolcejewellery.com\/product\/pearl-essence-bracelet-2\/"},"modified":"2025-11-13T09:06:41","modified_gmt":"2025-11-13T08:06:41","slug":"pearl-essence-bracelet-2","status":"publish","type":"product","link":"https:\/\/dolcejewellery.com\/fr\/produit\/pearl-essence-bracelet-2\/","title":{"rendered":"Bracelet Essence de Perle"},"content":{"rendered":"<h1><strong>Description et d\u00e9tails<\/strong><\/h1>\n<p><strong>Dolce Jewellery, Bracelet Essence de Perle.<\/strong><\/p>\n<p>Sublimez votre style avec le magnifique bracelet Pearl Essence de Dolce Jewellery. Ce bracelet allie simplicit\u00e9 et \u00e9l\u00e9gance dans un design captivant, id\u00e9al pour les femmes qui appr\u00e9cient les accessoires chics et raffin\u00e9s.<\/p>\n<p>Confectionn\u00e9 en argent sterling 925 de haute qualit\u00e9, ce bracelet est dot\u00e9 d&#039;une \u00e9l\u00e9gante cha\u00eene maille v\u00e9nitienne qui apporte une touche de sophistication \u00e0 votre poignet. Pi\u00e8ce ma\u00eetresse du bracelet, une charmante perle, soigneusement s\u00e9lectionn\u00e9e pour son \u00e9clat et son \u00e9l\u00e9gance naturelle. Son \u00e9clat iris\u00e9 cr\u00e9e un effet envo\u00fbtant, la transformant en un point de mire saisissant.<\/p>\n<p>Le bracelet Pearl Essence est con\u00e7u pour compl\u00e9ter avec \u00e9l\u00e9gance toutes vos tenues et toutes les occasions. Que vous participiez \u00e0 un \u00e9v\u00e9nement sp\u00e9cial, que vous sortiez entre amis ou que vous ajoutiez une touche d&#039;\u00e9l\u00e9gance \u00e0 votre look quotidien, ce bracelet est un choix polyvalent et \u00e9l\u00e9gant.<\/p>\n<p>Le fermoir s\u00e9curis\u00e9 maintient le bracelet bien en place. Vous pouvez ainsi le porter en toute confiance, sachant qu&#039;il restera en place toute la journ\u00e9e.<\/p>\n<p>Laissez-vous s\u00e9duire par la beaut\u00e9 intemporelle du bracelet Pearl Essence de Dolce Jewellery. Son design enchanteur et son savoir-faire raffin\u00e9 sublimeront votre style et ajouteront une touche de sophistication \u00e0 toutes vos tenues.<\/p>\n<p><strong>Type de produit : <\/strong>Bracelets<\/p>\n<p><strong>Nom du produit :\u00a0<\/strong>Bracelet Essence de Perle<\/p>\n<p><strong>Mat\u00e9riel: <\/strong>100% Argent sterling 925<\/p>\n<p><strong>Longueur:<\/strong>\u00a020,5 cm (8,1 pouces)<\/p>\n<p><strong>Article:\u00a0<\/strong>BKSL076<\/p>\n<p><img decoding=\"async\" src=\"https:\/\/cdn.shopify.com\/s\/files\/1\/0559\/8819\/1417\/files\/3a8b4a78-a110-4df7-83ba-78e70e3e382d_480x480.jpg?v=1690033868\" alt=\"\" \/><\/p>","protected":false},"excerpt":{"rendered":"<p>Description &amp; Details Dolce Jewellery,\u00a0Pearl Essence Bracelet. Elevate your style with the exquisite Pearl Essence Bracelet by Dolce Jewellery. This bracelet combines simplicity and elegance in a captivating design that is perfect for women who appreciate chic and refined accessories. Crafted from high-quality 925 sterling silver, the bracelet features a sleek box chain that adds [&#8230;]\n","protected":false},"featured_media":6791,"comment_status":"open","ping_status":"closed","template":"","meta":[],"product_brand":[],"product_cat":[31,29],"product_tag":[],"class_list":{"0":"post-3144","1":"product","2":"type-product","3":"status-publish","4":"has-post-thumbnail","6":"product_cat-bracelets","7":"product_cat-shop-all","9":"first","10":"instock","11":"shipping-taxable","12":"purchasable","13":"product-type-variable"},"_links":{"self":[{"href":"https:\/\/dolcejewellery.com\/fr\/wp-json\/wp\/v2\/product\/3144","targetHints":{"allow":["GET"]}}],"collection":[{"href":"https:\/\/dolcejewellery.com\/fr\/wp-json\/wp\/v2\/product"}],"about":[{"href":"https:\/\/dolcejewellery.com\/fr\/wp-json\/wp\/v2\/types\/product"}],"replies":[{"embeddable":true,"href":"https:\/\/dolcejewellery.com\/fr\/wp-json\/wp\/v2\/comments?post=3144"}],"wp:featuredmedia":[{"embeddable":true,"href":"https:\/\/dolcejewellery.com\/fr\/wp-json\/wp\/v2\/media\/6791"}],"wp:attachment":[{"href":"https:\/\/dolcejewellery.com\/fr\/wp-json\/wp\/v2\/media?parent=3144"}],"wp:term":[{"taxonomy":"product_brand","embeddable":true,"href":"https:\/\/dolcejewellery.com\/fr\/wp-json\/wp\/v2\/product_brand?post=3144"},{"taxonomy":"product_cat","embeddable":true,"href":"https:\/\/dolcejewellery.com\/fr\/wp-json\/wp\/v2\/product_cat?post=3144"},{"taxonomy":"product_tag","embeddable":true,"href":"https:\/\/dolcejewellery.com\/fr\/wp-json\/wp\/v2\/product_tag?post=3144"}],"curies":[{"name":"wp","href":"https:\/\/api.w.org\/{rel}","templated":true}]}}