{"id":3140,"date":"2025-02-01T11:14:51","date_gmt":"2025-02-01T11:14:51","guid":{"rendered":"https:\/\/dolcejewellery.com\/product\/pearl-elegance-ring\/"},"modified":"2025-11-13T10:02:38","modified_gmt":"2025-11-13T09:02:38","slug":"pearl-elegance-ring","status":"publish","type":"product","link":"https:\/\/dolcejewellery.com\/fr\/produit\/pearl-elegance-ring\/","title":{"rendered":"Bague Pearl Elegance"},"content":{"rendered":"<h1><strong>Description et d\u00e9tails<\/strong><\/h1>\n<p><strong>Dolce Jewellery, Bague \u00c9l\u00e9gance Perle.<\/strong><\/p>\n<p>D\u00e9couvrez la beaut\u00e9 de la nature et l&#039;\u00e9l\u00e9gance avec notre bague Pearl Elegance. Cette bague exquise arbore un anneau au design unique orn\u00e9 de deux perles baroques naturelles brillantes. R\u00e9alis\u00e9e avec le plus grand soin, elle met en valeur l&#039;allure naturelle et la sophistication intemporelle de ces perles iris\u00e9es.<\/p>\n<p>L&#039;anneau de la bague est m\u00e9ticuleusement travaill\u00e9 pour cr\u00e9er un design distinctif et accrocheur. Les perles baroques naturelles, r\u00e9put\u00e9es pour leurs formes irr\u00e9guli\u00e8res et organiques, apportent une touche d&#039;\u00e9l\u00e9gance et de charme. Chaque perle est soigneusement s\u00e9lectionn\u00e9e pour garantir sa qualit\u00e9 et sa beaut\u00e9 unique, rendant chaque bague v\u00e9ritablement unique.<\/p>\n<p>Sublimez votre collection de bijoux avec la bague Pearl Elegance de Dolce Jewellery. Son design raffin\u00e9 et la beaut\u00e9 naturelle des perles baroques en font un accessoire v\u00e9ritablement captivant et sophistiqu\u00e9. Laissez-vous s\u00e9duire par la mer et laissez cette bague symboliser votre style intemporel et votre amour pour l&#039;artisanat d&#039;art.<\/p>\n<p><strong>Type de produit :\u00a0<\/strong>Bagues<\/p>\n<p><strong>Nom du produit :\u00a0<\/strong>Bague Pearl Elegance<\/p>\n<p><strong>Type de perle :\u00a0<\/strong>Perles baroques naturelles<\/p>\n<p><strong>Mat\u00e9riel:\u00a0<\/strong>100% Argent sterling 925<\/p>\n<p><strong>Article:\u00a0<\/strong>BKJZ004<\/p>\n<p><img loading=\"lazy\" decoding=\"async\" class=\"alignnone\" src=\"https:\/\/cdn.shopify.com\/s\/files\/1\/0559\/8819\/1417\/files\/18113cff-7159-444c-9c16-9285a7ebacfa_480x480.png?v=1690561232\" alt=\"\" width=\"480\" height=\"343\" \/><\/p>","protected":false},"excerpt":{"rendered":"<p>Description &amp; Details Dolce Jewellery, Pearl Elegance Ring. Experience the beauty of nature and elegance with our Pearl Elegance Ring. This exquisite ring features a uniquely designed band adorned with two lustrous natural baroque pearls. Crafted with attention to detail, it showcases the organic allure and timeless sophistication of these iridescent pearls. The band of [&#8230;]\n","protected":false},"featured_media":7186,"comment_status":"open","ping_status":"closed","template":"","meta":[],"product_brand":[],"product_cat":[37,29],"product_tag":[],"class_list":{"0":"post-3140","1":"product","2":"type-product","3":"status-publish","4":"has-post-thumbnail","6":"product_cat-rings","7":"product_cat-shop-all","9":"first","10":"instock","11":"shipping-taxable","12":"purchasable","13":"product-type-variable"},"_links":{"self":[{"href":"https:\/\/dolcejewellery.com\/fr\/wp-json\/wp\/v2\/product\/3140","targetHints":{"allow":["GET"]}}],"collection":[{"href":"https:\/\/dolcejewellery.com\/fr\/wp-json\/wp\/v2\/product"}],"about":[{"href":"https:\/\/dolcejewellery.com\/fr\/wp-json\/wp\/v2\/types\/product"}],"replies":[{"embeddable":true,"href":"https:\/\/dolcejewellery.com\/fr\/wp-json\/wp\/v2\/comments?post=3140"}],"wp:featuredmedia":[{"embeddable":true,"href":"https:\/\/dolcejewellery.com\/fr\/wp-json\/wp\/v2\/media\/7186"}],"wp:attachment":[{"href":"https:\/\/dolcejewellery.com\/fr\/wp-json\/wp\/v2\/media?parent=3140"}],"wp:term":[{"taxonomy":"product_brand","embeddable":true,"href":"https:\/\/dolcejewellery.com\/fr\/wp-json\/wp\/v2\/product_brand?post=3140"},{"taxonomy":"product_cat","embeddable":true,"href":"https:\/\/dolcejewellery.com\/fr\/wp-json\/wp\/v2\/product_cat?post=3140"},{"taxonomy":"product_tag","embeddable":true,"href":"https:\/\/dolcejewellery.com\/fr\/wp-json\/wp\/v2\/product_tag?post=3140"}],"curies":[{"name":"wp","href":"https:\/\/api.w.org\/{rel}","templated":true}]}}