{"id":3137,"date":"2025-02-01T11:14:51","date_gmt":"2025-02-01T11:14:51","guid":{"rendered":"https:\/\/dolcejewellery.com\/product\/pearl-elegance-open-finger-ring\/"},"modified":"2025-11-13T09:59:02","modified_gmt":"2025-11-13T08:59:02","slug":"pearl-elegance-open-finger-ring","status":"publish","type":"product","link":"https:\/\/dolcejewellery.com\/fr\/produit\/pearl-elegance-open-finger-ring\/","title":{"rendered":"Bague ouverte Pearl Elegance"},"content":{"rendered":"<h1><strong>Description et d\u00e9tails<\/strong><\/h1>\n<p><strong>Dolce Jewellery, Bague ouverte Pearl Elegance.<\/strong><\/p>\n<p>Sublimez votre style avec la beaut\u00e9 exquise de notre bague ouverte Pearl Elegance. Unique et tendance, cette bague pr\u00e9sente un design ouvert avec une perle d\u00e9licatement plac\u00e9e \u00e0 chaque extr\u00e9mit\u00e9. Fabriqu\u00e9e en argent sterling 925 v\u00e9ritable, elle allie \u00e0 la perfection \u00e9l\u00e9gance et modernit\u00e9.<\/p>\n<p>Le design ouvert ajoute une touche de sophistication contemporaine \u00e0 la bague, lui permettant de s&#039;enrouler naturellement autour de votre doigt avec gr\u00e2ce. Les perles brillantes \u00e0 chaque extr\u00e9mit\u00e9 apportent une touche de beaut\u00e9 et d&#039;\u00e9l\u00e9gance intemporelles \u00e0 l&#039;ensemble.<\/p>\n<p>La construction en argent sterling de haute qualit\u00e9 garantit la durabilit\u00e9 et une brillance \u00e9clatante, garantissant que cette bague sera un \u00e9l\u00e9ment pr\u00e9cieux de votre collection de bijoux pour les ann\u00e9es \u00e0 venir.<\/p>\n<p>La bague ouverte Pearl Elegance est parfaite pour celles qui appr\u00e9cient la beaut\u00e9 des perles et recherchent un accessoire unique et accrocheur. Port\u00e9e pour une occasion sp\u00e9ciale ou au quotidien, cette bague sublimera votre style et ajoutera une touche de sophistication \u00e0 toutes vos tenues.<\/p>\n<p>Sublimez votre collection de bijoux avec la bague ouverte Pearl Elegance de Dolce Jewellery. Son design raffin\u00e9, orn\u00e9 de perles et d&#039;un anneau ouvert, en fait un choix polyvalent et \u00e9l\u00e9gant pour toute personne \u00e0 la pointe de la mode. Cette bague r\u00e9v\u00e9lera votre sens du style unique et deviendra un bijou pr\u00e9cieux.<\/p>\n<p><strong>Type de produit :\u00a0<\/strong>Bagues<\/p>\n<p><strong>Nom du produit :\u00a0<\/strong>Bague ouverte Pearl Elegance<\/p>\n<p><strong>Mat\u00e9riel:\u00a0<\/strong>100% Argent sterling 925<\/p>\n<p><strong>Article:\u00a0<\/strong>BKJZ108<\/p>\n<p><img loading=\"lazy\" decoding=\"async\" class=\"alignnone\" src=\"https:\/\/cdn.shopify.com\/s\/files\/1\/0559\/8819\/1417\/files\/13568c78-dc76-475f-82fa-ee8d33d57113_480x480.png?v=1690556747\" alt=\"\" width=\"480\" height=\"339\" \/><\/p>","protected":false},"excerpt":{"rendered":"<p>Description &amp; Details Dolce Jewellery,\u00a0Pearl Elegance Open Finger Ring. Enhance your style with the exquisite beauty of our Pearl Elegance Open Finger Ring. This unique and fashionable ring features an open design with a pearl delicately placed at each end of the band. Crafted from genuine 925 sterling silver, this ring showcases the perfect blend [&#8230;]\n","protected":false},"featured_media":7171,"comment_status":"open","ping_status":"closed","template":"","meta":[],"product_brand":[],"product_cat":[37,29],"product_tag":[],"class_list":{"0":"post-3137","1":"product","2":"type-product","3":"status-publish","4":"has-post-thumbnail","6":"product_cat-rings","7":"product_cat-shop-all","9":"first","10":"instock","11":"shipping-taxable","12":"purchasable","13":"product-type-variable"},"_links":{"self":[{"href":"https:\/\/dolcejewellery.com\/fr\/wp-json\/wp\/v2\/product\/3137","targetHints":{"allow":["GET"]}}],"collection":[{"href":"https:\/\/dolcejewellery.com\/fr\/wp-json\/wp\/v2\/product"}],"about":[{"href":"https:\/\/dolcejewellery.com\/fr\/wp-json\/wp\/v2\/types\/product"}],"replies":[{"embeddable":true,"href":"https:\/\/dolcejewellery.com\/fr\/wp-json\/wp\/v2\/comments?post=3137"}],"wp:featuredmedia":[{"embeddable":true,"href":"https:\/\/dolcejewellery.com\/fr\/wp-json\/wp\/v2\/media\/7171"}],"wp:attachment":[{"href":"https:\/\/dolcejewellery.com\/fr\/wp-json\/wp\/v2\/media?parent=3137"}],"wp:term":[{"taxonomy":"product_brand","embeddable":true,"href":"https:\/\/dolcejewellery.com\/fr\/wp-json\/wp\/v2\/product_brand?post=3137"},{"taxonomy":"product_cat","embeddable":true,"href":"https:\/\/dolcejewellery.com\/fr\/wp-json\/wp\/v2\/product_cat?post=3137"},{"taxonomy":"product_tag","embeddable":true,"href":"https:\/\/dolcejewellery.com\/fr\/wp-json\/wp\/v2\/product_tag?post=3137"}],"curies":[{"name":"wp","href":"https:\/\/api.w.org\/{rel}","templated":true}]}}