{"id":3129,"date":"2025-02-01T11:14:50","date_gmt":"2025-02-01T11:14:50","guid":{"rendered":"https:\/\/dolcejewellery.com\/product\/pearl-elegance-chain-band-ring\/"},"modified":"2025-11-13T10:55:39","modified_gmt":"2025-11-13T09:55:39","slug":"pearl-elegance-chain-band-ring","status":"publish","type":"product","link":"https:\/\/dolcejewellery.com\/fr\/produit\/pearl-elegance-chain-band-ring\/","title":{"rendered":"Bague cha\u00eene Pearl Elegance"},"content":{"rendered":"<h1><strong>Description et d\u00e9tails<\/strong><\/h1>\n<p><strong>Dolce Jewellery, Bague en cha\u00eene avec perle \u00e9l\u00e9gante.<\/strong><\/p>\n<p>D\u00e9couvrez l&#039;\u00e9l\u00e9gance supr\u00eame avec notre bague Pearl Elegance Chain Band. Cette bague raffin\u00e9e au design unique met en valeur une d\u00e9licate cha\u00eene orn\u00e9e de perles baroques naturelles brillantes. L&#039;alliance de la finesse de la cha\u00eene et de la beaut\u00e9 intemporelle des perles cr\u00e9e un contraste saisissant qui ne manquera pas de vous captiver.<\/p>\n<p>Les perles baroques naturelles de la bague sont soigneusement s\u00e9lectionn\u00e9es pour mettre en valeur leurs formes organiques et leur \u00e9clat iris\u00e9. Chaque perle t\u00e9moigne de la beaut\u00e9 de la nature et ajoute une touche de sophistication \u00e0 l&#039;ensemble. La cha\u00eene apporte une touche de modernit\u00e9 \u00e0 cette bague classique en perles, la rendant ainsi polyvalente et se porte en toute occasion.<\/p>\n<p>Fabriqu\u00e9e en argent sterling 925 v\u00e9ritable, cette bague allie durabilit\u00e9 et \u00e9clat luxueux. Que vous participiez \u00e0 un \u00e9v\u00e9nement sp\u00e9cial, c\u00e9l\u00e9briez un \u00e9v\u00e9nement important ou souhaitiez simplement ajouter une touche d&#039;\u00e9l\u00e9gance \u00e0 votre look quotidien, la bague Pearl Elegance Chain Band est le choix id\u00e9al.<\/p>\n<p>Sublimez votre style avec la bague cha\u00eene Pearl Elegance de Dolce Jewellery. Son design unique, associ\u00e9 \u00e0 la beaut\u00e9 intemporelle des perles, en fait une pi\u00e8ce remarquable qui sublimera sans effort votre tenue. Laissez l&#039;attrait des perles et la sophistication de la cha\u00eene refl\u00e9ter votre go\u00fbt raffin\u00e9 et votre sens du style impeccable.<\/p>\n<p><strong>Type de produit :\u00a0<\/strong>Bagues<\/p>\n<p><strong>Nom du produit :\u00a0<\/strong>Bague cha\u00eene Pearl Elegance<\/p>\n<p><strong>Type de perle :<\/strong>\u00a0Perles baroques naturelles<\/p>\n<p><strong>Mat\u00e9riel:\u00a0<\/strong>100% Argent sterling 925<\/p>\n<p><strong>Article:\u00a0<\/strong>BKJZ079<\/p>\n<p><img decoding=\"async\" src=\"https:\/\/cdn.shopify.com\/s\/files\/1\/0559\/8819\/1417\/files\/35b72d58-a7b3-41f8-8791-b90bebe2bd18_480x480.png?v=1690571251\" alt=\"\" \/><\/p>","protected":false},"excerpt":{"rendered":"<p>Description &amp; Details Dolce Jewellery, Pearl Elegance Chain Band Ring. Experience the epitome of elegance with our Pearl Elegance Chain Band Ring. This exquisite ring features a unique design, showcasing a delicate chain band adorned with lustrous Natural Baroque Pearls. The combination of the sleek chain and the timeless beauty of pearls creates a stunning [&#8230;]\n","protected":false},"featured_media":7198,"comment_status":"open","ping_status":"closed","template":"","meta":[],"product_brand":[],"product_cat":[37,29],"product_tag":[],"class_list":{"0":"post-3129","1":"product","2":"type-product","3":"status-publish","4":"has-post-thumbnail","6":"product_cat-rings","7":"product_cat-shop-all","9":"first","10":"instock","11":"shipping-taxable","12":"purchasable","13":"product-type-variable"},"_links":{"self":[{"href":"https:\/\/dolcejewellery.com\/fr\/wp-json\/wp\/v2\/product\/3129","targetHints":{"allow":["GET"]}}],"collection":[{"href":"https:\/\/dolcejewellery.com\/fr\/wp-json\/wp\/v2\/product"}],"about":[{"href":"https:\/\/dolcejewellery.com\/fr\/wp-json\/wp\/v2\/types\/product"}],"replies":[{"embeddable":true,"href":"https:\/\/dolcejewellery.com\/fr\/wp-json\/wp\/v2\/comments?post=3129"}],"wp:featuredmedia":[{"embeddable":true,"href":"https:\/\/dolcejewellery.com\/fr\/wp-json\/wp\/v2\/media\/7198"}],"wp:attachment":[{"href":"https:\/\/dolcejewellery.com\/fr\/wp-json\/wp\/v2\/media?parent=3129"}],"wp:term":[{"taxonomy":"product_brand","embeddable":true,"href":"https:\/\/dolcejewellery.com\/fr\/wp-json\/wp\/v2\/product_brand?post=3129"},{"taxonomy":"product_cat","embeddable":true,"href":"https:\/\/dolcejewellery.com\/fr\/wp-json\/wp\/v2\/product_cat?post=3129"},{"taxonomy":"product_tag","embeddable":true,"href":"https:\/\/dolcejewellery.com\/fr\/wp-json\/wp\/v2\/product_tag?post=3129"}],"curies":[{"name":"wp","href":"https:\/\/api.w.org\/{rel}","templated":true}]}}