{"id":3121,"date":"2025-02-01T11:14:50","date_gmt":"2025-02-01T11:14:50","guid":{"rendered":"https:\/\/dolcejewellery.com\/product\/pearl-and-zircon-harmony-ring\/"},"modified":"2025-11-13T10:43:56","modified_gmt":"2025-11-13T09:43:56","slug":"pearl-and-zircon-harmony-ring","status":"publish","type":"product","link":"https:\/\/dolcejewellery.com\/fr\/produit\/pearl-and-zircon-harmony-ring\/","title":{"rendered":"Bague Harmonie Perle et Zircon"},"content":{"rendered":"<h1><strong>Description et d\u00e9tails<\/strong><\/h1>\n<p><strong>Dolce Jewellery, Bague Harmonie Perle et Zircon.<\/strong><\/p>\n<p>D\u00e9couvrez l&#039;alliance parfaite de l&#039;\u00e9l\u00e9gance et de la sophistication avec la bague Harmony Perle et Zircon. Cette bague au design unique met en valeur l&#039;harmonie de petites perles et de zircons scintillants, cr\u00e9ant un accessoire \u00e9poustouflant et accrocheur.<\/p>\n<p>La bague est orn\u00e9e d&#039;un anneau orn\u00e9 de perles brillantes, r\u00e9put\u00e9es pour leur beaut\u00e9 et leur \u00e9l\u00e9gance intemporelles. Chaque perle est soigneusement s\u00e9lectionn\u00e9e et plac\u00e9e pour cr\u00e9er une esth\u00e9tique gracieuse et envo\u00fbtante. La bague est \u00e9galement orn\u00e9e de zircons scintillants, ajoutant une touche d&#039;\u00e9clat et de brillance au design.<\/p>\n<p>Fabriqu\u00e9e \u00e0 partir de mat\u00e9riaux de haute qualit\u00e9, la bague Harmony Perle et Zircon est en v\u00e9ritable argent sterling 925. L&#039;argent renforce la durabilit\u00e9 et la brillance de la bague, garantissant sa long\u00e9vit\u00e9 et sa beaut\u00e9 durable.<\/p>\n<p>Cette bague est parfaite pour celles qui appr\u00e9cient les bijoux uniques et artistiques. Son design complexe, avec son d\u00e9licat m\u00e9lange de perles et de zircons, en fait une pi\u00e8ce remarquable qui sublimera toutes vos tenues. Port\u00e9e lors d&#039;occasions sp\u00e9ciales ou au quotidien, la bague Harmonie Perle et Zircon fera sensation.<\/p>\n<p>Adoptez la beaut\u00e9 harmonieuse des perles et des zircons avec la bague Harmony Pearl and Zircon de Dolce Jewellery. Son design raffin\u00e9 et son m\u00e9lange captivant de textures et de couleurs refl\u00e8tent votre style sophistiqu\u00e9 et raffin\u00e9.<\/p>\n<p><strong>Type de produit :\u00a0<\/strong>Bagues<\/p>\n<p><strong>Nom du produit :\u00a0<\/strong>Bague Harmonie Perle et Zircon<\/p>\n<p><strong>Pierre: <\/strong>Zircon<\/p>\n<p><strong>Mat\u00e9riel:\u00a0<\/strong>100% Argent sterling 925<\/p>\n<p><strong>Article:\u00a0<\/strong>BKJZ185<\/p>\n<p><img loading=\"lazy\" decoding=\"async\" class=\"alignnone\" src=\"https:\/\/cdn.shopify.com\/s\/files\/1\/0559\/8819\/1417\/files\/4c155117-4f2d-41ae-94b5-79df504f2ac8_480x480.png?v=1690477426\" alt=\"\" width=\"480\" height=\"339\" \/><\/p>","protected":false},"excerpt":{"rendered":"<p>Description &amp; Details Dolce Jewellery, Pearl and Zircon Harmony Ring. Experience the perfect blend of elegance and sophistication with the Pearl and Zircon Harmony Ring. This uniquely designed ring showcases a harmonious combination of small pearls and sparkling zircon stones, creating a stunning and eye-catching accessory. The ring features a band adorned with lustrous pearls, [&#8230;]\n","protected":false},"featured_media":7192,"comment_status":"open","ping_status":"closed","template":"","meta":[],"product_brand":[],"product_cat":[37,29],"product_tag":[],"class_list":{"0":"post-3121","1":"product","2":"type-product","3":"status-publish","4":"has-post-thumbnail","6":"product_cat-rings","7":"product_cat-shop-all","9":"first","10":"instock","11":"shipping-taxable","12":"purchasable","13":"product-type-variable"},"_links":{"self":[{"href":"https:\/\/dolcejewellery.com\/fr\/wp-json\/wp\/v2\/product\/3121","targetHints":{"allow":["GET"]}}],"collection":[{"href":"https:\/\/dolcejewellery.com\/fr\/wp-json\/wp\/v2\/product"}],"about":[{"href":"https:\/\/dolcejewellery.com\/fr\/wp-json\/wp\/v2\/types\/product"}],"replies":[{"embeddable":true,"href":"https:\/\/dolcejewellery.com\/fr\/wp-json\/wp\/v2\/comments?post=3121"}],"wp:featuredmedia":[{"embeddable":true,"href":"https:\/\/dolcejewellery.com\/fr\/wp-json\/wp\/v2\/media\/7192"}],"wp:attachment":[{"href":"https:\/\/dolcejewellery.com\/fr\/wp-json\/wp\/v2\/media?parent=3121"}],"wp:term":[{"taxonomy":"product_brand","embeddable":true,"href":"https:\/\/dolcejewellery.com\/fr\/wp-json\/wp\/v2\/product_brand?post=3121"},{"taxonomy":"product_cat","embeddable":true,"href":"https:\/\/dolcejewellery.com\/fr\/wp-json\/wp\/v2\/product_cat?post=3121"},{"taxonomy":"product_tag","embeddable":true,"href":"https:\/\/dolcejewellery.com\/fr\/wp-json\/wp\/v2\/product_tag?post=3121"}],"curies":[{"name":"wp","href":"https:\/\/api.w.org\/{rel}","templated":true}]}}