{"id":3112,"date":"2025-02-01T11:14:49","date_gmt":"2025-02-01T11:14:49","guid":{"rendered":"https:\/\/dolcejewellery.com\/product\/passionate-love-ring\/"},"modified":"2025-11-13T13:36:39","modified_gmt":"2025-11-13T12:36:39","slug":"passionate-love-ring","status":"publish","type":"product","link":"https:\/\/dolcejewellery.com\/fr\/produit\/passionate-love-ring\/","title":{"rendered":"Bague d&#039;amour passionn\u00e9"},"content":{"rendered":"<h1><strong>Description et d\u00e9tails<\/strong><\/h1>\n<p><strong>Dolce Jewellery, Bague d&#039;amour passionn\u00e9.<\/strong><\/p>\n<p>D\u00e9couvrez la beaut\u00e9 et la profondeur de l&#039;amour avec notre captivante bague \u00ab\u00a0Amour Passionn\u00e9\u00a0\u00bb. Cette bague exquise, confectionn\u00e9e en argent sterling 925 v\u00e9ritable, symbolise la puret\u00e9 et la p\u00e9rennit\u00e9 de vos \u00e9motions. Sa pi\u00e8ce ma\u00eetresse est orn\u00e9e d&#039;un magnifique c\u0153ur en zircon rouge, rayonnant de passion et de romantisme.<\/p>\n<p>Autour du c\u0153ur rouge vif se trouvent de d\u00e9licates pierres de zircon blanc, scintillantes d&#039;\u00e9clat et ajoutant une touche d&#039;\u00e9l\u00e9gance au design. Ces petites pierres symbolisent magnifiquement l&#039;amour et la d\u00e9votion ind\u00e9fectibles qui vous sont chers.<\/p>\n<p>L&#039;anneau en argent sterling est m\u00e9ticuleusement con\u00e7u pour garantir confort et durabilit\u00e9, vous permettant de porter cette bague avec aisance et confiance. Sa finition lisse et polie ajoute une touche de sophistication \u00e0 son design, ce qui en fait un accessoire parfait en toute occasion.<\/p>\n<p>Que vous la portiez en symbole de votre amour ou comme cadeau attentionn\u00e9 pour un \u00eatre cher, la bague Passionate Love laissera une impression durable. Elle nous rappelle constamment les liens profonds qui nous unissent et le pouvoir de l&#039;amour dans nos vies.<\/p>\n<p>Laissez-vous s\u00e9duire par la passion et la beaut\u00e9 de l&#039;amour avec la bague Passionate Love de Dolce Jewellery. Cette bague exquise sublimera votre doigt, capturant l&#039;essence de vos \u00e9motions les plus profondes et devenant un symbole d&#039;amour intemporel.<\/p>\n<p><strong>Type de produit :\u00a0<\/strong>Bagues<\/p>\n<p><strong>Nom du produit :\u00a0<\/strong>Bague d&#039;amour passionn\u00e9<\/p>\n<p><strong>Pierre: <\/strong>Zircon<\/p>\n<p><strong>Mat\u00e9riel:\u00a0<\/strong>100% Argent sterling 925<\/p>\n<p><strong>Article:\u00a0<\/strong>BKJZ194<\/p>\n<p><img loading=\"lazy\" decoding=\"async\" class=\"alignnone\" src=\"https:\/\/cdn.shopify.com\/s\/files\/1\/0559\/8819\/1417\/files\/e1868773-665a-4037-98a2-095efa20fe0e_480x480.png?v=1690189567\" alt=\"\" width=\"480\" height=\"339\" \/><\/p>","protected":false},"excerpt":{"rendered":"<p>Description &amp; Details Dolce Jewellery, Passionate Love Ring. Experience the beauty and depth of love with our captivating Passionate Love Ring. This exquisite ring is crafted from genuine 925 sterling silver, symbolizing the purity and durability of your emotions. The centerpiece of the ring features a stunning red zircon heart, radiating with passion and romance. [&#8230;]\n","protected":false},"featured_media":7215,"comment_status":"open","ping_status":"closed","template":"","meta":[],"product_brand":[],"product_cat":[37,29],"product_tag":[],"class_list":{"0":"post-3112","1":"product","2":"type-product","3":"status-publish","4":"has-post-thumbnail","6":"product_cat-rings","7":"product_cat-shop-all","9":"first","10":"instock","11":"shipping-taxable","12":"purchasable","13":"product-type-variable"},"_links":{"self":[{"href":"https:\/\/dolcejewellery.com\/fr\/wp-json\/wp\/v2\/product\/3112","targetHints":{"allow":["GET"]}}],"collection":[{"href":"https:\/\/dolcejewellery.com\/fr\/wp-json\/wp\/v2\/product"}],"about":[{"href":"https:\/\/dolcejewellery.com\/fr\/wp-json\/wp\/v2\/types\/product"}],"replies":[{"embeddable":true,"href":"https:\/\/dolcejewellery.com\/fr\/wp-json\/wp\/v2\/comments?post=3112"}],"wp:featuredmedia":[{"embeddable":true,"href":"https:\/\/dolcejewellery.com\/fr\/wp-json\/wp\/v2\/media\/7215"}],"wp:attachment":[{"href":"https:\/\/dolcejewellery.com\/fr\/wp-json\/wp\/v2\/media?parent=3112"}],"wp:term":[{"taxonomy":"product_brand","embeddable":true,"href":"https:\/\/dolcejewellery.com\/fr\/wp-json\/wp\/v2\/product_brand?post=3112"},{"taxonomy":"product_cat","embeddable":true,"href":"https:\/\/dolcejewellery.com\/fr\/wp-json\/wp\/v2\/product_cat?post=3112"},{"taxonomy":"product_tag","embeddable":true,"href":"https:\/\/dolcejewellery.com\/fr\/wp-json\/wp\/v2\/product_tag?post=3112"}],"curies":[{"name":"wp","href":"https:\/\/api.w.org\/{rel}","templated":true}]}}