{"id":3089,"date":"2025-02-01T11:14:48","date_gmt":"2025-02-01T11:14:48","guid":{"rendered":"https:\/\/dolcejewellery.com\/product\/opal-radiance-ring\/"},"modified":"2025-11-13T13:39:12","modified_gmt":"2025-11-13T12:39:12","slug":"opal-radiance-ring","status":"publish","type":"product","link":"https:\/\/dolcejewellery.com\/fr\/produit\/opal-radiance-ring\/","title":{"rendered":"Bague Radiance Opale"},"content":{"rendered":"<h1><strong>Description et d\u00e9tails<\/strong><\/h1>\n<p><strong>Dolce Jewellery, Bague Radiance Opale.<\/strong><\/p>\n<p>Sublimez vos doigts de la beaut\u00e9 envo\u00fbtante de notre bague Opale Radiance. Confectionn\u00e9e en argent sterling 925 v\u00e9ritable, cette bague arbore un design \u00e9poustouflant alliant \u00e9l\u00e9gance et charme a\u00e9rien. Ses opales rondes sont le point central de la bague.<\/p>\n<p>La conception de l&#039;anneau ouvert apporte une touche contemporaine et \u00e9l\u00e9gante \u00e0 la pi\u00e8ce, permettant un ajustement ajustable et un port confortable. L&#039;anneau en argent sterling, fin et poli, rehausse l&#039;\u00e9l\u00e9gance g\u00e9n\u00e9rale de la bague. Avec son design ouvert, cette bague est parfaite \u00e0 superposer ou \u00e0 porter seule pour cr\u00e9er un look affirm\u00e9.<\/p>\n<p>Les pierres d&#039;opale sont soigneusement s\u00e9lectionn\u00e9es et serties de mani\u00e8re experte pour mettre en valeur leur beaut\u00e9 naturelle et leurs teintes vibrantes.<\/p>\n<p>La bague Opal Radiance est un accessoire polyvalent qui se porte en diverses occasions. Que vous participiez \u00e0 un \u00e9v\u00e9nement sp\u00e9cial, que vous sortiez entre amis ou que vous ajoutiez simplement une touche d&#039;\u00e9l\u00e9gance \u00e0 votre style quotidien, cette bague fera sensation.<\/p>\n<p>Laissez-vous s\u00e9duire par le charme envo\u00fbtant de l&#039;opale avec la bague Opal Radiance de Dolce Jewellery. Laissez les couleurs iris\u00e9es des opales refl\u00e9ter votre personnalit\u00e9 unique et ajouter une touche de magie \u00e0 votre collection de bijoux.<\/p>\n<p><strong>Type de produit :\u00a0<\/strong>Bagues<\/p>\n<p><strong>Nom du produit :\u00a0<\/strong>Bague Radiance Opale<\/p>\n<p><strong>Pierre: <\/strong>Opale<\/p>\n<p><strong>Mat\u00e9riel:\u00a0<\/strong>100% Argent sterling 925<\/p>\n<p><strong>Article:\u00a0<\/strong>BKJZ135<\/p>\n<p><img loading=\"lazy\" decoding=\"async\" class=\"alignnone\" src=\"https:\/\/cdn.shopify.com\/s\/files\/1\/0559\/8819\/1417\/files\/915c62a0-4074-4ee1-96ee-be8a8219d33c_480x480.png?v=1690188567\" alt=\"\" width=\"480\" height=\"382\" \/><\/p>","protected":false},"excerpt":{"rendered":"<p>Description &amp; Details Dolce Jewellery,\u00a0Opal Radiance Ring. Adorn your fingers with the mesmerizing beauty of our Opal Radiance Ring. Crafted from genuine 925 sterling silver, this ring showcases a stunning design that combines elegance with a touch of ethereal charm. The focal point of the ring is the round opal stones. The open ring design [&#8230;]\n","protected":false},"featured_media":7227,"comment_status":"open","ping_status":"closed","template":"","meta":[],"product_brand":[],"product_cat":[37,29],"product_tag":[],"class_list":{"0":"post-3089","1":"product","2":"type-product","3":"status-publish","4":"has-post-thumbnail","6":"product_cat-rings","7":"product_cat-shop-all","9":"first","10":"instock","11":"shipping-taxable","12":"purchasable","13":"product-type-variable"},"_links":{"self":[{"href":"https:\/\/dolcejewellery.com\/fr\/wp-json\/wp\/v2\/product\/3089","targetHints":{"allow":["GET"]}}],"collection":[{"href":"https:\/\/dolcejewellery.com\/fr\/wp-json\/wp\/v2\/product"}],"about":[{"href":"https:\/\/dolcejewellery.com\/fr\/wp-json\/wp\/v2\/types\/product"}],"replies":[{"embeddable":true,"href":"https:\/\/dolcejewellery.com\/fr\/wp-json\/wp\/v2\/comments?post=3089"}],"wp:featuredmedia":[{"embeddable":true,"href":"https:\/\/dolcejewellery.com\/fr\/wp-json\/wp\/v2\/media\/7227"}],"wp:attachment":[{"href":"https:\/\/dolcejewellery.com\/fr\/wp-json\/wp\/v2\/media?parent=3089"}],"wp:term":[{"taxonomy":"product_brand","embeddable":true,"href":"https:\/\/dolcejewellery.com\/fr\/wp-json\/wp\/v2\/product_brand?post=3089"},{"taxonomy":"product_cat","embeddable":true,"href":"https:\/\/dolcejewellery.com\/fr\/wp-json\/wp\/v2\/product_cat?post=3089"},{"taxonomy":"product_tag","embeddable":true,"href":"https:\/\/dolcejewellery.com\/fr\/wp-json\/wp\/v2\/product_tag?post=3089"}],"curies":[{"name":"wp","href":"https:\/\/api.w.org\/{rel}","templated":true}]}}