{"id":3084,"date":"2025-02-01T11:14:47","date_gmt":"2025-02-01T11:14:47","guid":{"rendered":"https:\/\/dolcejewellery.com\/product\/olive-branch-bud-hoop-earrings\/"},"modified":"2025-11-13T13:57:02","modified_gmt":"2025-11-13T12:57:02","slug":"olive-branch-bud-hoop-earrings","status":"publish","type":"product","link":"https:\/\/dolcejewellery.com\/fr\/produit\/olive-branch-bud-hoop-earrings\/","title":{"rendered":"Boucles d&#039;oreilles cr\u00e9oles en forme de bourgeon de branche d&#039;olivier"},"content":{"rendered":"<h1 data-mce-fragment=\"1\"><strong data-mce-fragment=\"1\">Description et d\u00e9tails<\/strong><\/h1>\n<p data-mce-fragment=\"1\"><strong data-mce-fragment=\"1\">Dolce Jewellery, Boucles d&#039;oreilles cr\u00e9oles en forme de bourgeon de branche d&#039;olivier.<\/strong><\/p>\n<p>Vous savez d\u00e9j\u00e0 que les accessoires peuvent sublimer ou ruiner une tenue. Ces cr\u00e9oles en forme de branche d&#039;olivier sign\u00e9es Dolce Jewellery pourraient bien vous illuminer. Adoptez-les.<\/p>\n<p>Propos\u00e9 en deux couleurs : Argent et Or Rose.<\/p>\n<p>Ces boucles d&#039;oreilles sont vendues par paire.<\/p>\n<p data-mce-fragment=\"1\"><strong data-mce-fragment=\"1\">Type de produit :<\/strong> Boucles d&#039;oreilles cr\u00e9oles<\/p>\n<p data-mce-fragment=\"1\"><strong data-mce-fragment=\"1\">Nom du produit :\u00a0<\/strong>Boucles d&#039;oreilles cr\u00e9oles en forme de bourgeon de branche d&#039;olivier<\/p>\n<p data-mce-fragment=\"1\"><strong data-mce-fragment=\"1\">Mat\u00e9riel:\u00a0<\/strong>100% Argent sterling 925<\/p>\n<p data-mce-fragment=\"1\"><strong>Poids: <\/strong>0,8 g<\/p>\n<p data-mce-fragment=\"1\"><strong data-mce-fragment=\"1\">Article:\u00a0<\/strong>BKEJ356<\/p>\n<p data-mce-fragment=\"1\"><img decoding=\"async\" src=\"https:\/\/cdn.shopify.com\/s\/files\/1\/0559\/8819\/1417\/files\/BKEJ356_480x480.png?v=1630789650\" alt=\"\" \/><\/p>","protected":false},"excerpt":{"rendered":"<p>Description &amp; Details Dolce Jewellery, Olive Branch Bud Hoop Earrings. You already know accessories can either make or break an outfit. These olive branch bud hoop earrings from Dolce Jewellery, however, might just make your day. Make them yours. Offered in two colors: Silver &amp; Rose Gold. These earrings come as a pair. Product Type: [&#8230;]\n","protected":false},"featured_media":4931,"comment_status":"open","ping_status":"closed","template":"","meta":[],"product_brand":[],"product_cat":[34,35,29],"product_tag":[27],"class_list":{"0":"post-3084","1":"product","2":"type-product","3":"status-publish","4":"has-post-thumbnail","6":"product_cat-earrings","7":"product_cat-hoop-earrings","8":"product_cat-shop-all","9":"product_tag-hoop-earrings","11":"first","12":"instock","13":"shipping-taxable","14":"purchasable","15":"product-type-variable"},"_links":{"self":[{"href":"https:\/\/dolcejewellery.com\/fr\/wp-json\/wp\/v2\/product\/3084","targetHints":{"allow":["GET"]}}],"collection":[{"href":"https:\/\/dolcejewellery.com\/fr\/wp-json\/wp\/v2\/product"}],"about":[{"href":"https:\/\/dolcejewellery.com\/fr\/wp-json\/wp\/v2\/types\/product"}],"replies":[{"embeddable":true,"href":"https:\/\/dolcejewellery.com\/fr\/wp-json\/wp\/v2\/comments?post=3084"}],"wp:featuredmedia":[{"embeddable":true,"href":"https:\/\/dolcejewellery.com\/fr\/wp-json\/wp\/v2\/media\/4931"}],"wp:attachment":[{"href":"https:\/\/dolcejewellery.com\/fr\/wp-json\/wp\/v2\/media?parent=3084"}],"wp:term":[{"taxonomy":"product_brand","embeddable":true,"href":"https:\/\/dolcejewellery.com\/fr\/wp-json\/wp\/v2\/product_brand?post=3084"},{"taxonomy":"product_cat","embeddable":true,"href":"https:\/\/dolcejewellery.com\/fr\/wp-json\/wp\/v2\/product_cat?post=3084"},{"taxonomy":"product_tag","embeddable":true,"href":"https:\/\/dolcejewellery.com\/fr\/wp-json\/wp\/v2\/product_tag?post=3084"}],"curies":[{"name":"wp","href":"https:\/\/api.w.org\/{rel}","templated":true}]}}