{"id":3082,"date":"2025-02-01T11:14:47","date_gmt":"2025-02-01T11:14:47","guid":{"rendered":"https:\/\/dolcejewellery.com\/product\/ocean-whispers-dolphin-ring\/"},"modified":"2025-11-13T13:50:43","modified_gmt":"2025-11-13T12:50:43","slug":"ocean-whispers-dolphin-ring","status":"publish","type":"product","link":"https:\/\/dolcejewellery.com\/fr\/produit\/ocean-whispers-dolphin-ring\/","title":{"rendered":"Bague Dauphin Ocean Whispers"},"content":{"rendered":"<h1><strong>Description et d\u00e9tails<\/strong><\/h1>\n<p><strong>Dolce Jewellery, Bague Dauphin Ocean Whispers.<\/strong><\/p>\n<p>Plongez dans le monde enchanteur de l&#039;oc\u00e9an avec notre bague Dauphin \u00ab\u00a0Ocean Whispers\u00a0\u00bb. Fabriqu\u00e9e en argent sterling 925 de haute qualit\u00e9, cette bague capture la gr\u00e2ce et la beaut\u00e9 de ces majestueuses cr\u00e9atures marines.<\/p>\n<p>Le point fort de cette bague est son adorable motif de dauphin, finement d\u00e9taill\u00e9 et anim\u00e9 par sa pose ludique. Sur la queue du dauphin, de petites pierres de zircon scintillent et ajoutent une touche d&#039;\u00e9clat, imitant le reflet du soleil sur l&#039;eau.<\/p>\n<p>Portez la bague Ocean Whispers Dolphin comme symbole de libert\u00e9, d&#039;espi\u00e8glerie et de connexion \u00e0 la mer. Sa conception r\u00e9glable assure un ajustement confortable, vous permettant de la porter sur n&#039;importe quel doigt et de personnaliser la taille selon vos pr\u00e9f\u00e9rences.<\/p>\n<p>Cette bague n&#039;est pas seulement un accessoire de mode, c&#039;est aussi une d\u00e9claration d&#039;amour pour la vie marine. Laissez-la vous rappeler la beaut\u00e9 et les merveilles de l&#039;oc\u00e9an et vous inspirer \u00e0 prot\u00e9ger et ch\u00e9rir nos pr\u00e9cieux \u00e9cosyst\u00e8mes marins.<\/p>\n<p>D\u00e9couvrez la magie de l&#039;oc\u00e9an avec la bague Dauphin Ocean Whispers de Dolce Jewellery. Que vous alliez \u00e0 la plage, assistiez \u00e0 un \u00e9v\u00e9nement sp\u00e9cial ou souhaitiez simplement ajouter une touche de fantaisie \u00e0 votre style quotidien, cette bague sera un ajout charmant \u00e0 votre collection de bijoux.<\/p>\n<p><strong>Type de produit :\u00a0<\/strong>Bagues<\/p>\n<p><strong>Nom du produit :\u00a0<\/strong>Bague Dauphin Ocean Whispers<\/p>\n<p><strong>Pierre:\u00a0<\/strong>Zircon<\/p>\n<p><strong>Mat\u00e9riel:\u00a0<\/strong>100% Argent sterling 925<\/p>\n<p><strong>Article:\u00a0<\/strong>BKJZ045<\/p>\n<p><img loading=\"lazy\" decoding=\"async\" class=\"alignnone\" src=\"https:\/\/cdn.shopify.com\/s\/files\/1\/0559\/8819\/1417\/files\/8f3aabac-dc8d-4012-acbc-0503ac32a928_480x480.png?v=1690191897\" alt=\"\" width=\"480\" height=\"381\" \/><\/p>","protected":false},"excerpt":{"rendered":"<p>Description &amp; Details Dolce Jewellery,\u00a0Ocean Whispers Dolphin Ring. Dive into the enchanting world of the ocean with our Ocean Whispers Dolphin Ring. Crafted from high-quality 925 sterling silver, this ring captures the grace and beauty of these majestic sea creatures. The highlight of this ring is the adorable dolphin design, intricately detailed and brought to [&#8230;]\n","protected":false},"featured_media":7233,"comment_status":"open","ping_status":"closed","template":"","meta":[],"product_brand":[],"product_cat":[37,29],"product_tag":[],"class_list":{"0":"post-3082","1":"product","2":"type-product","3":"status-publish","4":"has-post-thumbnail","6":"product_cat-rings","7":"product_cat-shop-all","9":"first","10":"instock","11":"shipping-taxable","12":"purchasable","13":"product-type-variable"},"_links":{"self":[{"href":"https:\/\/dolcejewellery.com\/fr\/wp-json\/wp\/v2\/product\/3082","targetHints":{"allow":["GET"]}}],"collection":[{"href":"https:\/\/dolcejewellery.com\/fr\/wp-json\/wp\/v2\/product"}],"about":[{"href":"https:\/\/dolcejewellery.com\/fr\/wp-json\/wp\/v2\/types\/product"}],"replies":[{"embeddable":true,"href":"https:\/\/dolcejewellery.com\/fr\/wp-json\/wp\/v2\/comments?post=3082"}],"wp:featuredmedia":[{"embeddable":true,"href":"https:\/\/dolcejewellery.com\/fr\/wp-json\/wp\/v2\/media\/7233"}],"wp:attachment":[{"href":"https:\/\/dolcejewellery.com\/fr\/wp-json\/wp\/v2\/media?parent=3082"}],"wp:term":[{"taxonomy":"product_brand","embeddable":true,"href":"https:\/\/dolcejewellery.com\/fr\/wp-json\/wp\/v2\/product_brand?post=3082"},{"taxonomy":"product_cat","embeddable":true,"href":"https:\/\/dolcejewellery.com\/fr\/wp-json\/wp\/v2\/product_cat?post=3082"},{"taxonomy":"product_tag","embeddable":true,"href":"https:\/\/dolcejewellery.com\/fr\/wp-json\/wp\/v2\/product_tag?post=3082"}],"curies":[{"name":"wp","href":"https:\/\/api.w.org\/{rel}","templated":true}]}}