{"id":3079,"date":"2025-02-01T11:14:47","date_gmt":"2025-02-01T11:14:47","guid":{"rendered":"https:\/\/dolcejewellery.com\/product\/ocean-tails-bracelet\/"},"modified":"2025-11-13T13:47:37","modified_gmt":"2025-11-13T12:47:37","slug":"ocean-tails-bracelet","status":"publish","type":"product","link":"https:\/\/dolcejewellery.com\/fr\/produit\/ocean-tails-bracelet\/","title":{"rendered":"Bracelet Queues d&#039;Oc\u00e9an"},"content":{"rendered":"<h1><strong>Description et d\u00e9tails<\/strong><\/h1>\n<p><strong>Dolce Jewellery, Bracelet Queues d&#039;Oc\u00e9an.<\/strong><\/p>\n<p>Plongez dans les profondeurs envo\u00fbtantes de l&#039;oc\u00e9an avec notre bracelet Queues de baleine. Confectionn\u00e9 en argent sterling 925 v\u00e9ritable, ce bracelet capture la beaut\u00e9 gracieuse d&#039;une queue de baleine dans un design captivant. Les d\u00e9tails raffin\u00e9s et la finition polie de la breloque queue de baleine apportent une touche d&#039;\u00e9l\u00e9gance et de fantaisie \u00e0 cette pi\u00e8ce unique.<\/p>\n<p>Ce bracelet est dot\u00e9 d&#039;une cha\u00eene d\u00e9licate qui compl\u00e8te parfaitement le charm, cr\u00e9ant un \u00e9quilibre harmonieux entre style et sophistication. La cha\u00eene r\u00e9glable assure un ajustement confortable, vous permettant de le porter facilement.<\/p>\n<p>Le bracelet Ocean Tails est plus qu&#039;un simple bijou\u00a0; c&#039;est un symbole de connexion \u00e0 la nature et \u00e0 la beaut\u00e9 de la vie marine. Il nous rappelle d&#039;accepter notre force int\u00e9rieure et de toujours suivre notre propre chemin, \u00e0 l&#039;image de la majestueuse baleine naviguant dans les courants oc\u00e9aniques.<\/p>\n<p>Ce bracelet est un accessoire polyvalent qui se porte en diverses occasions. Que vous assistiez \u00e0 un mariage sur la plage, \u00e0 une sortie d\u00e9contract\u00e9e ou que vous souhaitiez simplement ajouter une touche de charme oc\u00e9anique \u00e0 votre look quotidien, le bracelet Ocean Tails est le choix id\u00e9al. C&#039;est aussi un cadeau attentionn\u00e9 pour les passionn\u00e9s d&#039;oc\u00e9an et de nature.<\/p>\n<p>Laissez-vous s\u00e9duire par le charme des profondeurs marines avec le bracelet Ocean Tails de Dolce Jewellery. Laissez-vous transporter dans un monde de tranquillit\u00e9 et d&#039;\u00e9merveillement, et incarnez l&#039;esprit de l&#039;oc\u00e9an \u00e0 votre image. Portez ce bracelet avec fiert\u00e9 et laissez-le t\u00e9moigner de votre amour pour la beaut\u00e9 de la nature.<\/p>\n<p><strong>Type de produit : <\/strong>Bracelets<\/p>\n<p><strong>Nom du produit :\u00a0<\/strong>Bracelet Queues d&#039;Oc\u00e9an<\/p>\n<p><strong>Mat\u00e9riel: <\/strong>100% Argent sterling 925<\/p>\n<p><strong>Longueur: <\/strong>La longueur du bracelet est de 17 cm (6,7 pouces), la longueur de la cha\u00eene d&#039;extension est de 3 cm (1,2 pouces)<\/p>\n<p><strong>Article:\u00a0<\/strong>BKSL072<\/p>\n<p><img loading=\"lazy\" decoding=\"async\" class=\"alignnone wp-image-6822 size-full\" src=\"https:\/\/dolcejewellery.com\/wp-content\/uploads\/2025\/02\/0-1.png\" alt=\"\" width=\"800\" height=\"800\" srcset=\"https:\/\/dolcejewellery.com\/wp-content\/uploads\/2025\/02\/0-1.png 800w, https:\/\/dolcejewellery.com\/wp-content\/uploads\/2025\/02\/0-1-300x300.png 300w, https:\/\/dolcejewellery.com\/wp-content\/uploads\/2025\/02\/0-1-150x150.png 150w, https:\/\/dolcejewellery.com\/wp-content\/uploads\/2025\/02\/0-1-768x768.png 768w, https:\/\/dolcejewellery.com\/wp-content\/uploads\/2025\/02\/0-1-600x600.png 600w, https:\/\/dolcejewellery.com\/wp-content\/uploads\/2025\/02\/0-1-100x100.png 100w\" sizes=\"auto, (max-width: 800px) 100vw, 800px\" \/><\/p>","protected":false},"excerpt":{"rendered":"<p>Description &amp; Details Dolce Jewellery,\u00a0Ocean Tails Bracelet. Dive into the enchanting depths of the ocean with our Ocean Tails Bracelet. Crafted from genuine 925 sterling silver, this bracelet captures the graceful beauty of a whale&#8217;s tail in a captivating design. The intricate details and polished finish of the whale tail charm bring a touch of [&#8230;]\n","protected":false},"featured_media":6816,"comment_status":"open","ping_status":"closed","template":"","meta":[],"product_brand":[],"product_cat":[31,29],"product_tag":[],"class_list":{"0":"post-3079","1":"product","2":"type-product","3":"status-publish","4":"has-post-thumbnail","6":"product_cat-bracelets","7":"product_cat-shop-all","9":"first","10":"instock","11":"shipping-taxable","12":"purchasable","13":"product-type-variable"},"_links":{"self":[{"href":"https:\/\/dolcejewellery.com\/fr\/wp-json\/wp\/v2\/product\/3079","targetHints":{"allow":["GET"]}}],"collection":[{"href":"https:\/\/dolcejewellery.com\/fr\/wp-json\/wp\/v2\/product"}],"about":[{"href":"https:\/\/dolcejewellery.com\/fr\/wp-json\/wp\/v2\/types\/product"}],"replies":[{"embeddable":true,"href":"https:\/\/dolcejewellery.com\/fr\/wp-json\/wp\/v2\/comments?post=3079"}],"wp:featuredmedia":[{"embeddable":true,"href":"https:\/\/dolcejewellery.com\/fr\/wp-json\/wp\/v2\/media\/6816"}],"wp:attachment":[{"href":"https:\/\/dolcejewellery.com\/fr\/wp-json\/wp\/v2\/media?parent=3079"}],"wp:term":[{"taxonomy":"product_brand","embeddable":true,"href":"https:\/\/dolcejewellery.com\/fr\/wp-json\/wp\/v2\/product_brand?post=3079"},{"taxonomy":"product_cat","embeddable":true,"href":"https:\/\/dolcejewellery.com\/fr\/wp-json\/wp\/v2\/product_cat?post=3079"},{"taxonomy":"product_tag","embeddable":true,"href":"https:\/\/dolcejewellery.com\/fr\/wp-json\/wp\/v2\/product_tag?post=3079"}],"curies":[{"name":"wp","href":"https:\/\/api.w.org\/{rel}","templated":true}]}}