{"id":3071,"date":"2025-02-01T11:14:46","date_gmt":"2025-02-01T11:14:46","guid":{"rendered":"https:\/\/dolcejewellery.com\/product\/natural-baroque-pearl-anklet\/"},"modified":"2026-01-27T17:02:07","modified_gmt":"2026-01-27T16:02:07","slug":"natural-baroque-pearl-anklet","status":"publish","type":"product","link":"https:\/\/dolcejewellery.com\/fr\/produit\/natural-baroque-pearl-anklet\/","title":{"rendered":"Bracelet de cheville en perles baroques naturelles"},"content":{"rendered":"<h1><strong>Description et d\u00e9tails<\/strong><\/h1>\n<p><strong>Dolce Jewellery, Bracelet de cheville en perles baroques naturelles.<\/strong><\/p>\n<p>Scintillant \u00e0 la plage, ou partout o\u00f9 vous le souhaitez. Fabriqu\u00e9 en argent sterling 925 et orn\u00e9 de perles d&#039;eau douce baroques naturelles, ce bracelet de cheville Dolce Jewellery vous permettra d&#039;\u00eatre sous les projecteurs, m\u00eame pieds nus. Profitez de la lumi\u00e8re.<\/p>\n<p>Offert en deux couleurs : Argent et Or.<\/p>\n<p><strong>Type de produit :<\/strong> Bracelets de cheville<\/p>\n<p><strong>Nom du produit :\u00a0<\/strong>Bracelet de cheville en perles baroques naturelles<\/p>\n<p><strong>Type de perle :\u00a0<\/strong>Perles d&#039;eau douce baroques naturelles<\/p>\n<p><strong>Mat\u00e9riel:\u00a0<\/strong>100% Argent sterling 925<\/p>\n<p><strong>Longueurs : <\/strong>la longueur du bracelet de cheville est de 26,5 cm (10,43 pouces), la cha\u00eene d&#039;extension est r\u00e9glable<\/p>\n<p><strong>Article:\u00a0<\/strong>BKSL123<\/p>\n<p><img loading=\"lazy\" decoding=\"async\" class=\"alignnone wp-image-7456 size-full\" src=\"https:\/\/dolcejewellery.com\/wp-content\/uploads\/2025\/02\/BKSL123.png\" alt=\"\" width=\"800\" height=\"800\" srcset=\"https:\/\/dolcejewellery.com\/wp-content\/uploads\/2025\/02\/BKSL123.png 800w, https:\/\/dolcejewellery.com\/wp-content\/uploads\/2025\/02\/BKSL123-300x300.png 300w, https:\/\/dolcejewellery.com\/wp-content\/uploads\/2025\/02\/BKSL123-150x150.png 150w, https:\/\/dolcejewellery.com\/wp-content\/uploads\/2025\/02\/BKSL123-768x768.png 768w, https:\/\/dolcejewellery.com\/wp-content\/uploads\/2025\/02\/BKSL123-600x600.png 600w, https:\/\/dolcejewellery.com\/wp-content\/uploads\/2025\/02\/BKSL123-100x100.png 100w\" sizes=\"auto, (max-width: 800px) 100vw, 800px\" \/><\/p>","protected":false},"excerpt":{"rendered":"<p>Description &amp; Details Dolce Jewellery, Natural Baroque Pearl Anklet. Twinkling at the beach &#8211; or everywhere you want to. Made from 925 sterling silver and embellished with natural baroque freshwater pearls, this Dolce Jewellery anklet will ensure you&#8217;re at centre stage while you&#8217;re barefoot. Enjoy the spotlight. Offered in two colors: Silver &amp; Gold. Product [&#8230;]\n","protected":false},"featured_media":7454,"comment_status":"open","ping_status":"closed","template":"","meta":[],"product_brand":[],"product_cat":[30,29],"product_tag":[],"class_list":{"0":"post-3071","1":"product","2":"type-product","3":"status-publish","4":"has-post-thumbnail","6":"product_cat-anklets","7":"product_cat-shop-all","9":"first","10":"instock","11":"shipping-taxable","12":"purchasable","13":"product-type-variable"},"_links":{"self":[{"href":"https:\/\/dolcejewellery.com\/fr\/wp-json\/wp\/v2\/product\/3071","targetHints":{"allow":["GET"]}}],"collection":[{"href":"https:\/\/dolcejewellery.com\/fr\/wp-json\/wp\/v2\/product"}],"about":[{"href":"https:\/\/dolcejewellery.com\/fr\/wp-json\/wp\/v2\/types\/product"}],"replies":[{"embeddable":true,"href":"https:\/\/dolcejewellery.com\/fr\/wp-json\/wp\/v2\/comments?post=3071"}],"wp:featuredmedia":[{"embeddable":true,"href":"https:\/\/dolcejewellery.com\/fr\/wp-json\/wp\/v2\/media\/7454"}],"wp:attachment":[{"href":"https:\/\/dolcejewellery.com\/fr\/wp-json\/wp\/v2\/media?parent=3071"}],"wp:term":[{"taxonomy":"product_brand","embeddable":true,"href":"https:\/\/dolcejewellery.com\/fr\/wp-json\/wp\/v2\/product_brand?post=3071"},{"taxonomy":"product_cat","embeddable":true,"href":"https:\/\/dolcejewellery.com\/fr\/wp-json\/wp\/v2\/product_cat?post=3071"},{"taxonomy":"product_tag","embeddable":true,"href":"https:\/\/dolcejewellery.com\/fr\/wp-json\/wp\/v2\/product_tag?post=3071"}],"curies":[{"name":"wp","href":"https:\/\/api.w.org\/{rel}","templated":true}]}}