{"id":3068,"date":"2025-02-01T11:14:46","date_gmt":"2025-02-01T11:14:46","guid":{"rendered":"https:\/\/dolcejewellery.com\/product\/multicolored-zircon-moon-stud-earrings\/"},"modified":"2025-11-13T14:00:07","modified_gmt":"2025-11-13T13:00:07","slug":"multicolored-zircon-moon-stud-earrings","status":"publish","type":"product","link":"https:\/\/dolcejewellery.com\/fr\/produit\/multicolored-zircon-moon-stud-earrings\/","title":{"rendered":"Boucles d&#039;oreilles \u00e0 tige en zircon multicolore en forme de lune"},"content":{"rendered":"<h1><strong>Description et d\u00e9tails<\/strong><\/h1>\n<p><strong>Dolce Jewellery, Boucles d&#039;oreilles \u00e0 tige en zircon multicolore en forme de lune.<\/strong><\/p>\n<p>Affirmez votre style. Impossible de ne pas le faire avec ces boucles d&#039;oreilles lune en zircon multicolore sign\u00e9es Dolce Jewellery\u00a0! Attendez-vous \u00e0 des compliments. Une d\u00e9claration d&#039;\u00e9l\u00e9gance assur\u00e9ment.<\/p>\n<p>Disponible en deux couleurs : Argent et Or.<\/p>\n<p>Ces boucles d&#039;oreilles sont vendues par paire.<\/p>\n<p><strong>Type de produit :<\/strong> Boucles d&#039;oreilles \u00e0 tige<\/p>\n<p><strong>Nom du produit :\u00a0<\/strong>Boucles d&#039;oreilles \u00e0 tige en zircon multicolore en forme de lune<\/p>\n<p><strong>Pierre: <\/strong>Zircon<\/p>\n<p><strong>Mat\u00e9riel:\u00a0<\/strong>100% Argent sterling 925<\/p>\n<p><strong>Poids: <\/strong>0,4 g<\/p>\n<p><strong>Article:\u00a0<\/strong>BKEJ068<\/p>\n<p><img loading=\"lazy\" decoding=\"async\" class=\"alignnone wp-image-7694 size-full\" src=\"https:\/\/dolcejewellery.com\/wp-content\/uploads\/2025\/02\/BKEJ068.png\" alt=\"\" width=\"780\" height=\"551\" srcset=\"https:\/\/dolcejewellery.com\/wp-content\/uploads\/2025\/02\/BKEJ068.png 780w, https:\/\/dolcejewellery.com\/wp-content\/uploads\/2025\/02\/BKEJ068-300x212.png 300w, https:\/\/dolcejewellery.com\/wp-content\/uploads\/2025\/02\/BKEJ068-768x543.png 768w\" sizes=\"auto, (max-width: 780px) 100vw, 780px\" \/><\/p>","protected":false},"excerpt":{"rendered":"<p>Description &amp; Details Dolce Jewellery,\u00a0Multicolored Zircon Moon Stud Earrings. Always make a statement. And it&#8217;s impossible not to when wearing this pair of multicolored zircon moon stud earrings by Dolce Jewellery, so expect compliments. A very stylish statement indeed. Available in two colors: Silver &amp; Gold. These earrings come as a pair. Product Type: Stud [&#8230;]\n","protected":false},"featured_media":7687,"comment_status":"open","ping_status":"closed","template":"","meta":[],"product_brand":[],"product_cat":[34,29,38],"product_tag":[25],"class_list":{"0":"post-3068","1":"product","2":"type-product","3":"status-publish","4":"has-post-thumbnail","6":"product_cat-earrings","7":"product_cat-shop-all","8":"product_cat-stud-earrings","9":"product_tag-stud-earrings","11":"first","12":"instock","13":"shipping-taxable","14":"purchasable","15":"product-type-variable"},"_links":{"self":[{"href":"https:\/\/dolcejewellery.com\/fr\/wp-json\/wp\/v2\/product\/3068","targetHints":{"allow":["GET"]}}],"collection":[{"href":"https:\/\/dolcejewellery.com\/fr\/wp-json\/wp\/v2\/product"}],"about":[{"href":"https:\/\/dolcejewellery.com\/fr\/wp-json\/wp\/v2\/types\/product"}],"replies":[{"embeddable":true,"href":"https:\/\/dolcejewellery.com\/fr\/wp-json\/wp\/v2\/comments?post=3068"}],"wp:featuredmedia":[{"embeddable":true,"href":"https:\/\/dolcejewellery.com\/fr\/wp-json\/wp\/v2\/media\/7687"}],"wp:attachment":[{"href":"https:\/\/dolcejewellery.com\/fr\/wp-json\/wp\/v2\/media?parent=3068"}],"wp:term":[{"taxonomy":"product_brand","embeddable":true,"href":"https:\/\/dolcejewellery.com\/fr\/wp-json\/wp\/v2\/product_brand?post=3068"},{"taxonomy":"product_cat","embeddable":true,"href":"https:\/\/dolcejewellery.com\/fr\/wp-json\/wp\/v2\/product_cat?post=3068"},{"taxonomy":"product_tag","embeddable":true,"href":"https:\/\/dolcejewellery.com\/fr\/wp-json\/wp\/v2\/product_tag?post=3068"}],"curies":[{"name":"wp","href":"https:\/\/api.w.org\/{rel}","templated":true}]}}