{"id":3059,"date":"2025-02-01T11:14:45","date_gmt":"2025-02-01T11:14:45","guid":{"rendered":"https:\/\/dolcejewellery.com\/product\/moonlit-radiance-necklace\/"},"modified":"2025-11-13T14:11:55","modified_gmt":"2025-11-13T13:11:55","slug":"moonlit-radiance-necklace","status":"publish","type":"product","link":"https:\/\/dolcejewellery.com\/fr\/produit\/moonlit-radiance-necklace\/","title":{"rendered":"Collier \u00c9clat de Lune"},"content":{"rendered":"<h1><strong>Description et d\u00e9tails<\/strong><\/h1>\n<p><strong>Dolce Jewellery, Collier \u00c9clat de Lune.<\/strong><\/p>\n<p>D\u00e9couvrez la beaut\u00e9 envo\u00fbtante du collier Moonlit Radiance, un bijou \u00e9poustouflant qui capture l&#039;allure c\u00e9leste. Confectionn\u00e9 en argent sterling 925 v\u00e9ritable, ce collier est dot\u00e9 d&#039;une d\u00e9licate cha\u00eene \u00e0 maillons orn\u00e9e de petites \u00e9toiles et de lunes, couronn\u00e9e d&#039;un pendentif \u00e9poustouflant en son centre.<\/p>\n<p>Le point central de ce collier exquis est le zircon rayonnant nich\u00e9 dans un pendentif en forme de lune. Ce zircon scintillant apporte une touche d&#039;\u00e9l\u00e9gance et de brillance, refl\u00e9tant la beaut\u00e9 \u00e9th\u00e9r\u00e9e du ciel nocturne.<\/p>\n<p>Avec son design enchanteur et son savoir-faire m\u00e9ticuleux, le collier Moonlit Radiance est parfait pour exprimer votre style unique lors de f\u00eates et d&#039;occasions sp\u00e9ciales. Sa longueur clavicule sublime votre d\u00e9collet\u00e9, ce qui en fait un accessoire captivant qui compl\u00e8tera sans effort une grande vari\u00e9t\u00e9 de tenues.<\/p>\n<p>Sublimez votre collection de bijoux avec le collier Moonlit Radiance de Dolce Jewellery. Sa structure en argent sterling v\u00e9ritable, ses accents d&#039;inspiration c\u00e9leste et son pendentif en zircon scintillant cr\u00e9ent une pi\u00e8ce captivante, alliant sophistication et enchantement. Laissez ce collier illuminer votre beaut\u00e9 et \u00e9voquer la magie des nuits de clair de lune.<\/p>\n<p><strong>Type de produit : <\/strong>Colliers<\/p>\n<p><strong>Nom du produit :\u00a0<\/strong>Collier \u00c9clat de Lune<\/p>\n<p><strong>Pierre: <\/strong>Zircon<\/p>\n<p><strong>Mat\u00e9riel: <\/strong>100% Argent sterling 925<\/p>\n<p><strong>Longueur: <\/strong>39,5 cm (15,5 pouces), la longueur de la cha\u00eene peut \u00eatre allong\u00e9e d&#039;environ 4 cm (1,6 pouces)<\/p>\n<p><strong>Article:\u00a0<\/strong>BKXL102<\/p>\n<p><img decoding=\"async\" src=\"https:\/\/cdn.shopify.com\/s\/files\/1\/0559\/8819\/1417\/files\/ab7f13b6-ce96-4ae4-8faf-a88beebce0a3_480x480.png?v=1689501009\" alt=\"\" \/><\/p>","protected":false},"excerpt":{"rendered":"<p>Description &amp; Details Dolce Jewellery,\u00a0Moonlit Radiance Necklace. Experience the mesmerizing beauty of the Moonlit Radiance Necklace, a stunning piece of jewellery that captures the celestial allure. Crafted from genuine 925 sterling silver, this necklace features a delicate link chain adorned with little stars and moons, culminating in a breathtaking pendant at its center. The focal [&#8230;]\n","protected":false},"featured_media":6416,"comment_status":"open","ping_status":"closed","template":"","meta":[],"product_brand":[],"product_cat":[36,29],"product_tag":[],"class_list":{"0":"post-3059","1":"product","2":"type-product","3":"status-publish","4":"has-post-thumbnail","6":"product_cat-necklaces","7":"product_cat-shop-all","9":"first","10":"instock","11":"shipping-taxable","12":"purchasable","13":"product-type-variable"},"_links":{"self":[{"href":"https:\/\/dolcejewellery.com\/fr\/wp-json\/wp\/v2\/product\/3059","targetHints":{"allow":["GET"]}}],"collection":[{"href":"https:\/\/dolcejewellery.com\/fr\/wp-json\/wp\/v2\/product"}],"about":[{"href":"https:\/\/dolcejewellery.com\/fr\/wp-json\/wp\/v2\/types\/product"}],"replies":[{"embeddable":true,"href":"https:\/\/dolcejewellery.com\/fr\/wp-json\/wp\/v2\/comments?post=3059"}],"wp:featuredmedia":[{"embeddable":true,"href":"https:\/\/dolcejewellery.com\/fr\/wp-json\/wp\/v2\/media\/6416"}],"wp:attachment":[{"href":"https:\/\/dolcejewellery.com\/fr\/wp-json\/wp\/v2\/media?parent=3059"}],"wp:term":[{"taxonomy":"product_brand","embeddable":true,"href":"https:\/\/dolcejewellery.com\/fr\/wp-json\/wp\/v2\/product_brand?post=3059"},{"taxonomy":"product_cat","embeddable":true,"href":"https:\/\/dolcejewellery.com\/fr\/wp-json\/wp\/v2\/product_cat?post=3059"},{"taxonomy":"product_tag","embeddable":true,"href":"https:\/\/dolcejewellery.com\/fr\/wp-json\/wp\/v2\/product_tag?post=3059"}],"curies":[{"name":"wp","href":"https:\/\/api.w.org\/{rel}","templated":true}]}}