{"id":3047,"date":"2025-02-01T11:14:45","date_gmt":"2025-02-01T11:14:45","guid":{"rendered":"https:\/\/dolcejewellery.com\/product\/minimalist-punk-hoop-earrings\/"},"modified":"2025-11-13T14:07:46","modified_gmt":"2025-11-13T13:07:46","slug":"minimalist-punk-hoop-earrings","status":"publish","type":"product","link":"https:\/\/dolcejewellery.com\/fr\/produit\/minimalist-punk-hoop-earrings\/","title":{"rendered":"Boucles d&#039;oreilles cr\u00e9oles punk minimalistes"},"content":{"rendered":"<h1><strong>Description et d\u00e9tails<\/strong><\/h1>\n<p><strong>Dolce Jewellery, Boucles d&#039;oreilles cr\u00e9oles punk minimalistes\u00a0<\/strong><\/p>\n<p>Commen\u00e7ons par le commencement. On sait pertinemment que vous ne sortez jamais sans un bel accessoire. Mais on est sinc\u00e8rement convaincus que vous faites quelque chose de mal. Pourquoi, vous demandez-vous\u00a0? Parce que votre collection ne sera jamais compl\u00e8te sans ces cr\u00e9oles punk minimalistes sign\u00e9es Dolce Jewellery. N&#039;attendez plus.<\/p>\n<p>Disponible en deux couleurs : Argent et Or.<\/p>\n<p>Ces boucles d&#039;oreilles sont vendues par paire.<\/p>\n<p><strong>Type de produit :<\/strong> Boucles d&#039;oreilles cr\u00e9oles<\/p>\n<p><strong>Nom du produit :\u00a0<\/strong>Boucles d&#039;oreilles cr\u00e9oles punk minimalistes<\/p>\n<p><strong>Mat\u00e9riel:\u00a0<\/strong>100% Argent sterling 925<\/p>\n<p><strong>Poids: <\/strong>4,31 g<\/p>\n<p><strong>Article:\u00a0<\/strong>MEJ371<\/p>\n<p><img loading=\"lazy\" decoding=\"async\" class=\"alignnone\" src=\"https:\/\/cdn.shopify.com\/s\/files\/1\/0559\/8819\/1417\/files\/8088ec43-d7d6-47aa-bc6d-3d8733f80d49_480x480.png?v=1630521118\" alt=\"\" width=\"480\" height=\"382\" \/><\/p>","protected":false},"excerpt":{"rendered":"<p>Description &amp; Details Dolce Jewellery,\u00a0Minimalist Punk Hoop Earrings\u00a0 First things first. We know for a fact you never leave the house without a nice accessory. But we honestly believe you&#8217;re doing something wrong. Why, you ask? Because your collection will never be complete until you add these minimalist punk hoop earrings from Dolce Jewellery. Don&#8217;t [&#8230;]\n","protected":false},"featured_media":7705,"comment_status":"open","ping_status":"closed","template":"","meta":[],"product_brand":[],"product_cat":[34,35,29],"product_tag":[27],"class_list":{"0":"post-3047","1":"product","2":"type-product","3":"status-publish","4":"has-post-thumbnail","6":"product_cat-earrings","7":"product_cat-hoop-earrings","8":"product_cat-shop-all","9":"product_tag-hoop-earrings","11":"first","12":"instock","13":"shipping-taxable","14":"purchasable","15":"product-type-variable"},"_links":{"self":[{"href":"https:\/\/dolcejewellery.com\/fr\/wp-json\/wp\/v2\/product\/3047","targetHints":{"allow":["GET"]}}],"collection":[{"href":"https:\/\/dolcejewellery.com\/fr\/wp-json\/wp\/v2\/product"}],"about":[{"href":"https:\/\/dolcejewellery.com\/fr\/wp-json\/wp\/v2\/types\/product"}],"replies":[{"embeddable":true,"href":"https:\/\/dolcejewellery.com\/fr\/wp-json\/wp\/v2\/comments?post=3047"}],"wp:featuredmedia":[{"embeddable":true,"href":"https:\/\/dolcejewellery.com\/fr\/wp-json\/wp\/v2\/media\/7705"}],"wp:attachment":[{"href":"https:\/\/dolcejewellery.com\/fr\/wp-json\/wp\/v2\/media?parent=3047"}],"wp:term":[{"taxonomy":"product_brand","embeddable":true,"href":"https:\/\/dolcejewellery.com\/fr\/wp-json\/wp\/v2\/product_brand?post=3047"},{"taxonomy":"product_cat","embeddable":true,"href":"https:\/\/dolcejewellery.com\/fr\/wp-json\/wp\/v2\/product_cat?post=3047"},{"taxonomy":"product_tag","embeddable":true,"href":"https:\/\/dolcejewellery.com\/fr\/wp-json\/wp\/v2\/product_tag?post=3047"}],"curies":[{"name":"wp","href":"https:\/\/api.w.org\/{rel}","templated":true}]}}