{"id":3044,"date":"2025-02-01T11:14:44","date_gmt":"2025-02-01T11:14:44","guid":{"rendered":"https:\/\/dolcejewellery.com\/product\/minimalist-love-heart-pendant-necklace\/"},"modified":"2025-11-13T15:23:16","modified_gmt":"2025-11-13T14:23:16","slug":"minimalist-love-heart-pendant-necklace","status":"publish","type":"product","link":"https:\/\/dolcejewellery.com\/fr\/produit\/minimalist-love-heart-pendant-necklace\/","title":{"rendered":"Collier pendentif c\u0153ur d&#039;amour minimaliste"},"content":{"rendered":"<h1><strong>Description et d\u00e9tails<\/strong><\/h1>\n<p><strong>Dolce Jewellery, Collier pendentif minimaliste en forme de c\u0153ur.<\/strong><\/p>\n<p>Tout en moi, tout en vous\u2026 Ce mini pendentif c\u0153ur brillant en argent sterling de Dolce Jewellery vous fera vibrer comme une chanson d&#039;amour. Appuyez sur lecture.<strong>\u00a0<\/strong><\/p>\n<p>Offert en deux couleurs : Argent et Or.<\/p>\n<p><strong>Type de produit : <\/strong>Colliers<\/p>\n<p><strong>Nom du produit :\u00a0<\/strong>Collier pendentif c\u0153ur d&#039;amour minimaliste<\/p>\n<p><strong>Mat\u00e9riel: <\/strong>100% Argent sterling 925<\/p>\n<p><strong>Longueur: <\/strong>40 cm (15,7 pouces), la longueur de la cha\u00eene peut \u00eatre allong\u00e9e d&#039;environ 3 cm (1,2 pouces)<\/p>\n<p><strong>Article:\u00a0<\/strong>BKXL051<\/p>\n<p><img loading=\"lazy\" decoding=\"async\" class=\"alignnone wp-image-6426 size-full\" src=\"https:\/\/dolcejewellery.com\/wp-content\/uploads\/2025\/02\/d84ead36-9b59-4dae-821e-ead0b5ff7d5d.jpg\" alt=\"\" width=\"718\" height=\"718\" srcset=\"https:\/\/dolcejewellery.com\/wp-content\/uploads\/2025\/02\/d84ead36-9b59-4dae-821e-ead0b5ff7d5d.jpg 718w, https:\/\/dolcejewellery.com\/wp-content\/uploads\/2025\/02\/d84ead36-9b59-4dae-821e-ead0b5ff7d5d-300x300.jpg 300w, https:\/\/dolcejewellery.com\/wp-content\/uploads\/2025\/02\/d84ead36-9b59-4dae-821e-ead0b5ff7d5d-150x150.jpg 150w, https:\/\/dolcejewellery.com\/wp-content\/uploads\/2025\/02\/d84ead36-9b59-4dae-821e-ead0b5ff7d5d-600x600.jpg 600w, https:\/\/dolcejewellery.com\/wp-content\/uploads\/2025\/02\/d84ead36-9b59-4dae-821e-ead0b5ff7d5d-100x100.jpg 100w\" sizes=\"auto, (max-width: 718px) 100vw, 718px\" \/><\/p>","protected":false},"excerpt":{"rendered":"<p>Description &amp; Details Dolce Jewellery,\u00a0Minimalist Love Heart Pendant Necklace. All of me loves all of you&#8230; This sterling silver glossy mini love heart pendant necklace from Dolce Jewellery will hit you like a love song. Press play.\u00a0 Offered in two colors: Silver &amp; Gold. Product Type: Necklaces Product Name:\u00a0Minimalist Love Heart Pendant Necklace Material: 100% [&#8230;]\n","protected":false},"featured_media":6421,"comment_status":"open","ping_status":"closed","template":"","meta":[],"product_brand":[],"product_cat":[36,29],"product_tag":[],"class_list":{"0":"post-3044","1":"product","2":"type-product","3":"status-publish","4":"has-post-thumbnail","6":"product_cat-necklaces","7":"product_cat-shop-all","9":"first","10":"instock","11":"shipping-taxable","12":"purchasable","13":"product-type-variable"},"_links":{"self":[{"href":"https:\/\/dolcejewellery.com\/fr\/wp-json\/wp\/v2\/product\/3044","targetHints":{"allow":["GET"]}}],"collection":[{"href":"https:\/\/dolcejewellery.com\/fr\/wp-json\/wp\/v2\/product"}],"about":[{"href":"https:\/\/dolcejewellery.com\/fr\/wp-json\/wp\/v2\/types\/product"}],"replies":[{"embeddable":true,"href":"https:\/\/dolcejewellery.com\/fr\/wp-json\/wp\/v2\/comments?post=3044"}],"wp:featuredmedia":[{"embeddable":true,"href":"https:\/\/dolcejewellery.com\/fr\/wp-json\/wp\/v2\/media\/6421"}],"wp:attachment":[{"href":"https:\/\/dolcejewellery.com\/fr\/wp-json\/wp\/v2\/media?parent=3044"}],"wp:term":[{"taxonomy":"product_brand","embeddable":true,"href":"https:\/\/dolcejewellery.com\/fr\/wp-json\/wp\/v2\/product_brand?post=3044"},{"taxonomy":"product_cat","embeddable":true,"href":"https:\/\/dolcejewellery.com\/fr\/wp-json\/wp\/v2\/product_cat?post=3044"},{"taxonomy":"product_tag","embeddable":true,"href":"https:\/\/dolcejewellery.com\/fr\/wp-json\/wp\/v2\/product_tag?post=3044"}],"curies":[{"name":"wp","href":"https:\/\/api.w.org\/{rel}","templated":true}]}}