{"id":3043,"date":"2025-02-01T11:14:44","date_gmt":"2025-02-01T11:14:44","guid":{"rendered":"https:\/\/dolcejewellery.com\/product\/minimalist-line-bracelet\/"},"modified":"2025-11-13T14:15:21","modified_gmt":"2025-11-13T13:15:21","slug":"minimalist-line-bracelet","status":"publish","type":"product","link":"https:\/\/dolcejewellery.com\/fr\/produit\/minimalist-line-bracelet\/","title":{"rendered":"Bracelet Ligne Minimaliste"},"content":{"rendered":"<h1><strong>Description et d\u00e9tails<\/strong><\/h1>\n<p><strong>Dolce Jewellery, Bracelet Ligne Minimaliste.<\/strong><\/p>\n<p>Adoptez la simplicit\u00e9 et l&#039;\u00e9l\u00e9gance avec le bracelet Minimalist Line. Fabriqu\u00e9 en argent sterling 925 v\u00e9ritable, ce bracelet arbore un design \u00e9pur\u00e9 et minimaliste qui compl\u00e8tera sans effort votre style avant-gardiste.<\/p>\n<p>Cette cha\u00eene fine et \u00e9pur\u00e9e pr\u00e9sente une esth\u00e9tique moderne et \u00e9pur\u00e9e, ce qui en fait une pi\u00e8ce polyvalente \u00e0 porter en toute occasion. Sa beaut\u00e9 discr\u00e8te vous permet de la superposer facilement avec d&#039;autres bracelets ou de la porter seule.<\/p>\n<p>Fabriqu\u00e9 en argent sterling de haute qualit\u00e9, ce bracelet garantit durabilit\u00e9 et long\u00e9vit\u00e9. Sa cha\u00eene r\u00e9glable offre un maintien confortable et s\u00fbr, vous permettant de l&#039;ajuster \u00e0 la longueur souhait\u00e9e.<\/p>\n<p>Le bracelet Minimalist Line est l&#039;accessoire id\u00e9al pour exprimer votre cr\u00e9ativit\u00e9 et mettre en valeur votre sens de la mode. Que vous souhaitiez vous habiller pour une occasion sp\u00e9ciale ou ajouter une touche de sophistication \u00e0 votre look quotidien, ce bracelet est un incontournable de votre collection de bijoux.<\/p>\n<p>D\u00e9couvrez l&#039;\u00e9l\u00e9gance intemporelle et la simplicit\u00e9 moderne du bracelet Minimalist Line de Dolce Jewellery. Reflet de votre cr\u00e9ativit\u00e9, il est une pi\u00e8ce polyvalente qui sublimera votre style personnel en toute simplicit\u00e9.<\/p>\n<p><strong>Type de produit : <\/strong>Bracelets<\/p>\n<p><strong>Nom du produit :\u00a0<\/strong>Bracelet Ligne Minimaliste<\/p>\n<p><strong>Mat\u00e9riel: <\/strong>100% Argent sterling 925<\/p>\n<p><strong>Longueur: <\/strong>La longueur du bracelet est de 16 cm (6,3 pouces), la longueur de la cha\u00eene d&#039;extension est de 4 cm (1,6 pouces)<\/p>\n<p><strong>Article:\u00a0<\/strong>BKSL070<\/p>\n<p><img loading=\"lazy\" decoding=\"async\" class=\"alignnone\" src=\"https:\/\/cdn.shopify.com\/s\/files\/1\/0559\/8819\/1417\/files\/41973886-6a69-43ae-8ea8-0b5297774a27_480x480.jpg?v=1689951871\" alt=\"\" width=\"480\" height=\"339\" \/><\/p>","protected":false},"excerpt":{"rendered":"<p>Description &amp; Details Dolce Jewellery,\u00a0Minimalist Line Bracelet. Embrace simplicity and elegance with the Minimalist Line Bracelet. Crafted from genuine 925 sterling silver, this bracelet embodies a sleek and minimalistic design that effortlessly complements your fashion-forward style. The delicate line chain showcases a clean and modern aesthetic, making it a versatile piece that can be worn [&#8230;]\n","protected":false},"featured_media":6825,"comment_status":"open","ping_status":"closed","template":"","meta":[],"product_brand":[],"product_cat":[31,29],"product_tag":[],"class_list":{"0":"post-3043","1":"product","2":"type-product","3":"status-publish","4":"has-post-thumbnail","6":"product_cat-bracelets","7":"product_cat-shop-all","9":"first","10":"instock","11":"shipping-taxable","12":"purchasable","13":"product-type-simple"},"_links":{"self":[{"href":"https:\/\/dolcejewellery.com\/fr\/wp-json\/wp\/v2\/product\/3043","targetHints":{"allow":["GET"]}}],"collection":[{"href":"https:\/\/dolcejewellery.com\/fr\/wp-json\/wp\/v2\/product"}],"about":[{"href":"https:\/\/dolcejewellery.com\/fr\/wp-json\/wp\/v2\/types\/product"}],"replies":[{"embeddable":true,"href":"https:\/\/dolcejewellery.com\/fr\/wp-json\/wp\/v2\/comments?post=3043"}],"wp:featuredmedia":[{"embeddable":true,"href":"https:\/\/dolcejewellery.com\/fr\/wp-json\/wp\/v2\/media\/6825"}],"wp:attachment":[{"href":"https:\/\/dolcejewellery.com\/fr\/wp-json\/wp\/v2\/media?parent=3043"}],"wp:term":[{"taxonomy":"product_brand","embeddable":true,"href":"https:\/\/dolcejewellery.com\/fr\/wp-json\/wp\/v2\/product_brand?post=3043"},{"taxonomy":"product_cat","embeddable":true,"href":"https:\/\/dolcejewellery.com\/fr\/wp-json\/wp\/v2\/product_cat?post=3043"},{"taxonomy":"product_tag","embeddable":true,"href":"https:\/\/dolcejewellery.com\/fr\/wp-json\/wp\/v2\/product_tag?post=3043"}],"curies":[{"name":"wp","href":"https:\/\/api.w.org\/{rel}","templated":true}]}}