{"id":3039,"date":"2025-02-01T11:14:43","date_gmt":"2025-02-01T11:14:43","guid":{"rendered":"https:\/\/dolcejewellery.com\/product\/minimalist-harmony-necklace\/"},"modified":"2025-11-13T15:29:41","modified_gmt":"2025-11-13T14:29:41","slug":"minimalist-harmony-necklace","status":"publish","type":"product","link":"https:\/\/dolcejewellery.com\/fr\/produit\/minimalist-harmony-necklace\/","title":{"rendered":"Collier Harmonie Minimaliste"},"content":{"rendered":"<h1><strong>Description et d\u00e9tails<\/strong><\/h1>\n<p><strong>Dolce Jewellery, Collier Harmonie Minimaliste.<\/strong><\/p>\n<p>D\u00e9couvrez l&#039;\u00e9quilibre parfait entre simplicit\u00e9 et charme avec le collier Minimalist Harmony. Confectionn\u00e9 en argent sterling 925 v\u00e9ritable, ce collier arbore un design \u00e0 double cha\u00eene, chacune affichant un style unique.<\/p>\n<p>La cha\u00eene plus large est orn\u00e9e de petits disques ronds, ajoutant une touche d&#039;\u00e9l\u00e9gance discr\u00e8te au collier. Le design \u00e9pur\u00e9 et minimaliste des disques cr\u00e9e un look moderne et chic, parfait en toute occasion.<\/p>\n<p>La petite cha\u00eene est orn\u00e9e de petites perles, rehaussant l&#039;esth\u00e9tique g\u00e9n\u00e9rale et ajoutant une touche d\u00e9licate et ludique au collier. L&#039;association des breloques disques et des perles cr\u00e9e un m\u00e9lange harmonieux de minimalisme et de charme.<\/p>\n<p>Le collier Minimalist Harmony est con\u00e7u pour sublimer votre style. Cet accessoire polyvalent s&#039;harmonise aussi bien avec vos tenues d\u00e9contract\u00e9es que festives, ce qui en fait un incontournable de votre collection de bijoux.<\/p>\n<p>Sublimez votre collection de bijoux avec le collier Minimalist Harmony de Dolce Jewellery. Con\u00e7u avec le plus grand soin, il incarne l&#039;essence m\u00eame du minimalisme mode avec une touche de charme. Refl\u00e9tant votre style unique, il apportera une touche d&#039;\u00e9l\u00e9gance \u00e0 votre clavicule, parfait pour des looks de soir\u00e9e d&#039;inspiration cor\u00e9enne et bien plus encore.<\/p>\n<p><strong>Type de produit : <\/strong>Colliers<\/p>\n<p><strong>Nom du produit :\u00a0<\/strong>Collier Harmonie Minimaliste<\/p>\n<p><strong>Mat\u00e9riel: <\/strong>100% Argent sterling 925<\/p>\n<p><strong>Longueur: <\/strong>39,5 cm (15,5 pouces), la longueur de la cha\u00eene peut \u00eatre allong\u00e9e d&#039;environ 7,5 cm (3 pouces)<\/p>\n<p><strong>Article:\u00a0<\/strong>BKXL125<\/p>\n<p><img loading=\"lazy\" decoding=\"async\" class=\"alignnone\" src=\"https:\/\/cdn.shopify.com\/s\/files\/1\/0559\/8819\/1417\/files\/e1361c06-20e6-4532-81d2-36d396e4f9c9_480x480.png?v=1686991413\" alt=\"\" width=\"480\" height=\"411\" \/><\/p>","protected":false},"excerpt":{"rendered":"<p>Description &amp; Details Dolce Jewellery,\u00a0Minimalist Harmony Necklace. Discover the perfect balance of simplicity and charm with the Minimalist Harmony Necklace. Crafted from genuine 925 sterling silver, this necklace features a double-chain design, with each chain showcasing its own unique style. The larger chain is adorned with round small disc charms, adding a touch of understated [&#8230;]\n","protected":false},"featured_media":6430,"comment_status":"open","ping_status":"closed","template":"","meta":[],"product_brand":[],"product_cat":[36,29],"product_tag":[],"class_list":{"0":"post-3039","1":"product","2":"type-product","3":"status-publish","4":"has-post-thumbnail","6":"product_cat-necklaces","7":"product_cat-shop-all","9":"first","10":"instock","11":"shipping-taxable","12":"purchasable","13":"product-type-simple"},"_links":{"self":[{"href":"https:\/\/dolcejewellery.com\/fr\/wp-json\/wp\/v2\/product\/3039","targetHints":{"allow":["GET"]}}],"collection":[{"href":"https:\/\/dolcejewellery.com\/fr\/wp-json\/wp\/v2\/product"}],"about":[{"href":"https:\/\/dolcejewellery.com\/fr\/wp-json\/wp\/v2\/types\/product"}],"replies":[{"embeddable":true,"href":"https:\/\/dolcejewellery.com\/fr\/wp-json\/wp\/v2\/comments?post=3039"}],"wp:featuredmedia":[{"embeddable":true,"href":"https:\/\/dolcejewellery.com\/fr\/wp-json\/wp\/v2\/media\/6430"}],"wp:attachment":[{"href":"https:\/\/dolcejewellery.com\/fr\/wp-json\/wp\/v2\/media?parent=3039"}],"wp:term":[{"taxonomy":"product_brand","embeddable":true,"href":"https:\/\/dolcejewellery.com\/fr\/wp-json\/wp\/v2\/product_brand?post=3039"},{"taxonomy":"product_cat","embeddable":true,"href":"https:\/\/dolcejewellery.com\/fr\/wp-json\/wp\/v2\/product_cat?post=3039"},{"taxonomy":"product_tag","embeddable":true,"href":"https:\/\/dolcejewellery.com\/fr\/wp-json\/wp\/v2\/product_tag?post=3039"}],"curies":[{"name":"wp","href":"https:\/\/api.w.org\/{rel}","templated":true}]}}