{"id":3038,"date":"2025-02-01T11:14:43","date_gmt":"2025-02-01T11:14:43","guid":{"rendered":"https:\/\/dolcejewellery.com\/product\/minimalist-golden-snake-bone-chain-bracelet\/"},"modified":"2025-11-13T15:26:44","modified_gmt":"2025-11-13T14:26:44","slug":"minimalist-golden-snake-bone-chain-bracelet","status":"publish","type":"product","link":"https:\/\/dolcejewellery.com\/fr\/produit\/minimalist-golden-snake-bone-chain-bracelet\/","title":{"rendered":"Bracelet minimaliste en cha\u00eene d&#039;os de serpent dor\u00e9"},"content":{"rendered":"<h1><strong>Description et d\u00e9tails<\/strong><\/h1>\n<p><strong>Dolce Jewellery, Bracelet minimaliste en cha\u00eene en os de serpent dor\u00e9.<\/strong><\/p>\n<p>Le compl\u00e9ment parfait \u00e0 toutes vos tenues. Ce bracelet Dolce Jewellery arbore un design minimaliste dor\u00e9 en argent sterling. Votre tenue brillera gr\u00e2ce \u00e0 ce bracelet cha\u00eene serpent dor\u00e9. Compl\u00e9tez n&#039;importe quel look avec le plus grand soin.<\/p>\n<p><strong>Type de produit :\u00a0<\/strong>Bracelets<\/p>\n<p><strong>Nom du produit :\u00a0<\/strong>Bracelet minimaliste en cha\u00eene d&#039;os de serpent dor\u00e9<\/p>\n<p><strong>Mat\u00e9riel: <\/strong>100% Argent sterling 925<\/p>\n<p><strong>Longueurs : <\/strong>la longueur du bracelet est de 17 cm (6,7 pouces), la longueur de la cha\u00eene d&#039;extension est de 4 cm (1,6 pouces)<\/p>\n<p><strong>Article:\u00a0<\/strong>BKSL044<\/p>\n<p><img loading=\"lazy\" decoding=\"async\" class=\"alignnone\" src=\"https:\/\/cdn.shopify.com\/s\/files\/1\/0559\/8819\/1417\/files\/f0dc7f36-5784-4d37-a9eb-a5574e3f5f2f_480x480.jpg?v=1629035723\" alt=\"\" width=\"480\" height=\"381\" \/><\/p>","protected":false},"excerpt":{"rendered":"<p>Description &amp; Details Dolce Jewellery,\u00a0Minimalist Golden Snake Bone Chain Bracelet. The perfect addition to any outfit. This Bracelet from Dolce Jewellery features a gold-tone minimalist design made of sterling silver. Your outfit will shine with the help of this golden snake bone chain bracelet. Finish off any look with the best. Product Type:\u00a0Bracelets Product Name:\u00a0Minimalist [&#8230;]\n","protected":false},"featured_media":6833,"comment_status":"open","ping_status":"closed","template":"","meta":[],"product_brand":[],"product_cat":[31,29],"product_tag":[],"class_list":{"0":"post-3038","1":"product","2":"type-product","3":"status-publish","4":"has-post-thumbnail","6":"product_cat-bracelets","7":"product_cat-shop-all","9":"first","10":"instock","11":"shipping-taxable","12":"purchasable","13":"product-type-simple"},"_links":{"self":[{"href":"https:\/\/dolcejewellery.com\/fr\/wp-json\/wp\/v2\/product\/3038","targetHints":{"allow":["GET"]}}],"collection":[{"href":"https:\/\/dolcejewellery.com\/fr\/wp-json\/wp\/v2\/product"}],"about":[{"href":"https:\/\/dolcejewellery.com\/fr\/wp-json\/wp\/v2\/types\/product"}],"replies":[{"embeddable":true,"href":"https:\/\/dolcejewellery.com\/fr\/wp-json\/wp\/v2\/comments?post=3038"}],"wp:featuredmedia":[{"embeddable":true,"href":"https:\/\/dolcejewellery.com\/fr\/wp-json\/wp\/v2\/media\/6833"}],"wp:attachment":[{"href":"https:\/\/dolcejewellery.com\/fr\/wp-json\/wp\/v2\/media?parent=3038"}],"wp:term":[{"taxonomy":"product_brand","embeddable":true,"href":"https:\/\/dolcejewellery.com\/fr\/wp-json\/wp\/v2\/product_brand?post=3038"},{"taxonomy":"product_cat","embeddable":true,"href":"https:\/\/dolcejewellery.com\/fr\/wp-json\/wp\/v2\/product_cat?post=3038"},{"taxonomy":"product_tag","embeddable":true,"href":"https:\/\/dolcejewellery.com\/fr\/wp-json\/wp\/v2\/product_tag?post=3038"}],"curies":[{"name":"wp","href":"https:\/\/api.w.org\/{rel}","templated":true}]}}