{"id":3035,"date":"2025-02-01T11:14:42","date_gmt":"2025-02-01T11:14:42","guid":{"rendered":"https:\/\/dolcejewellery.com\/product\/minimalist-ear-clip-earrings\/"},"modified":"2025-11-13T15:47:18","modified_gmt":"2025-11-13T14:47:18","slug":"minimalist-ear-clip-earrings","status":"publish","type":"product","link":"https:\/\/dolcejewellery.com\/fr\/produit\/minimalist-ear-clip-earrings\/","title":{"rendered":"Boucles d&#039;oreilles \u00e0 clip minimalistes"},"content":{"rendered":"<h1><strong>Description et d\u00e9tails<\/strong><\/h1>\n<p><strong>Dolce Jewellery, Boucles d&#039;oreilles \u00e0 clip minimalistes.<\/strong><\/p>\n<p>\u00c9l\u00e9gantes et minimalistes, ces boucles d&#039;oreilles \u00e0 clip sign\u00e9es Dolce Jewellery sont la touche d&#039;\u00e9clat id\u00e9ale pour sublimer n&#039;importe quel look. Brillez de mille feux.<\/p>\n<p>Offert en deux couleurs : Argent et Or.<\/p>\n<p>Ces boucles d&#039;oreilles sont vendues par paire.<\/p>\n<p><strong>Type de produit :<\/strong> Boucles d&#039;oreilles \u00e0 clip<\/p>\n<p><strong>Nom du produit :\u00a0<\/strong>Boucles d&#039;oreilles \u00e0 clip minimalistes<\/p>\n<p><strong>Mat\u00e9riel:\u00a0<\/strong>100% Argent sterling 925<\/p>\n<p><strong>Poids:\u00a0<\/strong>0,89 g<\/p>\n<p><strong>Article:\u00a0<\/strong>BKEJ250<\/p>\n<p><img loading=\"lazy\" decoding=\"async\" class=\"alignnone\" src=\"https:\/\/cdn.shopify.com\/s\/files\/1\/0559\/8819\/1417\/files\/be5036f6-0617-4737-b682-7ef53303eb3b_480x480.png?v=1629742058\" alt=\"\" width=\"480\" height=\"382\" \/><\/p>","protected":false},"excerpt":{"rendered":"<p>Description &amp; Details Dolce Jewellery, Minimalist Ear Clip Earrings. Elegant and minimalist. These ear clip earrings from Dolce Jewellery are the perfect shiny statement to add to any look. Shine on. Offered in two colors: Silver &amp; Gold. These earrings come as a pair. Product Type: Clip On Earrings Product Name:\u00a0Minimalist Ear Clip Earrings Material:\u00a0100% [&#8230;]\n","protected":false},"featured_media":7743,"comment_status":"open","ping_status":"closed","template":"","meta":[],"product_brand":[],"product_cat":[32,34,29],"product_tag":[26],"class_list":{"0":"post-3035","1":"product","2":"type-product","3":"status-publish","4":"has-post-thumbnail","6":"product_cat-clip-on-earrings","7":"product_cat-earrings","8":"product_cat-shop-all","9":"product_tag-clip-on-earrings","11":"first","12":"instock","13":"shipping-taxable","14":"purchasable","15":"product-type-variable"},"_links":{"self":[{"href":"https:\/\/dolcejewellery.com\/fr\/wp-json\/wp\/v2\/product\/3035","targetHints":{"allow":["GET"]}}],"collection":[{"href":"https:\/\/dolcejewellery.com\/fr\/wp-json\/wp\/v2\/product"}],"about":[{"href":"https:\/\/dolcejewellery.com\/fr\/wp-json\/wp\/v2\/types\/product"}],"replies":[{"embeddable":true,"href":"https:\/\/dolcejewellery.com\/fr\/wp-json\/wp\/v2\/comments?post=3035"}],"wp:featuredmedia":[{"embeddable":true,"href":"https:\/\/dolcejewellery.com\/fr\/wp-json\/wp\/v2\/media\/7743"}],"wp:attachment":[{"href":"https:\/\/dolcejewellery.com\/fr\/wp-json\/wp\/v2\/media?parent=3035"}],"wp:term":[{"taxonomy":"product_brand","embeddable":true,"href":"https:\/\/dolcejewellery.com\/fr\/wp-json\/wp\/v2\/product_brand?post=3035"},{"taxonomy":"product_cat","embeddable":true,"href":"https:\/\/dolcejewellery.com\/fr\/wp-json\/wp\/v2\/product_cat?post=3035"},{"taxonomy":"product_tag","embeddable":true,"href":"https:\/\/dolcejewellery.com\/fr\/wp-json\/wp\/v2\/product_tag?post=3035"}],"curies":[{"name":"wp","href":"https:\/\/api.w.org\/{rel}","templated":true}]}}