{"id":3031,"date":"2025-02-01T11:14:42","date_gmt":"2025-02-01T11:14:42","guid":{"rendered":"https:\/\/dolcejewellery.com\/product\/minimalist-bead-chain-bracelet\/"},"modified":"2025-11-13T15:43:08","modified_gmt":"2025-11-13T14:43:08","slug":"minimalist-bead-chain-bracelet","status":"publish","type":"product","link":"https:\/\/dolcejewellery.com\/fr\/produit\/minimalist-bead-chain-bracelet\/","title":{"rendered":"Bracelet cha\u00eene \u00e0 perles minimaliste"},"content":{"rendered":"<h1><strong>Description et d\u00e9tails<\/strong><\/h1>\n<p><strong>Dolce Jewellery, Bracelet cha\u00eene \u00e0 perles minimaliste.<\/strong><\/p>\n<p>Offrez-vous un bijou parfait au quotidien et compl\u00e9tez vos tenues avec ce superbe bracelet cha\u00eene minimaliste orn\u00e9 de perles de Dolce Jewellery. La perfection absolue. Compl\u00e9tez n&#039;importe quel look avec le meilleur.<\/p>\n<p>Offert en deux couleurs : Argent et Or.<\/p>\n<p><strong>Type de produit :\u00a0<\/strong>Bracelets<\/p>\n<p><strong>Nom du produit :\u00a0<\/strong>Bracelet cha\u00eene \u00e0 perles minimaliste<\/p>\n<p><strong>Mat\u00e9riel:\u00a0<\/strong>100% Argent sterling 925<\/p>\n<p><strong>Longueurs : <\/strong>la longueur du bracelet est de 16 cm (6,3 pouces), la longueur de la cha\u00eene d&#039;extension est de 3 cm (1,2 pouces)<\/p>\n<p><strong>Article:\u00a0<\/strong>BKSL052<\/p>\n<p><img decoding=\"async\" src=\"https:\/\/cdn.shopify.com\/s\/files\/1\/0559\/8819\/1417\/files\/a90424a5c073bc2dea4cf238c2937228_9b805b42-292c-4f67-9b3b-96a84e5649ef_480x480.png?v=1629036398\" alt=\"\" \/><\/p>","protected":false},"excerpt":{"rendered":"<p>Description &amp; Details Dolce Jewellery,\u00a0Minimalist Bead Chain Bracelet. Treat yourself to a piece of jewellery that&#8217;s perfect for everyday wear and complete your outfits with this stunning minimalist bead-embellished chain bracelet from Dolce Jewellery. Sheer perfection. Finish off any look with the best. Offered in two colors: Silver &amp; Gold. Product Type:\u00a0Bracelets Product Name:\u00a0Minimalist Bead [&#8230;]\n","protected":false},"featured_media":6838,"comment_status":"open","ping_status":"closed","template":"","meta":[],"product_brand":[],"product_cat":[31,29],"product_tag":[],"class_list":{"0":"post-3031","1":"product","2":"type-product","3":"status-publish","4":"has-post-thumbnail","6":"product_cat-bracelets","7":"product_cat-shop-all","9":"first","10":"instock","11":"shipping-taxable","12":"purchasable","13":"product-type-variable"},"_links":{"self":[{"href":"https:\/\/dolcejewellery.com\/fr\/wp-json\/wp\/v2\/product\/3031","targetHints":{"allow":["GET"]}}],"collection":[{"href":"https:\/\/dolcejewellery.com\/fr\/wp-json\/wp\/v2\/product"}],"about":[{"href":"https:\/\/dolcejewellery.com\/fr\/wp-json\/wp\/v2\/types\/product"}],"replies":[{"embeddable":true,"href":"https:\/\/dolcejewellery.com\/fr\/wp-json\/wp\/v2\/comments?post=3031"}],"wp:featuredmedia":[{"embeddable":true,"href":"https:\/\/dolcejewellery.com\/fr\/wp-json\/wp\/v2\/media\/6838"}],"wp:attachment":[{"href":"https:\/\/dolcejewellery.com\/fr\/wp-json\/wp\/v2\/media?parent=3031"}],"wp:term":[{"taxonomy":"product_brand","embeddable":true,"href":"https:\/\/dolcejewellery.com\/fr\/wp-json\/wp\/v2\/product_brand?post=3031"},{"taxonomy":"product_cat","embeddable":true,"href":"https:\/\/dolcejewellery.com\/fr\/wp-json\/wp\/v2\/product_cat?post=3031"},{"taxonomy":"product_tag","embeddable":true,"href":"https:\/\/dolcejewellery.com\/fr\/wp-json\/wp\/v2\/product_tag?post=3031"}],"curies":[{"name":"wp","href":"https:\/\/api.w.org\/{rel}","templated":true}]}}