{"id":3020,"date":"2025-02-01T11:14:42","date_gmt":"2025-02-01T11:14:42","guid":{"rendered":"https:\/\/dolcejewellery.com\/product\/mini-round-colorful-zircon-stud-earrings\/"},"modified":"2025-11-13T15:38:29","modified_gmt":"2025-11-13T14:38:29","slug":"mini-round-colorful-zircon-stud-earrings","status":"publish","type":"product","link":"https:\/\/dolcejewellery.com\/fr\/produit\/mini-round-colorful-zircon-stud-earrings\/","title":{"rendered":"Mini boucles d&#039;oreilles rondes \u00e0 clous en zircon color\u00e9"},"content":{"rendered":"<h1><strong>Description et d\u00e9tails<\/strong><\/h1>\n<p><strong>Dolce Jewellery, Mini boucles d&#039;oreilles rondes en zircon color\u00e9.<\/strong><\/p>\n<p>Laissez Dolce Jewellery transformer chaque occasion en f\u00eate. Compl\u00e9tez votre look avec ces boucles d&#039;oreilles clous orn\u00e9es de cristaux color\u00e9s et laissez-les faire parler d&#039;elles \u2013 et briller. O\u00f9 que vous alliez, pas besoin de boule \u00e0 facettes.<\/p>\n<p>Ces boucles d&#039;oreilles sont vendues par paire.<\/p>\n<p><strong>Type de produit :<\/strong> Boucles d&#039;oreilles \u00e0 tige<\/p>\n<p><strong>Nom du produit :\u00a0<\/strong>Mini<strong>\u00a0<\/strong>Boucles d&#039;oreilles rondes en zircon color\u00e9<\/p>\n<p><strong>Pierre: <\/strong>Zircon<\/p>\n<p><strong>Mat\u00e9riel:\u00a0<\/strong>100% Argent sterling 925<\/p>\n<p><strong>Poids: <\/strong>0,2 g<\/p>\n<p><strong>Article:\u00a0<\/strong>BKEJ116<\/p>\n<p><img loading=\"lazy\" decoding=\"async\" class=\"alignnone wp-image-7734 size-full\" src=\"https:\/\/dolcejewellery.com\/wp-content\/uploads\/2025\/02\/BKEJ116.png\" alt=\"\" width=\"675\" height=\"477\" srcset=\"https:\/\/dolcejewellery.com\/wp-content\/uploads\/2025\/02\/BKEJ116.png 675w, https:\/\/dolcejewellery.com\/wp-content\/uploads\/2025\/02\/BKEJ116-300x212.png 300w\" sizes=\"auto, (max-width: 675px) 100vw, 675px\" \/><\/p>","protected":false},"excerpt":{"rendered":"<p>Description &amp; Details Dolce Jewellery, Mini Round Colorful Zircon Stud Earrings. Leave it to Dolce Jewellery to make turn every occasion into a party. Finish up your look with these colorful crystal-embellished stud earrings and let them do all the talking &#8211; and shinning. Wherever you&#8217;re going, no disco ball will be needed. These earrings [&#8230;]\n","protected":false},"featured_media":7720,"comment_status":"open","ping_status":"closed","template":"","meta":[],"product_brand":[],"product_cat":[34,29,38],"product_tag":[25],"class_list":{"0":"post-3020","1":"product","2":"type-product","3":"status-publish","4":"has-post-thumbnail","6":"product_cat-earrings","7":"product_cat-shop-all","8":"product_cat-stud-earrings","9":"product_tag-stud-earrings","11":"first","12":"instock","13":"shipping-taxable","14":"purchasable","15":"product-type-variable"},"_links":{"self":[{"href":"https:\/\/dolcejewellery.com\/fr\/wp-json\/wp\/v2\/product\/3020","targetHints":{"allow":["GET"]}}],"collection":[{"href":"https:\/\/dolcejewellery.com\/fr\/wp-json\/wp\/v2\/product"}],"about":[{"href":"https:\/\/dolcejewellery.com\/fr\/wp-json\/wp\/v2\/types\/product"}],"replies":[{"embeddable":true,"href":"https:\/\/dolcejewellery.com\/fr\/wp-json\/wp\/v2\/comments?post=3020"}],"wp:featuredmedia":[{"embeddable":true,"href":"https:\/\/dolcejewellery.com\/fr\/wp-json\/wp\/v2\/media\/7720"}],"wp:attachment":[{"href":"https:\/\/dolcejewellery.com\/fr\/wp-json\/wp\/v2\/media?parent=3020"}],"wp:term":[{"taxonomy":"product_brand","embeddable":true,"href":"https:\/\/dolcejewellery.com\/fr\/wp-json\/wp\/v2\/product_brand?post=3020"},{"taxonomy":"product_cat","embeddable":true,"href":"https:\/\/dolcejewellery.com\/fr\/wp-json\/wp\/v2\/product_cat?post=3020"},{"taxonomy":"product_tag","embeddable":true,"href":"https:\/\/dolcejewellery.com\/fr\/wp-json\/wp\/v2\/product_tag?post=3020"}],"curies":[{"name":"wp","href":"https:\/\/api.w.org\/{rel}","templated":true}]}}