{"id":3014,"date":"2025-02-01T11:14:41","date_gmt":"2025-02-01T11:14:41","guid":{"rendered":"https:\/\/dolcejewellery.com\/product\/mini-hexagonal-hoop-earrings\/"},"modified":"2025-11-13T16:22:21","modified_gmt":"2025-11-13T15:22:21","slug":"mini-hexagonal-hoop-earrings","status":"publish","type":"product","link":"https:\/\/dolcejewellery.com\/fr\/produit\/mini-hexagonal-hoop-earrings\/","title":{"rendered":"Mini boucles d&#039;oreilles cr\u00e9oles hexagonales"},"content":{"rendered":"<h1><strong>Description et d\u00e9tails<\/strong><\/h1>\n<p><strong>Dolce Jewellery, Mini boucles d&#039;oreilles cr\u00e9oles hexagonales<\/strong><\/p>\n<p>Brillantes, ces mini-cr\u00e9oles hexagonales apporteront une touche de fra\u00eecheur \u00e0 vos tenues, formelles ou d\u00e9contract\u00e9es. N&#039;oubliez pas les d\u00e9tails en cristal pour une allure encore plus raffin\u00e9e. Dolce Jewellery ne d\u00e9\u00e7oit jamais.<\/p>\n<p>Disponible en deux couleurs : Argent et Or.<\/p>\n<p>Ces boucles d&#039;oreilles sont vendues par paire.<\/p>\n<p><strong>Type de produit :<\/strong> Boucles d&#039;oreilles cr\u00e9oles<\/p>\n<p><strong>Nom du produit :\u00a0<\/strong>Mini<b> <\/b>Boucles d&#039;oreilles cr\u00e9oles hexagonales<\/p>\n<p><strong>Pierre: <\/strong>Zircon<\/p>\n<p><strong>Mat\u00e9riel:\u00a0<\/strong>100% Argent sterling 925<\/p>\n<p><strong>Poids: <\/strong>0,8 g<\/p>\n<p><strong>Article:\u00a0<\/strong>BKEJ382<\/p>\n<p><img loading=\"lazy\" decoding=\"async\" class=\"alignnone wp-image-7777 size-full\" src=\"https:\/\/dolcejewellery.com\/wp-content\/uploads\/2025\/02\/BKEJ382.png\" alt=\"\" width=\"780\" height=\"620\" srcset=\"https:\/\/dolcejewellery.com\/wp-content\/uploads\/2025\/02\/BKEJ382.png 780w, https:\/\/dolcejewellery.com\/wp-content\/uploads\/2025\/02\/BKEJ382-300x238.png 300w, https:\/\/dolcejewellery.com\/wp-content\/uploads\/2025\/02\/BKEJ382-768x610.png 768w\" sizes=\"auto, (max-width: 780px) 100vw, 780px\" \/><\/p>","protected":false},"excerpt":{"rendered":"<p>Description &amp; Details Dolce Jewellery, Mini Hexagonal Hoop Earrings Shining, these mini hexagonal hoop earrings will give any formal or casual look a refreshing flair. Mind the crystal detailing for a higher allure. Dolce Jewellery never disappoints. Available in two colors: Silver &amp; Gold. These earrings come as a pair. Product Type: Hoop Earrings Product [&#8230;]\n","protected":false},"featured_media":7773,"comment_status":"open","ping_status":"closed","template":"","meta":[],"product_brand":[],"product_cat":[34,35,29],"product_tag":[27],"class_list":{"0":"post-3014","1":"product","2":"type-product","3":"status-publish","4":"has-post-thumbnail","6":"product_cat-earrings","7":"product_cat-hoop-earrings","8":"product_cat-shop-all","9":"product_tag-hoop-earrings","11":"first","12":"instock","13":"shipping-taxable","14":"purchasable","15":"product-type-variable"},"_links":{"self":[{"href":"https:\/\/dolcejewellery.com\/fr\/wp-json\/wp\/v2\/product\/3014","targetHints":{"allow":["GET"]}}],"collection":[{"href":"https:\/\/dolcejewellery.com\/fr\/wp-json\/wp\/v2\/product"}],"about":[{"href":"https:\/\/dolcejewellery.com\/fr\/wp-json\/wp\/v2\/types\/product"}],"replies":[{"embeddable":true,"href":"https:\/\/dolcejewellery.com\/fr\/wp-json\/wp\/v2\/comments?post=3014"}],"wp:featuredmedia":[{"embeddable":true,"href":"https:\/\/dolcejewellery.com\/fr\/wp-json\/wp\/v2\/media\/7773"}],"wp:attachment":[{"href":"https:\/\/dolcejewellery.com\/fr\/wp-json\/wp\/v2\/media?parent=3014"}],"wp:term":[{"taxonomy":"product_brand","embeddable":true,"href":"https:\/\/dolcejewellery.com\/fr\/wp-json\/wp\/v2\/product_brand?post=3014"},{"taxonomy":"product_cat","embeddable":true,"href":"https:\/\/dolcejewellery.com\/fr\/wp-json\/wp\/v2\/product_cat?post=3014"},{"taxonomy":"product_tag","embeddable":true,"href":"https:\/\/dolcejewellery.com\/fr\/wp-json\/wp\/v2\/product_tag?post=3014"}],"curies":[{"name":"wp","href":"https:\/\/api.w.org\/{rel}","templated":true}]}}