{"id":2999,"date":"2025-02-01T11:14:40","date_gmt":"2025-02-01T11:14:40","guid":{"rendered":"https:\/\/dolcejewellery.com\/product\/midnight-elegance-ring\/"},"modified":"2025-11-13T16:26:03","modified_gmt":"2025-11-13T15:26:03","slug":"midnight-elegance-ring","status":"publish","type":"product","link":"https:\/\/dolcejewellery.com\/fr\/produit\/midnight-elegance-ring\/","title":{"rendered":"Bague \u00c9l\u00e9gance de Minuit"},"content":{"rendered":"<h1><strong>Description et d\u00e9tails<\/strong><\/h1>\n<p><strong>Dolce Jewellery, Bague \u00c9l\u00e9gance Minuit.<\/strong><\/p>\n<p>Sublimez votre style avec la beaut\u00e9 saisissante de notre bague Midnight Elegance. Fabriqu\u00e9e avec soin \u00e0 partir de mat\u00e9riaux de haute qualit\u00e9, cette bague arbore un design audacieux et captivant qui ne passera pas inaper\u00e7u.<\/p>\n<p>La pi\u00e8ce ma\u00eetresse de cette bague est un zircon noir rectangulaire, qui d\u00e9gage une aura de myst\u00e8re et de sophistication. Sa couleur riche et profonde ajoute une touche d&#039;\u00e9l\u00e9gance \u00e0 toutes les tenues, la rendant parfaite pour les occasions formelles comme pour le quotidien.<\/p>\n<p>Le design \u00e9pur\u00e9 et minimaliste de la bague met en valeur le zircon noir, tandis que l&#039;anneau en argent sterling poli sublime sa beaut\u00e9. L&#039;association de la pierre sombre et de l&#039;argent brillant cr\u00e9e un contraste captivant, \u00e0 la fois moderne et intemporel.<\/p>\n<p>Que vous souhaitiez ajouter une touche d&#039;originalit\u00e9 \u00e0 votre tenue de soir\u00e9e ou affirmer votre style au quotidien, la bague Midnight Elegance est le choix id\u00e9al. Son design unique et son savoir-faire irr\u00e9prochable en font un bijou polyvalent et accrocheur.<\/p>\n<p>Laissez-vous s\u00e9duire par la bague Midnight Elegance de Dolce Jewellery. Laissez sa beaut\u00e9 sombre et myst\u00e9rieuse refl\u00e9ter votre style et votre personnalit\u00e9.<\/p>\n<p><strong>Type de produit :\u00a0<\/strong>Bagues<\/p>\n<p><strong>Nom du produit :\u00a0<\/strong>Bague \u00c9l\u00e9gance de Minuit<\/p>\n<p><strong>Pierre: <\/strong>Zircon<\/p>\n<p><strong>Mat\u00e9riel:\u00a0<\/strong>100% Argent sterling 925<\/p>\n<p><strong>Article:\u00a0<\/strong>BKJZ055<\/p>\n<p><img loading=\"lazy\" decoding=\"async\" class=\"alignnone\" src=\"https:\/\/cdn.shopify.com\/s\/files\/1\/0559\/8819\/1417\/files\/cc6794e0-72c0-4ec6-af62-8f65f8a75cba_480x480.png?v=1690281045\" alt=\"\" width=\"480\" height=\"382\" \/><\/p>","protected":false},"excerpt":{"rendered":"<p>Description &amp; Details Dolce Jewellery,\u00a0Midnight Elegance Ring. Enhance your style with the striking beauty of our Midnight Elegance Ring. Crafted with care from high-quality materials, this ring showcases a bold and captivating design that is sure to make a statement. The centerpiece of this ring is the rectangular black zircon stone, which exudes an air [&#8230;]\n","protected":false},"featured_media":7237,"comment_status":"open","ping_status":"closed","template":"","meta":[],"product_brand":[],"product_cat":[37,29],"product_tag":[],"class_list":{"0":"post-2999","1":"product","2":"type-product","3":"status-publish","4":"has-post-thumbnail","6":"product_cat-rings","7":"product_cat-shop-all","9":"first","10":"instock","11":"shipping-taxable","12":"purchasable","13":"product-type-variable"},"_links":{"self":[{"href":"https:\/\/dolcejewellery.com\/fr\/wp-json\/wp\/v2\/product\/2999","targetHints":{"allow":["GET"]}}],"collection":[{"href":"https:\/\/dolcejewellery.com\/fr\/wp-json\/wp\/v2\/product"}],"about":[{"href":"https:\/\/dolcejewellery.com\/fr\/wp-json\/wp\/v2\/types\/product"}],"replies":[{"embeddable":true,"href":"https:\/\/dolcejewellery.com\/fr\/wp-json\/wp\/v2\/comments?post=2999"}],"wp:featuredmedia":[{"embeddable":true,"href":"https:\/\/dolcejewellery.com\/fr\/wp-json\/wp\/v2\/media\/7237"}],"wp:attachment":[{"href":"https:\/\/dolcejewellery.com\/fr\/wp-json\/wp\/v2\/media?parent=2999"}],"wp:term":[{"taxonomy":"product_brand","embeddable":true,"href":"https:\/\/dolcejewellery.com\/fr\/wp-json\/wp\/v2\/product_brand?post=2999"},{"taxonomy":"product_cat","embeddable":true,"href":"https:\/\/dolcejewellery.com\/fr\/wp-json\/wp\/v2\/product_cat?post=2999"},{"taxonomy":"product_tag","embeddable":true,"href":"https:\/\/dolcejewellery.com\/fr\/wp-json\/wp\/v2\/product_tag?post=2999"}],"curies":[{"name":"wp","href":"https:\/\/api.w.org\/{rel}","templated":true}]}}