{"id":2974,"date":"2025-02-01T11:14:38","date_gmt":"2025-02-01T11:14:38","guid":{"rendered":"https:\/\/dolcejewellery.com\/product\/love-heart-necklace\/"},"modified":"2025-11-16T06:24:00","modified_gmt":"2025-11-16T05:24:00","slug":"love-heart-necklace","status":"publish","type":"product","link":"https:\/\/dolcejewellery.com\/fr\/produit\/love-heart-necklace\/","title":{"rendered":"Collier Coeur d&#039;Amour"},"content":{"rendered":"<h1><strong>Description et d\u00e9tails<\/strong><\/h1>\n<p><strong>Dolce Jewellery, Collier Coeur d&#039;Amour.<\/strong><\/p>\n<p>Dolce Jewellery d\u00e9tient la cl\u00e9 de nos c\u0153urs avec ce collier C\u0153ur d&#039;Amour. Confectionn\u00e9 en argent sterling, ce bijou audacieux est le moyen id\u00e9al de r\u00e9pandre l&#039;amour.<\/p>\n<p>Disponible en trois couleurs : Argent, Or et Or Rose.<\/p>\n<p><strong>Type de produit : <\/strong>Colliers<\/p>\n<p><strong>Nom du produit :\u00a0<\/strong>Collier Coeur d&#039;Amour\u00a0<strong>\u00a0<\/strong><\/p>\n<p><strong>Mat\u00e9riel: <\/strong>100% Argent sterling 925<\/p>\n<p><strong>Longueur: <\/strong>37 cm (14,6 pouces), la longueur de la cha\u00eene peut \u00eatre allong\u00e9e d&#039;environ 4 cm (1,6 pouces)<\/p>\n<p><strong>Article:\u00a0<\/strong>BKXL018<\/p>\n<p><img loading=\"lazy\" decoding=\"async\" class=\"alignnone wp-image-6446 size-full\" src=\"https:\/\/dolcejewellery.com\/wp-content\/uploads\/2025\/02\/a90424a5c073bc2dea4cf238c2937228_4799ac3b-d990-4077-9583-4bed06984b9c.png\" alt=\"\" width=\"667\" height=\"667\" srcset=\"https:\/\/dolcejewellery.com\/wp-content\/uploads\/2025\/02\/a90424a5c073bc2dea4cf238c2937228_4799ac3b-d990-4077-9583-4bed06984b9c.png 667w, https:\/\/dolcejewellery.com\/wp-content\/uploads\/2025\/02\/a90424a5c073bc2dea4cf238c2937228_4799ac3b-d990-4077-9583-4bed06984b9c-300x300.png 300w, https:\/\/dolcejewellery.com\/wp-content\/uploads\/2025\/02\/a90424a5c073bc2dea4cf238c2937228_4799ac3b-d990-4077-9583-4bed06984b9c-150x150.png 150w, https:\/\/dolcejewellery.com\/wp-content\/uploads\/2025\/02\/a90424a5c073bc2dea4cf238c2937228_4799ac3b-d990-4077-9583-4bed06984b9c-600x600.png 600w, https:\/\/dolcejewellery.com\/wp-content\/uploads\/2025\/02\/a90424a5c073bc2dea4cf238c2937228_4799ac3b-d990-4077-9583-4bed06984b9c-100x100.png 100w\" sizes=\"auto, (max-width: 667px) 100vw, 667px\" \/><\/p>","protected":false},"excerpt":{"rendered":"<p>Description &amp; Details Dolce Jewellery,\u00a0Love Heart Necklace. Dolce Jewellery holds the key to our hearts with this\u00a0Love Heart Necklace. Constructed from sterling silver, this statement piece is the perfect way to spread some love. Available in three colors: Silver, Gold &amp; Rose Gold. Product Type: Necklaces Product Name:\u00a0Love Heart Necklace\u00a0\u00a0 Material: 100% 925 Sterling Silver [&#8230;]\n","protected":false},"featured_media":6440,"comment_status":"open","ping_status":"closed","template":"","meta":[],"product_brand":[],"product_cat":[36,29],"product_tag":[],"class_list":{"0":"post-2974","1":"product","2":"type-product","3":"status-publish","4":"has-post-thumbnail","6":"product_cat-necklaces","7":"product_cat-shop-all","9":"first","10":"instock","11":"shipping-taxable","12":"purchasable","13":"product-type-variable"},"_links":{"self":[{"href":"https:\/\/dolcejewellery.com\/fr\/wp-json\/wp\/v2\/product\/2974","targetHints":{"allow":["GET"]}}],"collection":[{"href":"https:\/\/dolcejewellery.com\/fr\/wp-json\/wp\/v2\/product"}],"about":[{"href":"https:\/\/dolcejewellery.com\/fr\/wp-json\/wp\/v2\/types\/product"}],"replies":[{"embeddable":true,"href":"https:\/\/dolcejewellery.com\/fr\/wp-json\/wp\/v2\/comments?post=2974"}],"wp:featuredmedia":[{"embeddable":true,"href":"https:\/\/dolcejewellery.com\/fr\/wp-json\/wp\/v2\/media\/6440"}],"wp:attachment":[{"href":"https:\/\/dolcejewellery.com\/fr\/wp-json\/wp\/v2\/media?parent=2974"}],"wp:term":[{"taxonomy":"product_brand","embeddable":true,"href":"https:\/\/dolcejewellery.com\/fr\/wp-json\/wp\/v2\/product_brand?post=2974"},{"taxonomy":"product_cat","embeddable":true,"href":"https:\/\/dolcejewellery.com\/fr\/wp-json\/wp\/v2\/product_cat?post=2974"},{"taxonomy":"product_tag","embeddable":true,"href":"https:\/\/dolcejewellery.com\/fr\/wp-json\/wp\/v2\/product_tag?post=2974"}],"curies":[{"name":"wp","href":"https:\/\/api.w.org\/{rel}","templated":true}]}}