{"id":2970,"date":"2025-02-01T11:14:38","date_gmt":"2025-02-01T11:14:38","guid":{"rendered":"https:\/\/dolcejewellery.com\/product\/love-heart-clavicle-chain-necklace\/"},"modified":"2025-11-16T06:20:41","modified_gmt":"2025-11-16T05:20:41","slug":"love-heart-clavicle-chain-necklace","status":"publish","type":"product","link":"https:\/\/dolcejewellery.com\/fr\/produit\/love-heart-clavicle-chain-necklace\/","title":{"rendered":"Collier cha\u00eene clavicule coeur d&#039;amour"},"content":{"rendered":"<h1><strong>Description et d\u00e9tails<\/strong><\/h1>\n<p><strong>Dolce Jewellery, Collier cha\u00eene clavicule coeur d&#039;amour.\u00a0<\/strong><\/p>\n<p>Tout ce dont vous avez besoin, c&#039;est d&#039;amour. Et par amour, nous entendons ce collier cha\u00eene clavicule c\u0153ur orn\u00e9 de cristaux de Dolce Jewellery. Vous vivrez heureux pour toujours.<\/p>\n<p>Offert en deux couleurs : Argent et Or.<\/p>\n<p><strong>Type de produit : <\/strong>Colliers<\/p>\n<p><strong>Nom du produit :\u00a0<\/strong>Collier cha\u00eene clavicule coeur d&#039;amour<\/p>\n<p><strong>Pierre: <\/strong>Zircon<\/p>\n<p><strong>Mat\u00e9riel: <\/strong>100% Argent sterling 925<\/p>\n<p><strong>Longueur: <\/strong>39 cm (15,4 pouces), la longueur de la cha\u00eene peut \u00eatre allong\u00e9e d&#039;environ 3 cm (1,2 pouces)<\/p>\n<p><strong>Article:\u00a0<\/strong>BKXL002<\/p>\n<p><img decoding=\"async\" src=\"https:\/\/cdn.shopify.com\/s\/files\/1\/0559\/8819\/1417\/files\/9d0fa19c-3b2b-4970-af27-6aa1191e2c9f_480x480.png?v=1628879674\" alt=\"\" \/><\/p>","protected":false},"excerpt":{"rendered":"<p>Description &amp; Details Dolce Jewellery,\u00a0Love Heart Clavicle Chain Necklace.\u00a0 All you need is love. And by love, we mean this crystal-embellished love heart clavicle chain necklace from Dolce Jewellery. You&#8217;ll live happily ever after. Offered in two colors: Silver &amp; Gold. Product Type: Necklaces Product Name:\u00a0Love\u00a0Heart Clavicle Chain Necklace Stone: Zircon Material: 100% 925 Sterling [&#8230;]\n","protected":false},"featured_media":6438,"comment_status":"open","ping_status":"closed","template":"","meta":[],"product_brand":[],"product_cat":[36,29],"product_tag":[],"class_list":{"0":"post-2970","1":"product","2":"type-product","3":"status-publish","4":"has-post-thumbnail","6":"product_cat-necklaces","7":"product_cat-shop-all","9":"first","10":"instock","11":"shipping-taxable","12":"purchasable","13":"product-type-variable"},"_links":{"self":[{"href":"https:\/\/dolcejewellery.com\/fr\/wp-json\/wp\/v2\/product\/2970","targetHints":{"allow":["GET"]}}],"collection":[{"href":"https:\/\/dolcejewellery.com\/fr\/wp-json\/wp\/v2\/product"}],"about":[{"href":"https:\/\/dolcejewellery.com\/fr\/wp-json\/wp\/v2\/types\/product"}],"replies":[{"embeddable":true,"href":"https:\/\/dolcejewellery.com\/fr\/wp-json\/wp\/v2\/comments?post=2970"}],"wp:featuredmedia":[{"embeddable":true,"href":"https:\/\/dolcejewellery.com\/fr\/wp-json\/wp\/v2\/media\/6438"}],"wp:attachment":[{"href":"https:\/\/dolcejewellery.com\/fr\/wp-json\/wp\/v2\/media?parent=2970"}],"wp:term":[{"taxonomy":"product_brand","embeddable":true,"href":"https:\/\/dolcejewellery.com\/fr\/wp-json\/wp\/v2\/product_brand?post=2970"},{"taxonomy":"product_cat","embeddable":true,"href":"https:\/\/dolcejewellery.com\/fr\/wp-json\/wp\/v2\/product_cat?post=2970"},{"taxonomy":"product_tag","embeddable":true,"href":"https:\/\/dolcejewellery.com\/fr\/wp-json\/wp\/v2\/product_tag?post=2970"}],"curies":[{"name":"wp","href":"https:\/\/api.w.org\/{rel}","templated":true}]}}