{"id":2969,"date":"2025-02-01T11:14:38","date_gmt":"2025-02-01T11:14:38","guid":{"rendered":"https:\/\/dolcejewellery.com\/product\/love-heart-bracelet\/"},"modified":"2025-11-16T06:17:04","modified_gmt":"2025-11-16T05:17:04","slug":"love-heart-bracelet","status":"publish","type":"product","link":"https:\/\/dolcejewellery.com\/fr\/produit\/love-heart-bracelet\/","title":{"rendered":"Bracelet Coeur d&#039;Amour"},"content":{"rendered":"<h1><strong>Description et d\u00e9tails<\/strong><\/h1>\n<p><strong>Dolce Jewellery, Bracelet Coeur d&#039;Amour.<\/strong><\/p>\n<p>Ce bijou argent\u00e9 incarne l&#039;intemporel. Orn\u00e9 d&#039;un pendentif c\u0153ur creux, ce bracelet Dolce Jewellery est con\u00e7u pour \u00eatre port\u00e9 au quotidien.<\/p>\n<p><strong>Type de produit :<\/strong>\u00a0Bracelets<\/p>\n<p><strong>Nom du produit : <\/strong>Bracelet Coeur d&#039;Amour<\/p>\n<p><strong>Mat\u00e9riel: <\/strong>100% Argent sterling 925<\/p>\n<p><strong>Longueurs : <\/strong>la longueur du bracelet est de 16,5 cm (6,5 pouces), la longueur de la cha\u00eene d&#039;extension est de 3 cm (1,2 pouces)<\/p>\n<p><strong>Article:\u00a0<\/strong>BKSL005<\/p>\n<p><img loading=\"lazy\" decoding=\"async\" class=\"alignnone\" src=\"https:\/\/cdn.shopify.com\/s\/files\/1\/0559\/8819\/1417\/files\/0b6927dd-77e0-4403-b067-c75debaf4f2b_480x480.jpg?v=1629220181\" alt=\"\" width=\"480\" height=\"480\" \/><\/p>","protected":false},"excerpt":{"rendered":"<p>Description &amp; Details Dolce Jewellery, Love Heart Bracelet. This silver-tone piece really puts &#8220;time&#8221; in timeless. With a love heart hollow charm, this Dolce Jewellery bracelet was made for you to wear every day. Product Type:\u00a0Bracelets Product Name: Love Heart Bracelet Material: 100% 925 Sterling Silver Lengths: bracelet length is 16.5cm (6.5 inches), extension chain [&#8230;]\n","protected":false},"featured_media":6853,"comment_status":"open","ping_status":"closed","template":"","meta":[],"product_brand":[],"product_cat":[31,29],"product_tag":[],"class_list":{"0":"post-2969","1":"product","2":"type-product","3":"status-publish","4":"has-post-thumbnail","6":"product_cat-bracelets","7":"product_cat-shop-all","9":"first","10":"instock","11":"shipping-taxable","12":"purchasable","13":"product-type-simple"},"_links":{"self":[{"href":"https:\/\/dolcejewellery.com\/fr\/wp-json\/wp\/v2\/product\/2969","targetHints":{"allow":["GET"]}}],"collection":[{"href":"https:\/\/dolcejewellery.com\/fr\/wp-json\/wp\/v2\/product"}],"about":[{"href":"https:\/\/dolcejewellery.com\/fr\/wp-json\/wp\/v2\/types\/product"}],"replies":[{"embeddable":true,"href":"https:\/\/dolcejewellery.com\/fr\/wp-json\/wp\/v2\/comments?post=2969"}],"wp:featuredmedia":[{"embeddable":true,"href":"https:\/\/dolcejewellery.com\/fr\/wp-json\/wp\/v2\/media\/6853"}],"wp:attachment":[{"href":"https:\/\/dolcejewellery.com\/fr\/wp-json\/wp\/v2\/media?parent=2969"}],"wp:term":[{"taxonomy":"product_brand","embeddable":true,"href":"https:\/\/dolcejewellery.com\/fr\/wp-json\/wp\/v2\/product_brand?post=2969"},{"taxonomy":"product_cat","embeddable":true,"href":"https:\/\/dolcejewellery.com\/fr\/wp-json\/wp\/v2\/product_cat?post=2969"},{"taxonomy":"product_tag","embeddable":true,"href":"https:\/\/dolcejewellery.com\/fr\/wp-json\/wp\/v2\/product_tag?post=2969"}],"curies":[{"name":"wp","href":"https:\/\/api.w.org\/{rel}","templated":true}]}}