{"id":2962,"date":"2025-02-01T11:14:37","date_gmt":"2025-02-01T11:14:37","guid":{"rendered":"https:\/\/dolcejewellery.com\/product\/long-water-drop-earrings\/"},"modified":"2025-11-16T06:29:52","modified_gmt":"2025-11-16T05:29:52","slug":"long-water-drop-earrings","status":"publish","type":"product","link":"https:\/\/dolcejewellery.com\/fr\/produit\/long-water-drop-earrings\/","title":{"rendered":"Boucles d&#039;oreilles longues en forme de goutte d&#039;eau"},"content":{"rendered":"<h1><strong>Description et d\u00e9tails<\/strong><\/h1>\n<p><strong>Dolce Jewellery, Boucles d&#039;oreilles longues en forme de goutte d&#039;eau.<\/strong><\/p>\n<p>On sait tous que la paire de boucles d&#039;oreilles parfaite est une exp\u00e9rience transformatrice\u2026 alors pr\u00e9parez-vous\u00a0! D\u00e9couvrez ces longues boucles d&#039;oreilles goutte d&#039;eau sign\u00e9es Dolce Jewellery. Elles ne changeront peut-\u00eatre pas votre vie, mais elles changeront votre fa\u00e7on de voir votre garde-robe\u2026 et c&#039;est presque pareil.<\/p>\n<p>Offert en deux couleurs : Argent et Or.<\/p>\n<p>Ces boucles d&#039;oreilles sont vendues par paire.<\/p>\n<p><strong>Type de produit :<\/strong> Boucles d&#039;oreilles pendantes<\/p>\n<p><strong>Nom du produit :\u00a0<\/strong>Boucles d&#039;oreilles longues pendantes<\/p>\n<p><strong>Mat\u00e9riel:\u00a0<\/strong>100% Argent sterling 925<\/p>\n<p><strong>Poids: <\/strong>4g<\/p>\n<p><strong>Article:\u00a0<\/strong>MEJ238<\/p>\n<p><img decoding=\"async\" src=\"https:\/\/cdn.shopify.com\/s\/files\/1\/0559\/8819\/1417\/files\/b31f2e7f-39fb-4aed-8568-85029b35d236_480x480.jpg?v=1630250525\" alt=\"\" \/><\/p>","protected":false},"excerpt":{"rendered":"<p>Description &amp; Details Dolce Jewellery, Long Water Drop Earrings. We all know that the perfect pair of earrings is a transformative experience&#8230;so get ready. Introducing these long water drop earrings from Dolce Jewellery. They might not change your life, but they&#8217;ll change the way you look at your wardrobe&#8230;and that&#8217;s almost the same. Offered in [&#8230;]\n","protected":false},"featured_media":7895,"comment_status":"open","ping_status":"closed","template":"","meta":[],"product_brand":[],"product_cat":[33,34,29],"product_tag":[24],"class_list":{"0":"post-2962","1":"product","2":"type-product","3":"status-publish","4":"has-post-thumbnail","6":"product_cat-drop-earrings","7":"product_cat-earrings","8":"product_cat-shop-all","9":"product_tag-drop-earrings","11":"first","12":"instock","13":"shipping-taxable","14":"purchasable","15":"product-type-variable"},"_links":{"self":[{"href":"https:\/\/dolcejewellery.com\/fr\/wp-json\/wp\/v2\/product\/2962","targetHints":{"allow":["GET"]}}],"collection":[{"href":"https:\/\/dolcejewellery.com\/fr\/wp-json\/wp\/v2\/product"}],"about":[{"href":"https:\/\/dolcejewellery.com\/fr\/wp-json\/wp\/v2\/types\/product"}],"replies":[{"embeddable":true,"href":"https:\/\/dolcejewellery.com\/fr\/wp-json\/wp\/v2\/comments?post=2962"}],"wp:featuredmedia":[{"embeddable":true,"href":"https:\/\/dolcejewellery.com\/fr\/wp-json\/wp\/v2\/media\/7895"}],"wp:attachment":[{"href":"https:\/\/dolcejewellery.com\/fr\/wp-json\/wp\/v2\/media?parent=2962"}],"wp:term":[{"taxonomy":"product_brand","embeddable":true,"href":"https:\/\/dolcejewellery.com\/fr\/wp-json\/wp\/v2\/product_brand?post=2962"},{"taxonomy":"product_cat","embeddable":true,"href":"https:\/\/dolcejewellery.com\/fr\/wp-json\/wp\/v2\/product_cat?post=2962"},{"taxonomy":"product_tag","embeddable":true,"href":"https:\/\/dolcejewellery.com\/fr\/wp-json\/wp\/v2\/product_tag?post=2962"}],"curies":[{"name":"wp","href":"https:\/\/api.w.org\/{rel}","templated":true}]}}