{"id":2951,"date":"2025-02-01T11:14:36","date_gmt":"2025-02-01T11:14:36","guid":{"rendered":"https:\/\/dolcejewellery.com\/product\/lightning-stud-earrings\/"},"modified":"2025-11-16T06:39:39","modified_gmt":"2025-11-16T05:39:39","slug":"lightning-stud-earrings","status":"publish","type":"product","link":"https:\/\/dolcejewellery.com\/fr\/produit\/lightning-stud-earrings\/","title":{"rendered":"Boucles d&#039;oreilles \u00e0 tige \u00e9clair"},"content":{"rendered":"<h1><strong>Description et d\u00e9tails<\/strong><\/h1>\n<p><strong>Dolce Jewellery, Boucles d&#039;oreilles \u00e0 tige \u00e9clair\u00a0\u00a0<\/strong><\/p>\n<p>Voil\u00e0 une fa\u00e7on de faire sensation. Les boucles d&#039;oreilles \u00e9clair de Dolce Jewellery vous donneront assur\u00e9ment une image streetwear incroyable, alors qu&#039;attendez-vous\u00a0? Toi, le mec cool\u00a0!<\/p>\n<p>Disponible en deux couleurs : Argent et Or.<\/p>\n<p>Ces boucles d&#039;oreilles sont vendues par paire.<\/p>\n<p><strong>Type de produit :<\/strong> Boucles d&#039;oreilles \u00e0 tige<\/p>\n<p><strong>Nom du produit :\u00a0<\/strong>Boucles d&#039;oreilles \u00e0 tige \u00e9clair<\/p>\n<p><strong>Mat\u00e9riel:\u00a0<\/strong>100% Argent sterling 925<\/p>\n<p><strong>Poids :<\/strong>\u00a00,34 g (SL), 0,25 g (DL)<\/p>\n<p><strong>Article:\u00a0<\/strong>MEJ016<\/p>\n<p><img loading=\"lazy\" decoding=\"async\" class=\"alignnone wp-image-7917\" src=\"https:\/\/dolcejewellery.com\/wp-content\/uploads\/2025\/02\/MEJ016-2.png\" alt=\"\" width=\"696\" height=\"553\" srcset=\"https:\/\/dolcejewellery.com\/wp-content\/uploads\/2025\/02\/MEJ016-2.png 780w, https:\/\/dolcejewellery.com\/wp-content\/uploads\/2025\/02\/MEJ016-2-300x238.png 300w, https:\/\/dolcejewellery.com\/wp-content\/uploads\/2025\/02\/MEJ016-2-768x610.png 768w\" sizes=\"auto, (max-width: 696px) 100vw, 696px\" \/><\/p>\n<p><img loading=\"lazy\" decoding=\"async\" class=\"alignnone wp-image-7918 size-full\" src=\"https:\/\/dolcejewellery.com\/wp-content\/uploads\/2025\/02\/MEJ016.png\" alt=\"\" width=\"695\" height=\"553\" srcset=\"https:\/\/dolcejewellery.com\/wp-content\/uploads\/2025\/02\/MEJ016.png 695w, https:\/\/dolcejewellery.com\/wp-content\/uploads\/2025\/02\/MEJ016-300x239.png 300w\" sizes=\"auto, (max-width: 695px) 100vw, 695px\" \/><\/p>","protected":false},"excerpt":{"rendered":"<p>Description &amp; Details Dolce Jewellery, Lightning Stud Earrings\u00a0\u00a0 That&#8217;s one way to make a statement. Dolce Jewellery&#8217;s lightning stud earrings are sure to make your street cred soar, so what are you waiting for? You cool kid, you. Available in two colors: Silver &amp; Gold. These earrings come as a pair. Product Type: Stud Earrings [&#8230;]\n","protected":false},"featured_media":7906,"comment_status":"open","ping_status":"closed","template":"","meta":[],"product_brand":[],"product_cat":[34,29,38],"product_tag":[25],"class_list":{"0":"post-2951","1":"product","2":"type-product","3":"status-publish","4":"has-post-thumbnail","6":"product_cat-earrings","7":"product_cat-shop-all","8":"product_cat-stud-earrings","9":"product_tag-stud-earrings","11":"first","12":"instock","13":"shipping-taxable","14":"purchasable","15":"product-type-variable"},"_links":{"self":[{"href":"https:\/\/dolcejewellery.com\/fr\/wp-json\/wp\/v2\/product\/2951","targetHints":{"allow":["GET"]}}],"collection":[{"href":"https:\/\/dolcejewellery.com\/fr\/wp-json\/wp\/v2\/product"}],"about":[{"href":"https:\/\/dolcejewellery.com\/fr\/wp-json\/wp\/v2\/types\/product"}],"replies":[{"embeddable":true,"href":"https:\/\/dolcejewellery.com\/fr\/wp-json\/wp\/v2\/comments?post=2951"}],"wp:featuredmedia":[{"embeddable":true,"href":"https:\/\/dolcejewellery.com\/fr\/wp-json\/wp\/v2\/media\/7906"}],"wp:attachment":[{"href":"https:\/\/dolcejewellery.com\/fr\/wp-json\/wp\/v2\/media?parent=2951"}],"wp:term":[{"taxonomy":"product_brand","embeddable":true,"href":"https:\/\/dolcejewellery.com\/fr\/wp-json\/wp\/v2\/product_brand?post=2951"},{"taxonomy":"product_cat","embeddable":true,"href":"https:\/\/dolcejewellery.com\/fr\/wp-json\/wp\/v2\/product_cat?post=2951"},{"taxonomy":"product_tag","embeddable":true,"href":"https:\/\/dolcejewellery.com\/fr\/wp-json\/wp\/v2\/product_tag?post=2951"}],"curies":[{"name":"wp","href":"https:\/\/api.w.org\/{rel}","templated":true}]}}