{"id":2945,"date":"2025-02-01T11:14:36","date_gmt":"2025-02-01T11:14:36","guid":{"rendered":"https:\/\/dolcejewellery.com\/product\/light-six-pointed-star-bracelet\/"},"modified":"2025-11-16T06:36:16","modified_gmt":"2025-11-16T05:36:16","slug":"light-six-pointed-star-bracelet","status":"publish","type":"product","link":"https:\/\/dolcejewellery.com\/fr\/produit\/light-six-pointed-star-bracelet\/","title":{"rendered":"Bracelet \u00e9toile l\u00e9g\u00e8re \u00e0 six branches"},"content":{"rendered":"<h1><strong>Description et d\u00e9tails<\/strong><\/h1>\n<p><strong>Dolce Jewellery, Bracelet \u00c9toile L\u00e9g\u00e8re \u00e0 Six Branches.<\/strong><\/p>\n<p>On ne sait pas pour vous, mais la premi\u00e8re chose que l&#039;on remarque chez quelqu&#039;un, ce sont ses mains. Fabriqu\u00e9es en argent sterling 925, elles arborent un design unique et magnifique. Elles sont orn\u00e9es d&#039;une cha\u00eene polie, orn\u00e9e d&#039;\u00e9toiles orn\u00e9es de cristaux de zircon pour une touche d&#039;\u00e9clat suppl\u00e9mentaire, et de perles brillantes.<\/p>\n<p>Ce bracelet Dolce Jewellery ne manquera pas d&#039;impressionner tout le monde. Il suffit de tendre la main et de le montrer.<\/p>\n<p>Offert uniquement en deux couleurs : Argent et Or.<\/p>\n<p class=\"product-title-text\" data-spm-anchor-id=\"a2g0o.detail.1000016.i3.2754247aDoXi0d\"><strong>Type de produit :\u00a0<\/strong>Bracelets<\/p>\n<p><strong>Nom du produit :\u00a0<\/strong>Bracelet \u00e9toile l\u00e9g\u00e8re \u00e0 six branches<\/p>\n<p><strong>Pierre: <\/strong>Zircon<\/p>\n<p><strong>Mat\u00e9riel:\u00a0<\/strong>100% Argent sterling 925<\/p>\n<p>La longueur de ce bracelet est r\u00e9glable : 10-19 cm (3,9-7,5 pouces)<\/p>\n<p><strong>Article:\u00a0<\/strong>BKSL042<\/p>\n<p><img loading=\"lazy\" decoding=\"async\" class=\"alignnone\" src=\"https:\/\/cdn.shopify.com\/s\/files\/1\/0559\/8819\/1417\/files\/0.3CM_c8c83c5d-e159-4461-9890-4ab7274a0eb1_480x480.png?v=1629481717\" alt=\"\" width=\"480\" height=\"480\" \/><\/p>","protected":false},"excerpt":{"rendered":"<p>Description &amp; Details Dolce Jewellery,\u00a0Light Six-pointed Star Bracelet. We don&#8217;t know about you, but the first thing we notice about someone is their hands. Constructed from\u00a0925 sterling silver\u00a0and boasting a unique and gorgeous design. Featuring a burnished chain, embellished with stars containing zircon crystals for an extra touch of sparkle, and some shiny beads. This [&#8230;]\n","protected":false},"featured_media":6856,"comment_status":"open","ping_status":"closed","template":"","meta":[],"product_brand":[],"product_cat":[31,29],"product_tag":[],"class_list":{"0":"post-2945","1":"product","2":"type-product","3":"status-publish","4":"has-post-thumbnail","6":"product_cat-bracelets","7":"product_cat-shop-all","9":"first","10":"instock","11":"shipping-taxable","12":"purchasable","13":"product-type-variable"},"_links":{"self":[{"href":"https:\/\/dolcejewellery.com\/fr\/wp-json\/wp\/v2\/product\/2945","targetHints":{"allow":["GET"]}}],"collection":[{"href":"https:\/\/dolcejewellery.com\/fr\/wp-json\/wp\/v2\/product"}],"about":[{"href":"https:\/\/dolcejewellery.com\/fr\/wp-json\/wp\/v2\/types\/product"}],"replies":[{"embeddable":true,"href":"https:\/\/dolcejewellery.com\/fr\/wp-json\/wp\/v2\/comments?post=2945"}],"wp:featuredmedia":[{"embeddable":true,"href":"https:\/\/dolcejewellery.com\/fr\/wp-json\/wp\/v2\/media\/6856"}],"wp:attachment":[{"href":"https:\/\/dolcejewellery.com\/fr\/wp-json\/wp\/v2\/media?parent=2945"}],"wp:term":[{"taxonomy":"product_brand","embeddable":true,"href":"https:\/\/dolcejewellery.com\/fr\/wp-json\/wp\/v2\/product_brand?post=2945"},{"taxonomy":"product_cat","embeddable":true,"href":"https:\/\/dolcejewellery.com\/fr\/wp-json\/wp\/v2\/product_cat?post=2945"},{"taxonomy":"product_tag","embeddable":true,"href":"https:\/\/dolcejewellery.com\/fr\/wp-json\/wp\/v2\/product_tag?post=2945"}],"curies":[{"name":"wp","href":"https:\/\/api.w.org\/{rel}","templated":true}]}}