{"id":2941,"date":"2025-02-01T11:14:35","date_gmt":"2025-02-01T11:14:35","guid":{"rendered":"https:\/\/dolcejewellery.com\/product\/light-beads-necklace\/"},"modified":"2025-11-16T07:03:42","modified_gmt":"2025-11-16T06:03:42","slug":"light-beads-necklace","status":"publish","type":"product","link":"https:\/\/dolcejewellery.com\/fr\/produit\/light-beads-necklace\/","title":{"rendered":"Collier de perles l\u00e9g\u00e8res"},"content":{"rendered":"<h1><strong>Description et d\u00e9tails<\/strong><\/h1>\n<p><strong>Dolce Jewellery, Collier de perles l\u00e9g\u00e8res.<\/strong><\/p>\n<p>Sublimez votre style avec l&#039;\u00e9l\u00e9gante simplicit\u00e9 du collier Light Beads. Confectionn\u00e9 en argent sterling 925 de haute qualit\u00e9, ce collier tendance est orn\u00e9 d&#039;une d\u00e9licate cha\u00eene serpent orn\u00e9e de d\u00e9licates perles l\u00e9g\u00e8res. Son design r\u00e9glable vous permet d&#039;ajuster la longueur selon vos pr\u00e9f\u00e9rences, pour une polyvalence optimale et une grande polyvalence.<\/p>\n<p>Le charme minimaliste de ce collier d\u00e9gage une sophistication discr\u00e8te, ce qui en fait un accessoire parfait pour une tenue d\u00e9contract\u00e9e comme habill\u00e9e. Le scintillement subtil des perles l\u00e9g\u00e8res ajoute une touche d&#039;\u00e9l\u00e9gance \u00e0 votre d\u00e9collet\u00e9, tandis que la cha\u00eene en os de serpent apporte une touche contemporaine au design.<\/p>\n<p>Fabriqu\u00e9 avec le plus grand soin et un savoir-faire artisanal, le collier Light Beads est con\u00e7u pour \u00eatre \u00e0 la fois durable et confortable. Son charme intemporel en fera un incontournable de votre collection de bijoux pour les ann\u00e9es \u00e0 venir.<\/p>\n<p>Laissez-vous s\u00e9duire par la beaut\u00e9 et la polyvalence du collier Light Beads de Dolce Jewellery et sublimez votre style sans effort gr\u00e2ce \u00e0 son charme minimaliste et son design ajustable. Adoptez le charme de la simplicit\u00e9 et affirmez votre personnalit\u00e9.<\/p>\n<p><strong>Type de produit : <\/strong>Colliers<\/p>\n<p><strong>Nom du produit :\u00a0<\/strong>Collier de perles l\u00e9g\u00e8res<\/p>\n<p><strong>Mat\u00e9riel: <\/strong>100% Argent sterling 925<\/p>\n<p><strong>Longueur: <\/strong>50,5 cm (19,9 pouces), la longueur de la cha\u00eene peut \u00eatre allong\u00e9e d&#039;environ 6,5 cm (2,5 pouces)<\/p>\n<p><strong>Article:\u00a0<\/strong>BKXL060<\/p>\n<p><img decoding=\"async\" src=\"https:\/\/cdn.shopify.com\/s\/files\/1\/0559\/8819\/1417\/files\/04c1199b-0f31-4e31-8a2d-772a708162a3_480x480.png?v=1687107067\" alt=\"\" \/><\/p>\n<p>&nbsp;<\/p>","protected":false},"excerpt":{"rendered":"<p>Description &amp; Details Dolce Jewellery,\u00a0Light Beads Necklace. Elevate your style with the elegant simplicity of the Light Beads Necklace. Crafted from high-quality 925 Sterling Silver, this fashionable necklace features a delicate snake bone chain adorned with dainty light beads. The adjustable design allows you to customize the length to suit your preference, providing versatility for [&#8230;]\n","protected":false},"featured_media":6458,"comment_status":"open","ping_status":"closed","template":"","meta":[],"product_brand":[],"product_cat":[36,29],"product_tag":[],"class_list":{"0":"post-2941","1":"product","2":"type-product","3":"status-publish","4":"has-post-thumbnail","6":"product_cat-necklaces","7":"product_cat-shop-all","9":"first","10":"instock","11":"shipping-taxable","12":"purchasable","13":"product-type-variable"},"_links":{"self":[{"href":"https:\/\/dolcejewellery.com\/fr\/wp-json\/wp\/v2\/product\/2941","targetHints":{"allow":["GET"]}}],"collection":[{"href":"https:\/\/dolcejewellery.com\/fr\/wp-json\/wp\/v2\/product"}],"about":[{"href":"https:\/\/dolcejewellery.com\/fr\/wp-json\/wp\/v2\/types\/product"}],"replies":[{"embeddable":true,"href":"https:\/\/dolcejewellery.com\/fr\/wp-json\/wp\/v2\/comments?post=2941"}],"wp:featuredmedia":[{"embeddable":true,"href":"https:\/\/dolcejewellery.com\/fr\/wp-json\/wp\/v2\/media\/6458"}],"wp:attachment":[{"href":"https:\/\/dolcejewellery.com\/fr\/wp-json\/wp\/v2\/media?parent=2941"}],"wp:term":[{"taxonomy":"product_brand","embeddable":true,"href":"https:\/\/dolcejewellery.com\/fr\/wp-json\/wp\/v2\/product_brand?post=2941"},{"taxonomy":"product_cat","embeddable":true,"href":"https:\/\/dolcejewellery.com\/fr\/wp-json\/wp\/v2\/product_cat?post=2941"},{"taxonomy":"product_tag","embeddable":true,"href":"https:\/\/dolcejewellery.com\/fr\/wp-json\/wp\/v2\/product_tag?post=2941"}],"curies":[{"name":"wp","href":"https:\/\/api.w.org\/{rel}","templated":true}]}}