{"id":2937,"date":"2025-02-01T11:14:35","date_gmt":"2025-02-01T11:14:35","guid":{"rendered":"https:\/\/dolcejewellery.com\/product\/leaf-ring\/"},"modified":"2025-11-16T06:48:51","modified_gmt":"2025-11-16T05:48:51","slug":"leaf-ring","status":"publish","type":"product","link":"https:\/\/dolcejewellery.com\/fr\/produit\/leaf-ring\/","title":{"rendered":"Anneau de feuille"},"content":{"rendered":"<h1><strong>Description et d\u00e9tails<\/strong><\/h1>\n<p><strong>Dolce Jewellery, Anneau de feuille.<\/strong><\/p>\n<p>Offrez-vous la parure ultime. Orn\u00e9e de cristaux de zircon, cette magnifique bague en forme de feuille sign\u00e9e Dolce Jewellery sublimera toutes vos tenues. Naturellement.<\/p>\n<p>Laissez cette pi\u00e8ce d\u00e9corative ajouter de l&#039;\u00e9l\u00e9gance et du style \u00e0 n&#039;importe quelle occasion.<\/p>\n<p>Propos\u00e9 en trois couleurs : argent, or et or rose.<\/p>\n<p>Cette bague est r\u00e9glable.<\/p>\n<p><strong>Type de produit :\u00a0<\/strong>Bagues<\/p>\n<p><strong>Nom du produit :\u00a0<\/strong>Anneau de feuille<\/p>\n<p><strong>Pierre: <\/strong>Zircon<\/p>\n<p><strong>Mat\u00e9riel:\u00a0<\/strong>100% Argent sterling 925<\/p>\n<p><strong>Article:\u00a0<\/strong>BKJZ005<\/p>\n<p><img loading=\"lazy\" decoding=\"async\" class=\"alignnone\" src=\"https:\/\/cdn.shopify.com\/s\/files\/1\/0559\/8819\/1417\/files\/8a37b9b4-7961-45a8-b740-12b1793a71bb_480x480.jpg?v=1632581134\" alt=\"\" width=\"480\" height=\"382\" \/><\/p>","protected":false},"excerpt":{"rendered":"<p>Description &amp; Details Dolce Jewellery, Leaf Ring. Give yourself the ultimate adornment piece. Adorned with zircon crystals, this beautiful leaf-designed ring from Dolce Jewellery will elevate any attire you decide to throw on. Naturally so. Let this decorative piece add elegance and edge to any occasion. Offered in three colors: Silver, Gold &amp; Rose Gold. [&#8230;]\n","protected":false},"featured_media":7244,"comment_status":"open","ping_status":"closed","template":"","meta":[],"product_brand":[],"product_cat":[37,29],"product_tag":[],"class_list":{"0":"post-2937","1":"product","2":"type-product","3":"status-publish","4":"has-post-thumbnail","6":"product_cat-rings","7":"product_cat-shop-all","9":"first","10":"instock","11":"shipping-taxable","12":"purchasable","13":"product-type-variable"},"_links":{"self":[{"href":"https:\/\/dolcejewellery.com\/fr\/wp-json\/wp\/v2\/product\/2937","targetHints":{"allow":["GET"]}}],"collection":[{"href":"https:\/\/dolcejewellery.com\/fr\/wp-json\/wp\/v2\/product"}],"about":[{"href":"https:\/\/dolcejewellery.com\/fr\/wp-json\/wp\/v2\/types\/product"}],"replies":[{"embeddable":true,"href":"https:\/\/dolcejewellery.com\/fr\/wp-json\/wp\/v2\/comments?post=2937"}],"wp:featuredmedia":[{"embeddable":true,"href":"https:\/\/dolcejewellery.com\/fr\/wp-json\/wp\/v2\/media\/7244"}],"wp:attachment":[{"href":"https:\/\/dolcejewellery.com\/fr\/wp-json\/wp\/v2\/media?parent=2937"}],"wp:term":[{"taxonomy":"product_brand","embeddable":true,"href":"https:\/\/dolcejewellery.com\/fr\/wp-json\/wp\/v2\/product_brand?post=2937"},{"taxonomy":"product_cat","embeddable":true,"href":"https:\/\/dolcejewellery.com\/fr\/wp-json\/wp\/v2\/product_cat?post=2937"},{"taxonomy":"product_tag","embeddable":true,"href":"https:\/\/dolcejewellery.com\/fr\/wp-json\/wp\/v2\/product_tag?post=2937"}],"curies":[{"name":"wp","href":"https:\/\/api.w.org\/{rel}","templated":true}]}}