{"id":2931,"date":"2025-02-01T11:14:35","date_gmt":"2025-02-01T11:14:35","guid":{"rendered":"https:\/\/dolcejewellery.com\/product\/leaf-and-round-beads-bracelet\/"},"modified":"2025-11-16T06:43:31","modified_gmt":"2025-11-16T05:43:31","slug":"leaf-and-round-beads-bracelet","status":"publish","type":"product","link":"https:\/\/dolcejewellery.com\/fr\/produit\/leaf-and-round-beads-bracelet\/","title":{"rendered":"Bracelet Feuilles et Perles Rondes"},"content":{"rendered":"<h1><strong>Description et d\u00e9tails<\/strong><\/h1>\n<p><strong>Dolce Jewellery, Bracelet Feuille et Perles Rondes.<\/strong><\/p>\n<p>Sublimez votre style gr\u00e2ce \u00e0 la beaut\u00e9 envo\u00fbtante de notre bracelet en argent sterling 925 v\u00e9ritable, compos\u00e9 de feuilles et de perles rondes. Confectionn\u00e9 avec une attention m\u00e9ticuleuse aux d\u00e9tails, ce bracelet est dot\u00e9 d&#039;une cha\u00eene d\u00e9licate orn\u00e9e de motifs de feuilles finement travaill\u00e9s et de perles rondes polies.<\/p>\n<p>Les feuilles du bracelet apportent une touche d&#039;\u00e9l\u00e9gance inspir\u00e9e de la nature, cr\u00e9ant une atmosph\u00e8re fantaisiste et organique. Chaque feuille est minutieusement travaill\u00e9e pour mettre en valeur ses veines d\u00e9licates et sa surface textur\u00e9e, ajoutant profondeur et dimension \u00e0 l&#039;ensemble. Les perles rondes, quant \u00e0 elles, offrent un \u00e9clat subtil et captivant, refl\u00e9tant la lumi\u00e8re \u00e0 chaque mouvement.<\/p>\n<p>Fabriqu\u00e9 en argent sterling 925 v\u00e9ritable, ce bracelet offre une qualit\u00e9 et une durabilit\u00e9 exceptionnelles. Con\u00e7u pour s&#039;adapter confortablement \u00e0 votre poignet, il est dot\u00e9 d&#039;une cha\u00eene r\u00e9glable et d&#039;un fermoir s\u00e9curis\u00e9 pour un maintien parfait. Que vous assistiez \u00e0 une f\u00eate, \u00e0 un mariage ou que vous cherchiez simplement \u00e0 sublimer votre style au quotidien, ce bracelet est un accessoire polyvalent et accrocheur.<\/p>\n<p>Le bracelet Feuilles et Perles Rondes s&#039;accorde avec une multitude de tenues, du chic d\u00e9contract\u00e9 aux ensembles \u00e9l\u00e9gants. Son design intemporel et sa polyvalence en font un accessoire indispensable en toute occasion. Portez-le seul pour un look d\u00e9licat et f\u00e9minin, ou superposez-le \u00e0 d&#039;autres bracelets pour cr\u00e9er un style unique et personnalis\u00e9.<\/p>\n<p>Admirez la beaut\u00e9 de la nature et la sophistication de l&#039;argent sterling avec le bracelet Feuilles et Perles Rondes de Dolce Jewellery. Son design enchanteur et son savoir-faire impeccable sublimeront votre collection de bijoux et ajouteront une touche d&#039;\u00e9l\u00e9gance \u00e0 votre quotidien.<\/p>\n<p><strong>Type de produit : <\/strong>Bracelets<\/p>\n<p><strong>Nom du produit :\u00a0<\/strong>Bracelet Feuilles et Perles Rondes<\/p>\n<p><strong>Mat\u00e9riel: <\/strong>100% Argent sterling 925<\/p>\n<p><strong>Longueur: <\/strong>La longueur du bracelet est de 16 cm (6,3 pouces), la longueur de la cha\u00eene d&#039;extension est de 3 cm (1,2 pouces)<\/p>\n<p><strong>Article:\u00a0<\/strong>BKSL034<\/p>\n<p><img loading=\"lazy\" decoding=\"async\" class=\"alignnone wp-image-6874 size-full\" src=\"https:\/\/dolcejewellery.com\/wp-content\/uploads\/2025\/02\/\u00a6\u00af\u00a6th-.png\" alt=\"\" width=\"800\" height=\"800\" srcset=\"https:\/\/dolcejewellery.com\/wp-content\/uploads\/2025\/02\/\u00a6\u00af\u00a6th-.png 800w, https:\/\/dolcejewellery.com\/wp-content\/uploads\/2025\/02\/\u00a6\u00af\u00a6th--300x300.png 300w, https:\/\/dolcejewellery.com\/wp-content\/uploads\/2025\/02\/\u00a6\u00af\u00a6th--150x150.png 150w, https:\/\/dolcejewellery.com\/wp-content\/uploads\/2025\/02\/\u00a6\u00af\u00a6th--768x768.png 768w, https:\/\/dolcejewellery.com\/wp-content\/uploads\/2025\/02\/\u00a6\u00af\u00a6th--600x600.png 600w, https:\/\/dolcejewellery.com\/wp-content\/uploads\/2025\/02\/\u00a6\u00af\u00a6th--100x100.png 100w\" sizes=\"auto, (max-width: 800px) 100vw, 800px\" \/><\/p>","protected":false},"excerpt":{"rendered":"<p>Description &amp; Details Dolce Jewellery,\u00a0Leaf and Round Beads Bracelet. Elevate your style with the enchanting beauty of our Real 925 Sterling Silver Leaf and Round Beads Bracelet. Crafted with meticulous attention to detail, this bracelet features a delicate chain adorned with intricately designed leaf motifs and polished round beads. The leaves on the bracelet add [&#8230;]\n","protected":false},"featured_media":6870,"comment_status":"open","ping_status":"closed","template":"","meta":[],"product_brand":[],"product_cat":[31,29],"product_tag":[],"class_list":{"0":"post-2931","1":"product","2":"type-product","3":"status-publish","4":"has-post-thumbnail","6":"product_cat-bracelets","7":"product_cat-shop-all","9":"first","10":"instock","11":"shipping-taxable","12":"purchasable","13":"product-type-variable"},"_links":{"self":[{"href":"https:\/\/dolcejewellery.com\/fr\/wp-json\/wp\/v2\/product\/2931","targetHints":{"allow":["GET"]}}],"collection":[{"href":"https:\/\/dolcejewellery.com\/fr\/wp-json\/wp\/v2\/product"}],"about":[{"href":"https:\/\/dolcejewellery.com\/fr\/wp-json\/wp\/v2\/types\/product"}],"replies":[{"embeddable":true,"href":"https:\/\/dolcejewellery.com\/fr\/wp-json\/wp\/v2\/comments?post=2931"}],"wp:featuredmedia":[{"embeddable":true,"href":"https:\/\/dolcejewellery.com\/fr\/wp-json\/wp\/v2\/media\/6870"}],"wp:attachment":[{"href":"https:\/\/dolcejewellery.com\/fr\/wp-json\/wp\/v2\/media?parent=2931"}],"wp:term":[{"taxonomy":"product_brand","embeddable":true,"href":"https:\/\/dolcejewellery.com\/fr\/wp-json\/wp\/v2\/product_brand?post=2931"},{"taxonomy":"product_cat","embeddable":true,"href":"https:\/\/dolcejewellery.com\/fr\/wp-json\/wp\/v2\/product_cat?post=2931"},{"taxonomy":"product_tag","embeddable":true,"href":"https:\/\/dolcejewellery.com\/fr\/wp-json\/wp\/v2\/product_tag?post=2931"}],"curies":[{"name":"wp","href":"https:\/\/api.w.org\/{rel}","templated":true}]}}