{"id":2921,"date":"2025-02-01T11:14:34","date_gmt":"2025-02-01T11:14:34","guid":{"rendered":"https:\/\/dolcejewellery.com\/product\/korean-simple-hoop-earrings\/"},"modified":"2025-11-16T08:26:29","modified_gmt":"2025-11-16T07:26:29","slug":"korean-simple-hoop-earrings","status":"publish","type":"product","link":"https:\/\/dolcejewellery.com\/fr\/produit\/korean-simple-hoop-earrings\/","title":{"rendered":"Boucles d&#039;oreilles cr\u00e9oles cor\u00e9ennes simples"},"content":{"rendered":"<h1 data-mce-fragment=\"1\"><strong data-mce-fragment=\"1\">Description et d\u00e9tails<\/strong><\/h1>\n<p data-mce-fragment=\"1\"><strong data-mce-fragment=\"1\">Dolce Jewellery, Boucles d&#039;oreilles cr\u00e9oles simples cor\u00e9ennes.<\/strong><\/p>\n<p>La simplicit\u00e9 est parfois la meilleure solution. Ces Cor\u00e9ens<span data-mce-fragment=\"1\">\u00a0boucles d&#039;oreilles cr\u00e9oles simples\u00a0<\/span>Fabriqu\u00e9s en argent sterling poli, ils sont faciles \u00e0 porter gr\u00e2ce \u00e0 leur design simple et \u00e9l\u00e9gant. Un bijou \u00e0 ch\u00e9rir pour toujours.<\/p>\n<p>Offert en deux couleurs : Argent et Or.<\/p>\n<p>Ces boucles d&#039;oreilles sont vendues par paire.<\/p>\n<p><strong data-mce-fragment=\"1\">Type de produit :<\/strong> Boucles d&#039;oreilles cr\u00e9oles<\/p>\n<p data-mce-fragment=\"1\"><strong data-mce-fragment=\"1\">Nom du produit :\u00a0<\/strong>Boucles d&#039;oreilles cr\u00e9oles cor\u00e9ennes simples<\/p>\n<p data-mce-fragment=\"1\"><strong data-mce-fragment=\"1\">Mat\u00e9riel:\u00a0<\/strong>100% Argent sterling 925<\/p>\n<p data-mce-fragment=\"1\"><strong>Poids : <\/strong>0,51 g (12 mm), 1,00 g (22 mm), 1,24 g (28 mm)<\/p>\n<p data-mce-fragment=\"1\"><strong data-mce-fragment=\"1\">Article:\u00a0<\/strong>MEJ367<\/p>\n<p data-mce-fragment=\"1\"><img decoding=\"async\" src=\"https:\/\/cdn.shopify.com\/s\/files\/1\/0559\/8819\/1417\/files\/5093f792-1bb1-4916-9b09-c25d9ea557e1_480x480.png?v=1630418695\" alt=\"\" \/><\/p>","protected":false},"excerpt":{"rendered":"<p>Description &amp; Details Dolce Jewellery, Korean Simple Hoop Earrings. Simplicity is sometimes best. These Korean\u00a0simple hoop earrings\u00a0are made from polished sterling silver and let&#8217;s face it, you&#8217;ll wear them more often than not thanks to the sleek simple design. A forever piece to treasure. Offered in two colors: Silver &amp; Gold. These earrings come as [&#8230;]\n","protected":false},"featured_media":4541,"comment_status":"open","ping_status":"closed","template":"","meta":[],"product_brand":[],"product_cat":[34,35,29],"product_tag":[27],"class_list":{"0":"post-2921","1":"product","2":"type-product","3":"status-publish","4":"has-post-thumbnail","6":"product_cat-earrings","7":"product_cat-hoop-earrings","8":"product_cat-shop-all","9":"product_tag-hoop-earrings","11":"first","12":"instock","13":"shipping-taxable","14":"purchasable","15":"product-type-variable"},"_links":{"self":[{"href":"https:\/\/dolcejewellery.com\/fr\/wp-json\/wp\/v2\/product\/2921","targetHints":{"allow":["GET"]}}],"collection":[{"href":"https:\/\/dolcejewellery.com\/fr\/wp-json\/wp\/v2\/product"}],"about":[{"href":"https:\/\/dolcejewellery.com\/fr\/wp-json\/wp\/v2\/types\/product"}],"replies":[{"embeddable":true,"href":"https:\/\/dolcejewellery.com\/fr\/wp-json\/wp\/v2\/comments?post=2921"}],"wp:featuredmedia":[{"embeddable":true,"href":"https:\/\/dolcejewellery.com\/fr\/wp-json\/wp\/v2\/media\/4541"}],"wp:attachment":[{"href":"https:\/\/dolcejewellery.com\/fr\/wp-json\/wp\/v2\/media?parent=2921"}],"wp:term":[{"taxonomy":"product_brand","embeddable":true,"href":"https:\/\/dolcejewellery.com\/fr\/wp-json\/wp\/v2\/product_brand?post=2921"},{"taxonomy":"product_cat","embeddable":true,"href":"https:\/\/dolcejewellery.com\/fr\/wp-json\/wp\/v2\/product_cat?post=2921"},{"taxonomy":"product_tag","embeddable":true,"href":"https:\/\/dolcejewellery.com\/fr\/wp-json\/wp\/v2\/product_tag?post=2921"}],"curies":[{"name":"wp","href":"https:\/\/api.w.org\/{rel}","templated":true}]}}