{"id":2918,"date":"2025-02-01T11:14:34","date_gmt":"2025-02-01T11:14:34","guid":{"rendered":"https:\/\/dolcejewellery.com\/product\/korean-punk-vibes-bracelet\/"},"modified":"2025-11-16T07:12:36","modified_gmt":"2025-11-16T06:12:36","slug":"korean-punk-vibes-bracelet","status":"publish","type":"product","link":"https:\/\/dolcejewellery.com\/fr\/produit\/korean-punk-vibes-bracelet\/","title":{"rendered":"Bracelet aux vibrations punk cor\u00e9ennes"},"content":{"rendered":"<h1><strong>Description et d\u00e9tails<\/strong><\/h1>\n<p><strong>Dolce Jewellery, Bracelet aux vibrations punk cor\u00e9ennes.<\/strong><\/p>\n<p>Sublimez votre collection d&#039;accessoires avec notre bracelet style punk cor\u00e9en. Fabriqu\u00e9 en argent sterling 925 v\u00e9ritable, ce bracelet incarne l&#039;esprit avant-gardiste et tendance de la culture punk cor\u00e9enne.<\/p>\n<p>Dot\u00e9 d&#039;un design \u00e9l\u00e9gant et moderne, ce bracelet est orn\u00e9 de d\u00e9tails raffin\u00e9s qui ajoutent une touche d&#039;\u00e9l\u00e9gance \u00e0 votre style. Son savoir-faire de haute qualit\u00e9 garantit sa durabilit\u00e9, ce qui en fait un ajout durable \u00e0 votre collection de bijoux.<\/p>\n<p>Le bracelet style punk cor\u00e9en est parfait pour celles qui souhaitent affirmer leur style avec audace. Que vous sortiez en soir\u00e9e ou assistiez \u00e0 un concert de hip-hop, ce bracelet sublimera votre look et mettra en valeur votre sens du style unique.<\/p>\n<p>Offrez-vous ou offrez \u00e0 l&#039;un de vos proches cette pi\u00e8ce tendance et accrocheuse. C&#039;est aussi un cadeau id\u00e9al pour les passionn\u00e9s de mode qui appr\u00e9cient le c\u00f4t\u00e9 dynamique et rebelle de la culture punk cor\u00e9enne.<\/p>\n<p>Affirmez votre personnalit\u00e9 avec le bracelet Punk Vibes cor\u00e9en de Dolce Jewellery. R\u00e9v\u00e9lez votre c\u00f4t\u00e9 rebelle et laissez vos bijoux refl\u00e9ter votre audace et votre assurance.<\/p>\n<p><strong>Type de produit : <\/strong>Bracelets<\/p>\n<p><strong>Nom du produit :\u00a0<\/strong>Bracelet aux vibrations punk cor\u00e9ennes<\/p>\n<p><strong>Mat\u00e9riel: <\/strong>100% Argent sterling 925<\/p>\n<p><strong>Article:\u00a0<\/strong>MSL007<\/p>","protected":false},"excerpt":{"rendered":"<p>Description &amp; Details Dolce Jewellery,\u00a0Korean Punk Vibes Bracelet. Step up your accessory game with our Korean Punk Vibes Bracelet. Made with genuine 925 sterling silver, this bracelet captures the edgy and fashionable spirit of Korean punk culture. Featuring a sleek and modern design, this bracelet is adorned with intricate details that add a touch of [&#8230;]\n","protected":false},"featured_media":6877,"comment_status":"open","ping_status":"closed","template":"","meta":[],"product_brand":[],"product_cat":[31,29],"product_tag":[],"class_list":{"0":"post-2918","1":"product","2":"type-product","3":"status-publish","4":"has-post-thumbnail","6":"product_cat-bracelets","7":"product_cat-shop-all","9":"first","10":"instock","11":"shipping-taxable","12":"purchasable","13":"product-type-variable"},"_links":{"self":[{"href":"https:\/\/dolcejewellery.com\/fr\/wp-json\/wp\/v2\/product\/2918","targetHints":{"allow":["GET"]}}],"collection":[{"href":"https:\/\/dolcejewellery.com\/fr\/wp-json\/wp\/v2\/product"}],"about":[{"href":"https:\/\/dolcejewellery.com\/fr\/wp-json\/wp\/v2\/types\/product"}],"replies":[{"embeddable":true,"href":"https:\/\/dolcejewellery.com\/fr\/wp-json\/wp\/v2\/comments?post=2918"}],"wp:featuredmedia":[{"embeddable":true,"href":"https:\/\/dolcejewellery.com\/fr\/wp-json\/wp\/v2\/media\/6877"}],"wp:attachment":[{"href":"https:\/\/dolcejewellery.com\/fr\/wp-json\/wp\/v2\/media?parent=2918"}],"wp:term":[{"taxonomy":"product_brand","embeddable":true,"href":"https:\/\/dolcejewellery.com\/fr\/wp-json\/wp\/v2\/product_brand?post=2918"},{"taxonomy":"product_cat","embeddable":true,"href":"https:\/\/dolcejewellery.com\/fr\/wp-json\/wp\/v2\/product_cat?post=2918"},{"taxonomy":"product_tag","embeddable":true,"href":"https:\/\/dolcejewellery.com\/fr\/wp-json\/wp\/v2\/product_tag?post=2918"}],"curies":[{"name":"wp","href":"https:\/\/api.w.org\/{rel}","templated":true}]}}