{"id":2907,"date":"2025-02-01T11:14:33","date_gmt":"2025-02-01T11:14:33","guid":{"rendered":"https:\/\/dolcejewellery.com\/product\/interconnected-love-hearts-pendant-necklace\/"},"modified":"2025-11-16T08:42:40","modified_gmt":"2025-11-16T07:42:40","slug":"interconnected-love-hearts-pendant-necklace","status":"publish","type":"product","link":"https:\/\/dolcejewellery.com\/fr\/produit\/interconnected-love-hearts-pendant-necklace\/","title":{"rendered":"Collier pendentif c\u0153urs d&#039;amour interconnect\u00e9s"},"content":{"rendered":"<h1><strong>Description et d\u00e9tails<\/strong><\/h1>\n<p><strong>Dolce Jewellery, Collier pendentif coeurs d&#039;amour interconnect\u00e9s.<\/strong><\/p>\n<p>Envie d&#039;amour ? Vous le serez certainement avec ce collier pendentif c\u0153urs interconnect\u00e9s de Dolce Jewellery. On a toujours su que vous \u00e9tiez du genre romantique.<\/p>\n<p>Offert en deux couleurs : Argent et Or.<\/p>\n<p><strong>Type de produit : <\/strong>Colliers<\/p>\n<p><strong>Nom du produit :\u00a0<\/strong>Collier pendentif c\u0153urs d&#039;amour interconnect\u00e9s<\/p>\n<p><strong>Mat\u00e9riel: <\/strong>100% Argent sterling 925<\/p>\n<p><strong>Longueur: <\/strong>40 cm (15,75 pouces), la longueur de la cha\u00eene peut \u00eatre allong\u00e9e d&#039;environ 4 cm (1,57 pouces)<\/p>\n<p><strong>Article:\u00a0<\/strong>BKXL108<\/p>\n<p><img loading=\"lazy\" decoding=\"async\" class=\"alignnone wp-image-6466 size-full\" src=\"https:\/\/dolcejewellery.com\/wp-content\/uploads\/2025\/02\/BKXL108.png\" alt=\"\" width=\"780\" height=\"551\" srcset=\"https:\/\/dolcejewellery.com\/wp-content\/uploads\/2025\/02\/BKXL108.png 780w, https:\/\/dolcejewellery.com\/wp-content\/uploads\/2025\/02\/BKXL108-300x212.png 300w, https:\/\/dolcejewellery.com\/wp-content\/uploads\/2025\/02\/BKXL108-768x543.png 768w\" sizes=\"auto, (max-width: 780px) 100vw, 780px\" \/><\/p>","protected":false},"excerpt":{"rendered":"<p>Description &amp; Details Dolce Jewellery, Interconnected Love Hearts Pendant Necklace. In the mood for love? You certainly will be once you put on this interconnected love hearts pendant necklace from Dolce Jewellery. We always knew you were the romantic type. Offered in two colors: Silver &amp; Gold. Product Type: Necklaces Product Name:\u00a0Interconnected Love Hearts Pendant [&#8230;]\n","protected":false},"featured_media":6461,"comment_status":"open","ping_status":"closed","template":"","meta":[],"product_brand":[],"product_cat":[36,29],"product_tag":[],"class_list":{"0":"post-2907","1":"product","2":"type-product","3":"status-publish","4":"has-post-thumbnail","6":"product_cat-necklaces","7":"product_cat-shop-all","9":"first","10":"instock","11":"shipping-taxable","12":"purchasable","13":"product-type-variable"},"_links":{"self":[{"href":"https:\/\/dolcejewellery.com\/fr\/wp-json\/wp\/v2\/product\/2907","targetHints":{"allow":["GET"]}}],"collection":[{"href":"https:\/\/dolcejewellery.com\/fr\/wp-json\/wp\/v2\/product"}],"about":[{"href":"https:\/\/dolcejewellery.com\/fr\/wp-json\/wp\/v2\/types\/product"}],"replies":[{"embeddable":true,"href":"https:\/\/dolcejewellery.com\/fr\/wp-json\/wp\/v2\/comments?post=2907"}],"wp:featuredmedia":[{"embeddable":true,"href":"https:\/\/dolcejewellery.com\/fr\/wp-json\/wp\/v2\/media\/6461"}],"wp:attachment":[{"href":"https:\/\/dolcejewellery.com\/fr\/wp-json\/wp\/v2\/media?parent=2907"}],"wp:term":[{"taxonomy":"product_brand","embeddable":true,"href":"https:\/\/dolcejewellery.com\/fr\/wp-json\/wp\/v2\/product_brand?post=2907"},{"taxonomy":"product_cat","embeddable":true,"href":"https:\/\/dolcejewellery.com\/fr\/wp-json\/wp\/v2\/product_cat?post=2907"},{"taxonomy":"product_tag","embeddable":true,"href":"https:\/\/dolcejewellery.com\/fr\/wp-json\/wp\/v2\/product_tag?post=2907"}],"curies":[{"name":"wp","href":"https:\/\/api.w.org\/{rel}","templated":true}]}}