{"id":2900,"date":"2025-02-01T11:14:32","date_gmt":"2025-02-01T11:14:32","guid":{"rendered":"https:\/\/dolcejewellery.com\/product\/hollow-love-ring\/"},"modified":"2025-11-16T09:30:12","modified_gmt":"2025-11-16T08:30:12","slug":"hollow-love-ring","status":"publish","type":"product","link":"https:\/\/dolcejewellery.com\/fr\/produit\/hollow-love-ring\/","title":{"rendered":"Bague d&#039;amour creuse"},"content":{"rendered":"<h1><strong>Description et d\u00e9tails<\/strong><\/h1>\n<p><strong>Dolce Jewellery, Bague d&#039;amour creuse.<\/strong><\/p>\n<p>Commen\u00e7ons par le commencement. On sait qu&#039;un accessoire compl\u00e8te une tenue. Mais qu&#039;est-ce qui le rend m\u00e9morable\u00a0? Cette bague ajustable en argent sterling, en forme de c\u0153ur creux, sign\u00e9e Dolce Jewellery. Une finition Dolce&#039;s.<\/p>\n<p>Propos\u00e9 en deux couleurs : Argent et Or Rose.<\/p>\n<p><strong>Type de produit :\u00a0<\/strong>Bagues<\/p>\n<p><strong>Nom du produit :\u00a0<\/strong>Bague d&#039;amour creuse<\/p>\n<p><strong>Mat\u00e9riel:\u00a0<\/strong>100% Argent sterling 925<\/p>\n<p><strong>Article:\u00a0<\/strong>BKJZ021<\/p>\n<p><img loading=\"lazy\" decoding=\"async\" class=\"alignnone\" src=\"https:\/\/cdn.shopify.com\/s\/files\/1\/0559\/8819\/1417\/files\/fa0fd8f1-8761-434f-8e2c-2551e0227029_480x480.jpg?v=1632049171\" alt=\"\" width=\"480\" height=\"382\" \/><\/p>","protected":false},"excerpt":{"rendered":"<p>Description &amp; Details Dolce Jewellery, Hollow Love Ring. First things first. We know that an accessory completes an outfit. But what makes it memorable? That would be this sterling silver, adjustable, hollow love heart ring from Dolce Jewellery. A Dolce&#8217;s finish. Offered in two colors: Silver &amp; Rose Gold. Product Type:\u00a0Rings Product Name:\u00a0Hollow Love Ring [&#8230;]\n","protected":false},"featured_media":7271,"comment_status":"open","ping_status":"closed","template":"","meta":[],"product_brand":[],"product_cat":[37,29],"product_tag":[],"class_list":{"0":"post-2900","1":"product","2":"type-product","3":"status-publish","4":"has-post-thumbnail","6":"product_cat-rings","7":"product_cat-shop-all","9":"first","10":"instock","11":"shipping-taxable","12":"purchasable","13":"product-type-variable"},"_links":{"self":[{"href":"https:\/\/dolcejewellery.com\/fr\/wp-json\/wp\/v2\/product\/2900","targetHints":{"allow":["GET"]}}],"collection":[{"href":"https:\/\/dolcejewellery.com\/fr\/wp-json\/wp\/v2\/product"}],"about":[{"href":"https:\/\/dolcejewellery.com\/fr\/wp-json\/wp\/v2\/types\/product"}],"replies":[{"embeddable":true,"href":"https:\/\/dolcejewellery.com\/fr\/wp-json\/wp\/v2\/comments?post=2900"}],"wp:featuredmedia":[{"embeddable":true,"href":"https:\/\/dolcejewellery.com\/fr\/wp-json\/wp\/v2\/media\/7271"}],"wp:attachment":[{"href":"https:\/\/dolcejewellery.com\/fr\/wp-json\/wp\/v2\/media?parent=2900"}],"wp:term":[{"taxonomy":"product_brand","embeddable":true,"href":"https:\/\/dolcejewellery.com\/fr\/wp-json\/wp\/v2\/product_brand?post=2900"},{"taxonomy":"product_cat","embeddable":true,"href":"https:\/\/dolcejewellery.com\/fr\/wp-json\/wp\/v2\/product_cat?post=2900"},{"taxonomy":"product_tag","embeddable":true,"href":"https:\/\/dolcejewellery.com\/fr\/wp-json\/wp\/v2\/product_tag?post=2900"}],"curies":[{"name":"wp","href":"https:\/\/api.w.org\/{rel}","templated":true}]}}