{"id":2897,"date":"2025-02-01T11:14:32","date_gmt":"2025-02-01T11:14:32","guid":{"rendered":"https:\/\/dolcejewellery.com\/product\/hollow-love-heart-stud-earrings\/"},"modified":"2025-11-16T09:27:37","modified_gmt":"2025-11-16T08:27:37","slug":"hollow-love-heart-stud-earrings","status":"publish","type":"product","link":"https:\/\/dolcejewellery.com\/fr\/produit\/hollow-love-heart-stud-earrings\/","title":{"rendered":"Boucles d&#039;oreilles \u00e0 tige en forme de c\u0153ur creux"},"content":{"rendered":"<h1><strong>Description et d\u00e9tails<\/strong><\/h1>\n<p><strong>Dolce Jewellery, Boucles d&#039;oreilles \u00e0 tige en forme de c\u0153ur creux.<\/strong><\/p>\n<p>Si vous vous sentez un peu perdue en mati\u00e8re d&#039;accessoires, laissez Dolce Jewellery vous guider. Ces boucles d&#039;oreilles \u00e0 tige en forme de c\u0153ur creux vous guideront dans la bonne direction. En avant\u00a0!<\/p>\n<p>Offert en deux couleurs : Argent et Or.<\/p>\n<p>Ces boucles d&#039;oreilles sont vendues par paire.<\/p>\n<p><strong>Type de produit :<\/strong> Boucles d&#039;oreilles \u00e0 tige<strong>\u00a0<\/strong><\/p>\n<p><strong>Nom du produit : <\/strong>Boucles d&#039;oreilles \u00e0 tige en forme de c\u0153ur creux<\/p>\n<p><strong>Mat\u00e9riel:\u00a0<\/strong>100% Argent sterling 925<\/p>\n<p><strong>Poids:\u00a0<\/strong>0,95 g<\/p>\n<p><strong>Article:\u00a0<\/strong>BKEJ049<\/p>\n<p><img loading=\"lazy\" decoding=\"async\" class=\"alignnone wp-image-7968 size-full\" src=\"https:\/\/dolcejewellery.com\/wp-content\/uploads\/2025\/02\/BKEJ049.png\" alt=\"\" width=\"780\" height=\"551\" srcset=\"https:\/\/dolcejewellery.com\/wp-content\/uploads\/2025\/02\/BKEJ049.png 780w, https:\/\/dolcejewellery.com\/wp-content\/uploads\/2025\/02\/BKEJ049-300x212.png 300w, https:\/\/dolcejewellery.com\/wp-content\/uploads\/2025\/02\/BKEJ049-768x543.png 768w\" sizes=\"auto, (max-width: 780px) 100vw, 780px\" \/><\/p>","protected":false},"excerpt":{"rendered":"<p>Description &amp; Details Dolce Jewellery,\u00a0Hollow Love Heart Stud Earrings. If you&#8217;re feeling a little lost when it comes to accessorizing, let Dolce Jewellery lead the way. These hollow love heart stud earrings will guide you in the right direction. Forward. Offered in two colors: Silver &amp; Gold. These earrings come as a pair. Product Type: [&#8230;]\n","protected":false},"featured_media":7958,"comment_status":"open","ping_status":"closed","template":"","meta":[],"product_brand":[],"product_cat":[34,29,38],"product_tag":[25],"class_list":{"0":"post-2897","1":"product","2":"type-product","3":"status-publish","4":"has-post-thumbnail","6":"product_cat-earrings","7":"product_cat-shop-all","8":"product_cat-stud-earrings","9":"product_tag-stud-earrings","11":"first","12":"instock","13":"shipping-taxable","14":"purchasable","15":"product-type-variable"},"_links":{"self":[{"href":"https:\/\/dolcejewellery.com\/fr\/wp-json\/wp\/v2\/product\/2897","targetHints":{"allow":["GET"]}}],"collection":[{"href":"https:\/\/dolcejewellery.com\/fr\/wp-json\/wp\/v2\/product"}],"about":[{"href":"https:\/\/dolcejewellery.com\/fr\/wp-json\/wp\/v2\/types\/product"}],"replies":[{"embeddable":true,"href":"https:\/\/dolcejewellery.com\/fr\/wp-json\/wp\/v2\/comments?post=2897"}],"wp:featuredmedia":[{"embeddable":true,"href":"https:\/\/dolcejewellery.com\/fr\/wp-json\/wp\/v2\/media\/7958"}],"wp:attachment":[{"href":"https:\/\/dolcejewellery.com\/fr\/wp-json\/wp\/v2\/media?parent=2897"}],"wp:term":[{"taxonomy":"product_brand","embeddable":true,"href":"https:\/\/dolcejewellery.com\/fr\/wp-json\/wp\/v2\/product_brand?post=2897"},{"taxonomy":"product_cat","embeddable":true,"href":"https:\/\/dolcejewellery.com\/fr\/wp-json\/wp\/v2\/product_cat?post=2897"},{"taxonomy":"product_tag","embeddable":true,"href":"https:\/\/dolcejewellery.com\/fr\/wp-json\/wp\/v2\/product_tag?post=2897"}],"curies":[{"name":"wp","href":"https:\/\/api.w.org\/{rel}","templated":true}]}}