{"id":2894,"date":"2025-02-01T11:14:32","date_gmt":"2025-02-01T11:14:32","guid":{"rendered":"https:\/\/dolcejewellery.com\/product\/hollow-flower-stud-earrings\/"},"modified":"2025-11-16T09:24:39","modified_gmt":"2025-11-16T08:24:39","slug":"hollow-flower-stud-earrings","status":"publish","type":"product","link":"https:\/\/dolcejewellery.com\/fr\/produit\/hollow-flower-stud-earrings\/","title":{"rendered":"Boucles d&#039;oreilles \u00e0 tige en forme de fleur creuse"},"content":{"rendered":"<h1><strong>Description et d\u00e9tails<\/strong><\/h1>\n<p><strong>Dolce Jewellery, Boucles d&#039;oreilles \u00e0 tige en forme de fleur creuse.<\/strong><\/p>\n<p>Connaissez-vous ces boucles d&#039;oreilles que vous portez tous les jours pour un look impeccable\u00a0? Non\u00a0? Dolce Jewellery vous les pr\u00e9sente. Fabriqu\u00e9es en argent sterling et orn\u00e9es de cristaux, ces puces d&#039;oreilles vous feront briller en un clin d&#039;\u0153il. Brillez\u00a0!<\/p>\n<p>Offert en deux couleurs : Argent et Or.<\/p>\n<p>Ces boucles d&#039;oreilles sont vendues par paire.<\/p>\n<p><strong>Type de produit :<\/strong> Boucles d&#039;oreilles \u00e0 tige<\/p>\n<p><strong>Nom du produit :\u00a0<\/strong>Boucles d&#039;oreilles \u00e0 tige en forme de fleur creuse<strong>\u00a0<\/strong><\/p>\n<p><strong>Pierre: <\/strong>Zircon<\/p>\n<p><strong>Mat\u00e9riel:\u00a0<\/strong>100% Argent sterling 925<\/p>\n<p><strong>Poids:\u00a0<\/strong>0,27 g<\/p>\n<p><strong>Article:\u00a0<\/strong>BKEJ096<\/p>\n<p><img loading=\"lazy\" decoding=\"async\" class=\"alignnone wp-image-7957 size-full\" src=\"https:\/\/dolcejewellery.com\/wp-content\/uploads\/2025\/02\/BKEJ096.png\" alt=\"\" width=\"780\" height=\"551\" srcset=\"https:\/\/dolcejewellery.com\/wp-content\/uploads\/2025\/02\/BKEJ096.png 780w, https:\/\/dolcejewellery.com\/wp-content\/uploads\/2025\/02\/BKEJ096-300x212.png 300w, https:\/\/dolcejewellery.com\/wp-content\/uploads\/2025\/02\/BKEJ096-768x543.png 768w\" sizes=\"auto, (max-width: 780px) 100vw, 780px\" \/><\/p>","protected":false},"excerpt":{"rendered":"<p>Description &amp; Details Dolce Jewellery, Hollow Flower Stud Earrings. Do you know that pair of earrings you wear every day because you know you&#8217;ll look flawless? No? Well, let Dolce Jewellery introduce you. Constructed from sterling silver and featuring a crystal embellishment, these stud earrings will make you look dazzling in a blink of an [&#8230;]\n","protected":false},"featured_media":7952,"comment_status":"open","ping_status":"closed","template":"","meta":[],"product_brand":[],"product_cat":[34,29,38],"product_tag":[25],"class_list":{"0":"post-2894","1":"product","2":"type-product","3":"status-publish","4":"has-post-thumbnail","6":"product_cat-earrings","7":"product_cat-shop-all","8":"product_cat-stud-earrings","9":"product_tag-stud-earrings","11":"first","12":"instock","13":"shipping-taxable","14":"purchasable","15":"product-type-variable"},"_links":{"self":[{"href":"https:\/\/dolcejewellery.com\/fr\/wp-json\/wp\/v2\/product\/2894","targetHints":{"allow":["GET"]}}],"collection":[{"href":"https:\/\/dolcejewellery.com\/fr\/wp-json\/wp\/v2\/product"}],"about":[{"href":"https:\/\/dolcejewellery.com\/fr\/wp-json\/wp\/v2\/types\/product"}],"replies":[{"embeddable":true,"href":"https:\/\/dolcejewellery.com\/fr\/wp-json\/wp\/v2\/comments?post=2894"}],"wp:featuredmedia":[{"embeddable":true,"href":"https:\/\/dolcejewellery.com\/fr\/wp-json\/wp\/v2\/media\/7952"}],"wp:attachment":[{"href":"https:\/\/dolcejewellery.com\/fr\/wp-json\/wp\/v2\/media?parent=2894"}],"wp:term":[{"taxonomy":"product_brand","embeddable":true,"href":"https:\/\/dolcejewellery.com\/fr\/wp-json\/wp\/v2\/product_brand?post=2894"},{"taxonomy":"product_cat","embeddable":true,"href":"https:\/\/dolcejewellery.com\/fr\/wp-json\/wp\/v2\/product_cat?post=2894"},{"taxonomy":"product_tag","embeddable":true,"href":"https:\/\/dolcejewellery.com\/fr\/wp-json\/wp\/v2\/product_tag?post=2894"}],"curies":[{"name":"wp","href":"https:\/\/api.w.org\/{rel}","templated":true}]}}