{"id":2886,"date":"2025-02-01T11:14:31","date_gmt":"2025-02-01T11:14:31","guid":{"rendered":"https:\/\/dolcejewellery.com\/product\/heartfelt-love-bracelet\/"},"modified":"2025-11-16T09:35:20","modified_gmt":"2025-11-16T08:35:20","slug":"heartfelt-love-bracelet","status":"publish","type":"product","link":"https:\/\/dolcejewellery.com\/fr\/produit\/heartfelt-love-bracelet\/","title":{"rendered":"Bracelet d&#039;amour sinc\u00e8re"},"content":{"rendered":"<h1><strong>Description et d\u00e9tails<\/strong><\/h1>\n<p><strong>Dolce Jewellery, Bracelet d&#039;amour sinc\u00e8re.<\/strong><\/p>\n<p>Adoptez le romantisme et l&#039;\u00e9l\u00e9gance avec le bracelet Heartfelt Love. Ce bracelet exquis, soigneusement confectionn\u00e9 en argent sterling 925 v\u00e9ritable, d\u00e9gage un charme intemporel qui capture l&#039;essence de l&#039;amour.<\/p>\n<p>La pi\u00e8ce ma\u00eetresse de ce bracelet est un charmant charm c\u0153ur, symbole d&#039;affection et d&#039;adoration. Son design raffin\u00e9 met en valeur des d\u00e9tails raffin\u00e9s et une finition lisse et polie, reflet d&#039;un savoir-faire artisanal m\u00e9ticuleux. Le charm est gracieusement suspendu \u00e0 une cha\u00eene d\u00e9licate, ajoutant une touche de f\u00e9minit\u00e9 et de sophistication \u00e0 votre poignet.<\/p>\n<p>Con\u00e7u pour la femme moderne qui appr\u00e9cie les accessoires raffin\u00e9s, ce bracelet est parfait pour ajouter une touche romantique \u00e0 toutes vos tenues. Que vous participiez \u00e0 une soir\u00e9e chic, \u00e0 une occasion sp\u00e9ciale ou que vous souhaitiez simplement sublimer votre style au quotidien, le bracelet Heartfelt Love est un choix exceptionnel.<\/p>\n<p>La longueur r\u00e9glable assure un ajustement confortable et personnalis\u00e9, tandis que le fermoir s\u00e9curis\u00e9 assure un maintien parfait du bracelet tout au long de la journ\u00e9e. C&#039;est un cadeau attentionn\u00e9 pour vos proches ou un cadeau pr\u00e9cieux pour vous-m\u00eame.<\/p>\n<p>D\u00e9couvrez la beaut\u00e9 et le charme du bracelet Amour Intime. Son design romantique et son savoir-faire raffin\u00e9 sublimeront votre style et t\u00e9moigneront de votre affection. Choisissez Dolce Jewellery pour une qualit\u00e9 exceptionnelle et une \u00e9l\u00e9gance intemporelle.<\/p>\n<p><strong>Type de produit : <\/strong>Bracelets<\/p>\n<p><strong>Nom du produit :\u00a0<\/strong>Bracelet d&#039;amour sinc\u00e8re<\/p>\n<p><strong>Mat\u00e9riel: <\/strong>100% Argent sterling 925<\/p>\n<p><strong>Longueur: <\/strong>La longueur du bracelet est de 18 cm (7,1 pouces), la longueur de la cha\u00eene d&#039;extension est de 3 cm (1,2 pouces)<\/p>\n<p><strong>Article:\u00a0<\/strong>BKSL153<\/p>\n<p><img loading=\"lazy\" decoding=\"async\" class=\"alignnone\" src=\"https:\/\/cdn.shopify.com\/s\/files\/1\/0559\/8819\/1417\/files\/c4205d88-fd4e-4ee0-b264-b0b060358702_480x480.png?v=1690099337\" alt=\"\" width=\"480\" height=\"381\" \/><\/p>","protected":false},"excerpt":{"rendered":"<p>Description &amp; Details Dolce Jewellery,\u00a0Heartfelt Love Bracelet. Embrace romance and elegance with the Heartfelt Love Bracelet. This exquisite bracelet is meticulously crafted from genuine 925 sterling silver, exuding a timeless charm that captures the essence of love. The centerpiece of this bracelet is a captivating love heart charm, symbolizing affection and adoration. Its intricate design [&#8230;]\n","protected":false},"featured_media":6886,"comment_status":"open","ping_status":"closed","template":"","meta":[],"product_brand":[],"product_cat":[31,29],"product_tag":[],"class_list":{"0":"post-2886","1":"product","2":"type-product","3":"status-publish","4":"has-post-thumbnail","6":"product_cat-bracelets","7":"product_cat-shop-all","9":"first","10":"instock","11":"shipping-taxable","12":"purchasable","13":"product-type-variable"},"_links":{"self":[{"href":"https:\/\/dolcejewellery.com\/fr\/wp-json\/wp\/v2\/product\/2886","targetHints":{"allow":["GET"]}}],"collection":[{"href":"https:\/\/dolcejewellery.com\/fr\/wp-json\/wp\/v2\/product"}],"about":[{"href":"https:\/\/dolcejewellery.com\/fr\/wp-json\/wp\/v2\/types\/product"}],"replies":[{"embeddable":true,"href":"https:\/\/dolcejewellery.com\/fr\/wp-json\/wp\/v2\/comments?post=2886"}],"wp:featuredmedia":[{"embeddable":true,"href":"https:\/\/dolcejewellery.com\/fr\/wp-json\/wp\/v2\/media\/6886"}],"wp:attachment":[{"href":"https:\/\/dolcejewellery.com\/fr\/wp-json\/wp\/v2\/media?parent=2886"}],"wp:term":[{"taxonomy":"product_brand","embeddable":true,"href":"https:\/\/dolcejewellery.com\/fr\/wp-json\/wp\/v2\/product_brand?post=2886"},{"taxonomy":"product_cat","embeddable":true,"href":"https:\/\/dolcejewellery.com\/fr\/wp-json\/wp\/v2\/product_cat?post=2886"},{"taxonomy":"product_tag","embeddable":true,"href":"https:\/\/dolcejewellery.com\/fr\/wp-json\/wp\/v2\/product_tag?post=2886"}],"curies":[{"name":"wp","href":"https:\/\/api.w.org\/{rel}","templated":true}]}}