{"id":2882,"date":"2025-02-01T11:14:31","date_gmt":"2025-02-01T11:14:31","guid":{"rendered":"https:\/\/dolcejewellery.com\/product\/heartbeat-romance-necklace\/"},"modified":"2025-11-16T09:32:30","modified_gmt":"2025-11-16T08:32:30","slug":"heartbeat-romance-necklace","status":"publish","type":"product","link":"https:\/\/dolcejewellery.com\/fr\/produit\/heartbeat-romance-necklace\/","title":{"rendered":"Collier Heartbeat Romance"},"content":{"rendered":"<h1><strong>Description et d\u00e9tails<\/strong><\/h1>\n<p><strong>Dolce Jewellery, Collier Romance Battement de Coeur.<\/strong><\/p>\n<p>D\u00e9couvrez l&#039;alliance parfaite du romantisme et du style avec le collier Heartbeat Romance, un superbe bijou d&#039;inspiration cor\u00e9enne con\u00e7u pour conqu\u00e9rir les c\u0153urs. Confectionn\u00e9 en argent sterling 925 v\u00e9ritable, ce collier est dot\u00e9 d&#039;une cha\u00eene en or romantique orn\u00e9e d&#039;une combinaison unique de pendentifs.<\/p>\n<p>La pi\u00e8ce ma\u00eetresse du collier est un d\u00e9licat pendentif en forme de battement de c\u0153ur, symbole du rythme de l&#039;amour et de la passion. Un petit c\u0153ur creux, d\u00e9licatement orn\u00e9 de petits zircons bleus, y est fix\u00e9. Ces zircons bleus scintillants ajoutent une touche d&#039;\u00e9l\u00e9gance et de sophistication au collier, le sublimant ainsi.<\/p>\n<p>Le collier Heartbeat Romance est un accessoire de mode qui attire l&#039;attention sans effort. Sa longueur, qui descend jusqu&#039;\u00e0 la clavicule, met en valeur sa beaut\u00e9 et son \u00e9l\u00e9gance, ce qui en fait un accessoire polyvalent pour diverses occasions, des sorties d\u00e9contract\u00e9es aux \u00e9v\u00e9nements sp\u00e9ciaux.<\/p>\n<p>Adoptez le charme et le romantisme du collier Heartbeat Romance de Dolce Jewellery. Confectionn\u00e9 avec une attention m\u00e9ticuleuse aux d\u00e9tails, il c\u00e9l\u00e8bre la beaut\u00e9 de l&#039;amour et du style. Faites-en le symbole de votre sens unique de la mode et ajoutez une touche de charme d&#039;inspiration cor\u00e9enne \u00e0 votre collection de bijoux.<\/p>\n<p><strong>Type de produit : <\/strong>Colliers<\/p>\n<p><strong>Nom du produit :\u00a0<\/strong>Collier Heartbeat Romance<\/p>\n<p><strong>Pierre: <\/strong>Zircon<\/p>\n<p><strong>Mat\u00e9riel: <\/strong>100% Argent sterling 925<\/p>\n<p><strong>Longueur: <\/strong>43 cm (17 pouces), la longueur de la cha\u00eene peut \u00eatre allong\u00e9e d&#039;environ 3 cm (1,2 pouces)<\/p>\n<p><strong>Article:\u00a0<\/strong>BKXL110<\/p>\n<p><img decoding=\"async\" src=\"https:\/\/cdn.shopify.com\/s\/files\/1\/0559\/8819\/1417\/files\/d8cc2def-d6bf-43b5-a0e6-e588f1ec236f_480x480.png?v=1686993487\" alt=\"\" \/><\/p>","protected":false},"excerpt":{"rendered":"<p>Description &amp; Details Dolce Jewellery, Heartbeat Romance Necklace. Experience the perfect blend of romance and style with the Heartbeat Romance Necklace, a stunning piece of Korean-inspired jewellery designed to capture hearts. Crafted from genuine 925 sterling silver, this necklace features a romantic gold chain adorned with a unique combination of pendant charms. The centerpiece of [&#8230;]\n","protected":false},"featured_media":6472,"comment_status":"open","ping_status":"closed","template":"","meta":[],"product_brand":[],"product_cat":[36,29],"product_tag":[],"class_list":{"0":"post-2882","1":"product","2":"type-product","3":"status-publish","4":"has-post-thumbnail","6":"product_cat-necklaces","7":"product_cat-shop-all","9":"first","10":"instock","11":"shipping-taxable","12":"purchasable","13":"product-type-simple"},"_links":{"self":[{"href":"https:\/\/dolcejewellery.com\/fr\/wp-json\/wp\/v2\/product\/2882","targetHints":{"allow":["GET"]}}],"collection":[{"href":"https:\/\/dolcejewellery.com\/fr\/wp-json\/wp\/v2\/product"}],"about":[{"href":"https:\/\/dolcejewellery.com\/fr\/wp-json\/wp\/v2\/types\/product"}],"replies":[{"embeddable":true,"href":"https:\/\/dolcejewellery.com\/fr\/wp-json\/wp\/v2\/comments?post=2882"}],"wp:featuredmedia":[{"embeddable":true,"href":"https:\/\/dolcejewellery.com\/fr\/wp-json\/wp\/v2\/media\/6472"}],"wp:attachment":[{"href":"https:\/\/dolcejewellery.com\/fr\/wp-json\/wp\/v2\/media?parent=2882"}],"wp:term":[{"taxonomy":"product_brand","embeddable":true,"href":"https:\/\/dolcejewellery.com\/fr\/wp-json\/wp\/v2\/product_brand?post=2882"},{"taxonomy":"product_cat","embeddable":true,"href":"https:\/\/dolcejewellery.com\/fr\/wp-json\/wp\/v2\/product_cat?post=2882"},{"taxonomy":"product_tag","embeddable":true,"href":"https:\/\/dolcejewellery.com\/fr\/wp-json\/wp\/v2\/product_tag?post=2882"}],"curies":[{"name":"wp","href":"https:\/\/api.w.org\/{rel}","templated":true}]}}