{"id":2874,"date":"2025-02-01T11:14:30","date_gmt":"2025-02-01T11:14:30","guid":{"rendered":"https:\/\/dolcejewellery.com\/product\/harmony-circles-necklace\/"},"modified":"2025-11-16T09:40:32","modified_gmt":"2025-11-16T08:40:32","slug":"harmony-circles-necklace","status":"publish","type":"product","link":"https:\/\/dolcejewellery.com\/fr\/produit\/harmony-circles-necklace\/","title":{"rendered":"Collier Cercles d&#039;Harmonie"},"content":{"rendered":"<h1><strong>Description et d\u00e9tails<\/strong><\/h1>\n<p><strong>Dolce Jewellery, Collier Cercles d&#039;Harmonie.<\/strong><\/p>\n<p>Sublimez votre style avec le fascinant collier Harmony Circles. Confectionn\u00e9 en argent sterling 925 v\u00e9ritable, ce collier arbore un design unique alliant \u00e9l\u00e9gance et style contemporain. Il est orn\u00e9 de deux breloques entrelac\u00e9es, l&#039;une orn\u00e9e de perles baroques naturelles, l&#039;autre d&#039;un simple cercle, cr\u00e9ant un point focal harmonieux et captivant.<\/p>\n<p>Le collier Harmony Circles incarne l&#039;unicit\u00e9 et la sophistication. Le contraste des perles baroques brillantes et de l&#039;\u00e9l\u00e9gant pendentif circulaire cr\u00e9e une composition visuellement saisissante. Son design entrelac\u00e9 symbolise l&#039;harmonie et l&#039;\u00e9quilibre, faisant de ce collier non seulement un accessoire de mode, mais aussi un accessoire pr\u00e9cieux.<\/p>\n<p>Ce collier est confectionn\u00e9 avec le plus grand soin, garantissant durabilit\u00e9 et long\u00e9vit\u00e9. Sa cha\u00eene d\u00e9licate apporte une touche de f\u00e9minit\u00e9, tandis que ses breloques entrelac\u00e9es expriment une \u00e9l\u00e9gance moderne. Les perles baroques naturelles apportent une touche de beaut\u00e9 naturelle et raffinent toutes vos tenues.<\/p>\n<p>Que vous participiez \u00e0 une occasion sp\u00e9ciale ou souhaitiez simplement rehausser votre style au quotidien, le collier Harmony Circles est le choix id\u00e9al. Son design unique et son charme intemporel en font un accessoire polyvalent qui se porte ais\u00e9ment du jour \u00e0 la nuit, ajoutant une touche de sophistication \u00e0 votre look.<\/p>\n<p>D\u00e9couvrez le charme du collier Harmony Circles de Dolce Jewellery. Laissez ses breloques entrelac\u00e9es, compos\u00e9es de perles baroques naturelles et d&#039;un simple cercle, captiver l&#039;attention et refl\u00e9ter votre sens du style unique. Adoptez l&#039;harmonieux m\u00e9lange d&#039;\u00e9l\u00e9gance et de modernit\u00e9 avec ce bijou raffin\u00e9.<\/p>\n<p><strong>Type de produit : <\/strong>Colliers<\/p>\n<p><strong>Nom du produit :\u00a0<\/strong>Collier Cercles d&#039;Harmonie<\/p>\n<p><strong>Type de perle :\u00a0<\/strong>Perles baroques naturelles<\/p>\n<p><strong>Mat\u00e9riel: <\/strong>100% Argent sterling 925<\/p>\n<p><strong>Longueur: <\/strong>49 cm (19,3 pouces), la longueur de la cha\u00eene peut \u00eatre allong\u00e9e d&#039;environ 6 cm (2,4 pouces)<\/p>\n<p><strong>Article:\u00a0<\/strong>BKXL148<\/p>\n<p><img decoding=\"async\" src=\"https:\/\/cdn.shopify.com\/s\/files\/1\/0559\/8819\/1417\/files\/fb1b46f0-7631-40d7-9c9f-28f3a6a9e6c3_480x480.png?v=1687076770\" alt=\"\" \/><\/p>","protected":false},"excerpt":{"rendered":"<p>Description &amp; Details Dolce Jewellery,\u00a0Harmony Circles Necklace. Elevate your fashion game with the mesmerizing Harmony Circles Necklace. Crafted from genuine 925 sterling silver, this necklace boasts a unique design that combines elegance and contemporary style. It features an interlocking duo of charms, one adorned with natural baroque pearls and the other a simple circle, creating [&#8230;]\n","protected":false},"featured_media":6482,"comment_status":"open","ping_status":"closed","template":"","meta":[],"product_brand":[],"product_cat":[36,29],"product_tag":[],"class_list":{"0":"post-2874","1":"product","2":"type-product","3":"status-publish","4":"has-post-thumbnail","6":"product_cat-necklaces","7":"product_cat-shop-all","9":"first","10":"instock","11":"shipping-taxable","12":"purchasable","13":"product-type-simple"},"_links":{"self":[{"href":"https:\/\/dolcejewellery.com\/fr\/wp-json\/wp\/v2\/product\/2874","targetHints":{"allow":["GET"]}}],"collection":[{"href":"https:\/\/dolcejewellery.com\/fr\/wp-json\/wp\/v2\/product"}],"about":[{"href":"https:\/\/dolcejewellery.com\/fr\/wp-json\/wp\/v2\/types\/product"}],"replies":[{"embeddable":true,"href":"https:\/\/dolcejewellery.com\/fr\/wp-json\/wp\/v2\/comments?post=2874"}],"wp:featuredmedia":[{"embeddable":true,"href":"https:\/\/dolcejewellery.com\/fr\/wp-json\/wp\/v2\/media\/6482"}],"wp:attachment":[{"href":"https:\/\/dolcejewellery.com\/fr\/wp-json\/wp\/v2\/media?parent=2874"}],"wp:term":[{"taxonomy":"product_brand","embeddable":true,"href":"https:\/\/dolcejewellery.com\/fr\/wp-json\/wp\/v2\/product_brand?post=2874"},{"taxonomy":"product_cat","embeddable":true,"href":"https:\/\/dolcejewellery.com\/fr\/wp-json\/wp\/v2\/product_cat?post=2874"},{"taxonomy":"product_tag","embeddable":true,"href":"https:\/\/dolcejewellery.com\/fr\/wp-json\/wp\/v2\/product_tag?post=2874"}],"curies":[{"name":"wp","href":"https:\/\/api.w.org\/{rel}","templated":true}]}}