{"id":2871,"date":"2025-02-01T11:14:30","date_gmt":"2025-02-01T11:14:30","guid":{"rendered":"https:\/\/dolcejewellery.com\/product\/graceful-waves-ring\/"},"modified":"2025-11-16T09:38:21","modified_gmt":"2025-11-16T08:38:21","slug":"graceful-waves-ring","status":"publish","type":"product","link":"https:\/\/dolcejewellery.com\/fr\/produit\/graceful-waves-ring\/","title":{"rendered":"Bague Vagues Gracieuses"},"content":{"rendered":"<h1><strong>Description et d\u00e9tails<\/strong><\/h1>\n<p><strong>Dolce Jewellery, Bague Vagues Gracieuses.<\/strong><\/p>\n<p>Adoptez l&#039;\u00e9l\u00e9gance et la fluidit\u00e9 de notre bague Vagues Gracieuses. Cette superbe bague, confectionn\u00e9e en argent sterling 925 v\u00e9ritable, met en valeur la beaut\u00e9 de sa simplicit\u00e9 et de son design intemporel. Son anneau \u00e9l\u00e9gant et ondul\u00e9 cr\u00e9e une impression de mouvement et de gr\u00e2ce, ajoutant une touche de sophistication \u00e0 votre style.<\/p>\n<p>Son design minimaliste lui permet d&#039;\u00eatre polyvalente et adapt\u00e9e \u00e0 toutes les occasions. Port\u00e9e seule ou associ\u00e9e \u00e0 d&#039;autres bagues, la bague Graceful Waves sublimera votre look et sublimera votre sens de la mode.<\/p>\n<p>R\u00e9alis\u00e9e avec le plus grand soin, cette bague est polie pour un \u00e9clat brillant, refl\u00e9tant la lumi\u00e8re et captivant l&#039;attention. Son ajustement doux et confortable assure un port agr\u00e9able tout au long de la journ\u00e9e.<\/p>\n<p>Ajoutez une touche d&#039;\u00e9l\u00e9gance discr\u00e8te \u00e0 votre collection de bijoux avec la bague Graceful Waves de Dolce Jewellery. Ses courbes douces et son design \u00e9pur\u00e9 vous rappelleront la beaut\u00e9 de la simplicit\u00e9 et la fluidit\u00e9 de la vie.<\/p>\n<p><strong>Type de produit :\u00a0<\/strong>Bagues<\/p>\n<p><strong>Nom du produit :\u00a0<\/strong>Bague Vagues Gracieuses<\/p>\n<p><strong>Mat\u00e9riel:\u00a0<\/strong>100% Argent sterling 925<\/p>\n<p><strong>Article:\u00a0<\/strong>MJZ088<\/p>\n<p><img loading=\"lazy\" decoding=\"async\" class=\"alignnone\" src=\"https:\/\/cdn.shopify.com\/s\/files\/1\/0559\/8819\/1417\/files\/3d784589-4773-4453-9b0d-6124003fc771_480x480.jpg?v=1690189785\" alt=\"\" width=\"480\" height=\"339\" \/><\/p>","protected":false},"excerpt":{"rendered":"<p>Description &amp; Details Dolce Jewellery,\u00a0Graceful Waves Ring. Embrace the elegance and fluidity of our Graceful Waves Ring. This stunning ring is crafted from genuine 925 sterling silver, showcasing the beauty of simplicity and timeless design. The sleek and wavy band creates a sense of movement and grace, adding a touch of sophistication to your style. [&#8230;]\n","protected":false},"featured_media":7279,"comment_status":"open","ping_status":"closed","template":"","meta":[],"product_brand":[],"product_cat":[37,29],"product_tag":[],"class_list":{"0":"post-2871","1":"product","2":"type-product","3":"status-publish","4":"has-post-thumbnail","6":"product_cat-rings","7":"product_cat-shop-all","9":"first","10":"instock","11":"shipping-taxable","12":"purchasable","13":"product-type-variable"},"_links":{"self":[{"href":"https:\/\/dolcejewellery.com\/fr\/wp-json\/wp\/v2\/product\/2871","targetHints":{"allow":["GET"]}}],"collection":[{"href":"https:\/\/dolcejewellery.com\/fr\/wp-json\/wp\/v2\/product"}],"about":[{"href":"https:\/\/dolcejewellery.com\/fr\/wp-json\/wp\/v2\/types\/product"}],"replies":[{"embeddable":true,"href":"https:\/\/dolcejewellery.com\/fr\/wp-json\/wp\/v2\/comments?post=2871"}],"wp:featuredmedia":[{"embeddable":true,"href":"https:\/\/dolcejewellery.com\/fr\/wp-json\/wp\/v2\/media\/7279"}],"wp:attachment":[{"href":"https:\/\/dolcejewellery.com\/fr\/wp-json\/wp\/v2\/media?parent=2871"}],"wp:term":[{"taxonomy":"product_brand","embeddable":true,"href":"https:\/\/dolcejewellery.com\/fr\/wp-json\/wp\/v2\/product_brand?post=2871"},{"taxonomy":"product_cat","embeddable":true,"href":"https:\/\/dolcejewellery.com\/fr\/wp-json\/wp\/v2\/product_cat?post=2871"},{"taxonomy":"product_tag","embeddable":true,"href":"https:\/\/dolcejewellery.com\/fr\/wp-json\/wp\/v2\/product_tag?post=2871"}],"curies":[{"name":"wp","href":"https:\/\/api.w.org\/{rel}","templated":true}]}}