{"id":2861,"date":"2025-02-01T11:14:29","date_gmt":"2025-02-01T11:14:29","guid":{"rendered":"https:\/\/dolcejewellery.com\/product\/golden-leaf-elegance-necklace\/"},"modified":"2025-11-16T14:17:50","modified_gmt":"2025-11-16T13:17:50","slug":"golden-leaf-elegance-necklace","status":"publish","type":"product","link":"https:\/\/dolcejewellery.com\/fr\/produit\/golden-leaf-elegance-necklace\/","title":{"rendered":"Collier \u00c9l\u00e9gance Feuille d&#039;Or"},"content":{"rendered":"<h1><strong>Description et d\u00e9tails<\/strong><\/h1>\n<p><strong>Dolce Jewellery, Collier \u00c9l\u00e9gance Feuille d&#039;Or.<\/strong><\/p>\n<p>Affichez une allure vintage avec le collier \u00c9l\u00e9gance Feuille d&#039;Or, un superbe bijou con\u00e7u pour ajouter une touche d&#039;\u00e9l\u00e9gance \u00e0 votre clavicule. Confectionn\u00e9 en argent sterling 925 v\u00e9ritable, ce collier est dot\u00e9 d&#039;une \u00e9l\u00e9gante cha\u00eene dor\u00e9e orn\u00e9e d&#039;un d\u00e9licat pendentif feuille.<\/p>\n<p>La pi\u00e8ce ma\u00eetresse du collier est son pendentif feuille complexe, qui d\u00e9gage un charme vintage et un charme intemporel. Sa teinte dor\u00e9e apporte une touche chaleureuse et sophistiqu\u00e9e, ce qui en fait un accessoire parfait pour les f\u00eates et les occasions sp\u00e9ciales.<\/p>\n<p>Le collier \u00c9l\u00e9gance Feuille d&#039;Or est con\u00e7u pour sublimer votre style unique et sublimer votre allure. Sa longueur jusqu&#039;\u00e0 la clavicule met magnifiquement en valeur votre d\u00e9collet\u00e9, cr\u00e9ant un effet gracieux et s\u00e9duisant.<\/p>\n<p>Adoptez l&#039;allure vintage et affirmez votre style avec le collier \u00c9l\u00e9gance Feuille d&#039;Or de Dolce Jewellery. Confectionn\u00e9 avec un souci du d\u00e9tail m\u00e9ticuleux, il incarne l&#039;essence m\u00eame de l&#039;\u00e9l\u00e9gance et ajoute une touche de sophistication \u00e0 vos tenues. Laissez ce d\u00e9licat pendentif feuille symboliser votre go\u00fbt raffin\u00e9 et sublimer votre collection de bijoux.<\/p>\n<p><strong>Type de produit : <\/strong>Colliers<\/p>\n<p><strong>Nom du produit :\u00a0<\/strong>Collier \u00c9l\u00e9gance Feuille d&#039;Or<\/p>\n<p><strong>Pierre: <\/strong>Zircon<\/p>\n<p><strong>Mat\u00e9riel: <\/strong>100% Argent sterling 925<\/p>\n<p><strong>Longueur: <\/strong>45,5 cm (18 pouces), la longueur de la cha\u00eene peut \u00eatre allong\u00e9e d&#039;environ 5,5 cm (2,2 pouces)<\/p>\n<p><strong>Article:\u00a0<\/strong>BKXL026<\/p>\n<p><img decoding=\"async\" src=\"https:\/\/cdn.shopify.com\/s\/files\/1\/0559\/8819\/1417\/files\/1a6e9933-bd6f-43b4-b0b3-0eec90bd0010_480x480.jpg?v=1686998735\" alt=\"\" \/><\/p>","protected":false},"excerpt":{"rendered":"<p>Description &amp; Details Dolce Jewellery, Golden Leaf Elegance Necklace. Make a vintage statement with the Golden Leaf Elegance Necklace, a stunning piece of jewellery designed to add a touch of elegance to your clavicle. Crafted from genuine 925 sterling silver, this necklace features an elegant golden chain with a delicate leaf pendant. The centerpiece of [&#8230;]\n","protected":false},"featured_media":6473,"comment_status":"open","ping_status":"closed","template":"","meta":[],"product_brand":[],"product_cat":[36,29],"product_tag":[],"class_list":{"0":"post-2861","1":"product","2":"type-product","3":"status-publish","4":"has-post-thumbnail","6":"product_cat-necklaces","7":"product_cat-shop-all","9":"first","10":"instock","11":"shipping-taxable","12":"purchasable","13":"product-type-simple"},"_links":{"self":[{"href":"https:\/\/dolcejewellery.com\/fr\/wp-json\/wp\/v2\/product\/2861","targetHints":{"allow":["GET"]}}],"collection":[{"href":"https:\/\/dolcejewellery.com\/fr\/wp-json\/wp\/v2\/product"}],"about":[{"href":"https:\/\/dolcejewellery.com\/fr\/wp-json\/wp\/v2\/types\/product"}],"replies":[{"embeddable":true,"href":"https:\/\/dolcejewellery.com\/fr\/wp-json\/wp\/v2\/comments?post=2861"}],"wp:featuredmedia":[{"embeddable":true,"href":"https:\/\/dolcejewellery.com\/fr\/wp-json\/wp\/v2\/media\/6473"}],"wp:attachment":[{"href":"https:\/\/dolcejewellery.com\/fr\/wp-json\/wp\/v2\/media?parent=2861"}],"wp:term":[{"taxonomy":"product_brand","embeddable":true,"href":"https:\/\/dolcejewellery.com\/fr\/wp-json\/wp\/v2\/product_brand?post=2861"},{"taxonomy":"product_cat","embeddable":true,"href":"https:\/\/dolcejewellery.com\/fr\/wp-json\/wp\/v2\/product_cat?post=2861"},{"taxonomy":"product_tag","embeddable":true,"href":"https:\/\/dolcejewellery.com\/fr\/wp-json\/wp\/v2\/product_tag?post=2861"}],"curies":[{"name":"wp","href":"https:\/\/api.w.org\/{rel}","templated":true}]}}