{"id":2860,"date":"2025-02-01T11:14:29","date_gmt":"2025-02-01T11:14:29","guid":{"rendered":"https:\/\/dolcejewellery.com\/product\/golden-bead-pearl-bracelet\/"},"modified":"2025-11-16T14:14:16","modified_gmt":"2025-11-16T13:14:16","slug":"golden-bead-pearl-bracelet","status":"publish","type":"product","link":"https:\/\/dolcejewellery.com\/fr\/produit\/golden-bead-pearl-bracelet\/","title":{"rendered":"Bracelet de perles dor\u00e9es"},"content":{"rendered":"<h1><strong>Description et d\u00e9tails<\/strong><\/h1>\n<p><strong>Dolce Jewellery, Bracelet de perles dor\u00e9es.<\/strong><\/p>\n<p>On dit que les mains sont le miroir de l&#039;\u00e2me. Ornez-les de ce bracelet fait main Dolce Jewellery qui ne passera pas inaper\u00e7u.<\/p>\n<p>Dot\u00e9 de perles d&#039;eau douce baroques naturelles et de belles perles dor\u00e9es, avec un cordon int\u00e9rieur \u00e9lastique.<\/p>\n<p>Offert en une seule couleur : Or.<\/p>\n<p><strong>Type de produit :\u00a0<\/strong>Bracelets<\/p>\n<p><strong>Nom du produit :\u00a0<\/strong>Bracelet de perles dor\u00e9es<\/p>\n<p><strong>Type de perle :\u00a0<\/strong>Perles d&#039;eau douce baroques<\/p>\n<p><strong>Longueur:\u00a0<\/strong>16 cm (6,3 pouces)<\/p>\n<p><strong>Article:\u00a0<\/strong>BKSL099<\/p>\n<p><img loading=\"lazy\" decoding=\"async\" class=\"alignnone\" src=\"https:\/\/cdn.shopify.com\/s\/files\/1\/0559\/8819\/1417\/files\/583b29d2-11ed-4f75-8ac2-3367ec02c669_d76a896e-37d9-47d9-92da-1bef697a903b_480x480.png?v=1629439976\" alt=\"\" width=\"480\" height=\"382\" \/><\/p>","protected":false},"excerpt":{"rendered":"<p>Description &amp; Details Dolce Jewellery,\u00a0Golden Bead Pearl Bracelet. They say the hands are windows to your soul. Decorate them with this Dolce Jewellery handmade bracelet, which is sure to get noticed. Featuring natural baroque freshwater pearls and beautiful golden beads, with an elastic inner string. Offered only in one color: Gold. Product Type:\u00a0Bracelets Product Name:\u00a0Golden [&#8230;]\n","protected":false},"featured_media":6892,"comment_status":"open","ping_status":"closed","template":"","meta":[],"product_brand":[],"product_cat":[31,29],"product_tag":[],"class_list":{"0":"post-2860","1":"product","2":"type-product","3":"status-publish","4":"has-post-thumbnail","6":"product_cat-bracelets","7":"product_cat-shop-all","9":"first","10":"instock","11":"shipping-taxable","12":"purchasable","13":"product-type-simple"},"_links":{"self":[{"href":"https:\/\/dolcejewellery.com\/fr\/wp-json\/wp\/v2\/product\/2860","targetHints":{"allow":["GET"]}}],"collection":[{"href":"https:\/\/dolcejewellery.com\/fr\/wp-json\/wp\/v2\/product"}],"about":[{"href":"https:\/\/dolcejewellery.com\/fr\/wp-json\/wp\/v2\/types\/product"}],"replies":[{"embeddable":true,"href":"https:\/\/dolcejewellery.com\/fr\/wp-json\/wp\/v2\/comments?post=2860"}],"wp:featuredmedia":[{"embeddable":true,"href":"https:\/\/dolcejewellery.com\/fr\/wp-json\/wp\/v2\/media\/6892"}],"wp:attachment":[{"href":"https:\/\/dolcejewellery.com\/fr\/wp-json\/wp\/v2\/media?parent=2860"}],"wp:term":[{"taxonomy":"product_brand","embeddable":true,"href":"https:\/\/dolcejewellery.com\/fr\/wp-json\/wp\/v2\/product_brand?post=2860"},{"taxonomy":"product_cat","embeddable":true,"href":"https:\/\/dolcejewellery.com\/fr\/wp-json\/wp\/v2\/product_cat?post=2860"},{"taxonomy":"product_tag","embeddable":true,"href":"https:\/\/dolcejewellery.com\/fr\/wp-json\/wp\/v2\/product_tag?post=2860"}],"curies":[{"name":"wp","href":"https:\/\/api.w.org\/{rel}","templated":true}]}}