{"id":2859,"date":"2025-02-01T11:14:29","date_gmt":"2025-02-01T11:14:29","guid":{"rendered":"https:\/\/dolcejewellery.com\/product\/golden-bead-anklet\/"},"modified":"2025-11-16T14:10:40","modified_gmt":"2025-11-16T13:10:40","slug":"golden-bead-anklet","status":"publish","type":"product","link":"https:\/\/dolcejewellery.com\/fr\/produit\/golden-bead-anklet\/","title":{"rendered":"Bracelet de cheville en perles dor\u00e9es"},"content":{"rendered":"<h1><strong>Description et d\u00e9tails<\/strong><\/h1>\n<p><strong>Dolce Jewellery, Bracelet de cheville en perles dor\u00e9es.<\/strong><\/p>\n<p>Envie de r\u00e9v\u00e9ler votre \u00e9clat\u00a0? Ce bracelet de cheville en perles dor\u00e9es et brillantes de Dolce Jewellery est la solution id\u00e9ale. Il attirera tous les regards. Il est temps de briller.<\/p>\n<p><strong>Type de produit :<\/strong><strong>\u00a0<\/strong>Bracelets de cheville<\/p>\n<p><strong>Nom du produit :\u00a0<\/strong>Bracelet de cheville en perles dor\u00e9es<\/p>\n<p><strong>Mat\u00e9riel:\u00a0<\/strong>100% Argent sterling 925<\/p>\n<p><strong>Longueurs<\/strong>: la longueur du bracelet de cheville est d&#039;environ 20 cm (7,87 pouces), la longueur de la cha\u00eene d&#039;extension est d&#039;environ 2,5 cm (0,98 pouces)<\/p>\n<p><strong>Article:\u00a0<\/strong>BKSL082<\/p>\n<p><img loading=\"lazy\" decoding=\"async\" class=\"alignnone\" src=\"https:\/\/cdn.shopify.com\/s\/files\/1\/0559\/8819\/1417\/files\/0.5CM_480x480.png?v=1629552527\" alt=\"\" width=\"480\" height=\"480\" \/><\/p>","protected":false},"excerpt":{"rendered":"<p>Description &amp; Details Dolce Jewellery, Golden Bead Anklet. Looking to unleash your sparkle? This golden glossy bead anklet from Dolce Jewellery is the way forward. This piece is sure to garner all the attention. Time to shine. Product Type:\u00a0Anklets Product Name:\u00a0Golden Bead Anklet Material:\u00a0100% 925 Sterling Silver Lengths: anklet length is about 20cm( 7.87 inches), [&#8230;]\n","protected":false},"featured_media":7459,"comment_status":"open","ping_status":"closed","template":"","meta":[],"product_brand":[],"product_cat":[30,29],"product_tag":[],"class_list":{"0":"post-2859","1":"product","2":"type-product","3":"status-publish","4":"has-post-thumbnail","6":"product_cat-anklets","7":"product_cat-shop-all","9":"first","10":"instock","11":"shipping-taxable","12":"purchasable","13":"product-type-simple"},"_links":{"self":[{"href":"https:\/\/dolcejewellery.com\/fr\/wp-json\/wp\/v2\/product\/2859","targetHints":{"allow":["GET"]}}],"collection":[{"href":"https:\/\/dolcejewellery.com\/fr\/wp-json\/wp\/v2\/product"}],"about":[{"href":"https:\/\/dolcejewellery.com\/fr\/wp-json\/wp\/v2\/types\/product"}],"replies":[{"embeddable":true,"href":"https:\/\/dolcejewellery.com\/fr\/wp-json\/wp\/v2\/comments?post=2859"}],"wp:featuredmedia":[{"embeddable":true,"href":"https:\/\/dolcejewellery.com\/fr\/wp-json\/wp\/v2\/media\/7459"}],"wp:attachment":[{"href":"https:\/\/dolcejewellery.com\/fr\/wp-json\/wp\/v2\/media?parent=2859"}],"wp:term":[{"taxonomy":"product_brand","embeddable":true,"href":"https:\/\/dolcejewellery.com\/fr\/wp-json\/wp\/v2\/product_brand?post=2859"},{"taxonomy":"product_cat","embeddable":true,"href":"https:\/\/dolcejewellery.com\/fr\/wp-json\/wp\/v2\/product_cat?post=2859"},{"taxonomy":"product_tag","embeddable":true,"href":"https:\/\/dolcejewellery.com\/fr\/wp-json\/wp\/v2\/product_tag?post=2859"}],"curies":[{"name":"wp","href":"https:\/\/api.w.org\/{rel}","templated":true}]}}